{"id":30426,"date":"2018-10-31T10:14:05","date_gmt":"2018-10-31T09:14:05","guid":{"rendered":"https:\/\/prosafedz.com\/?post_type=product&#038;p=30426"},"modified":"2024-08-18T12:42:01","modified_gmt":"2024-08-18T10:42:01","slug":"yard-gilet-baudrier-double-ceinture-70242-70252-70262-70265","status":"publish","type":"product","link":"https:\/\/prosafedz.com\/fr\/produit\/yard-gilet-baudrier-double-ceinture-70242-70252-70262-70265\/","title":{"rendered":"Gilet hi-viz baudrier + double bande  R\u00e9f. : 70242-70252-70262-70265"},"content":{"rendered":"<p><strong>Packaging &amp; Stockage<\/strong><br \/>\n1 pi\u00e8ce par sachet<br \/>\n50 pi\u00e8ces par carton<br \/>\n<span style=\"color: #ff0000;\"><strong>Toujours transporter et stocker l\u2019article dans son emballage d\u2019origine. Stocker dans un endroit sec, \u00e0 l\u2019abri des rayons directs du soleil<\/strong><\/span><br \/>\n<strong>Normalisation<\/strong><br \/>\nCe v\u00eatement est conforme au mod\u00e8le de l\u2019\u00e9quipement de protection individuelle ayant fait l\u2019objet de\u00a0<strong>L\u2019attestation CE de type n\u00b0 7117 (Issue 2) pour les articles 70242, 70252, L\u2019attestation CE de type n\u00b0 5455 (Issue 1) <\/strong><strong>pour l\u2019article 70262,\u00a0<\/strong><strong>L\u2019attestation CE de type n\u00b0 7569 (Issue 2) pour l\u2019article 70265\u00a0<\/strong><strong>D\u00e9livr\u00e9es par SATRA (organisme notifi\u00e9 n\u00b0 0321)<\/strong><\/p>\n","protected":false},"excerpt":{"rendered":"<p><strong>Gilet hi-viz baudrier + double bande R\u00e9f. : 70242-70252-70262-70265<\/strong><br \/>\n<strong>Description G\u00e9n\u00e9rale \/ Mat\u00e9riaux<\/strong><br \/>\nTissu Haute-visibilit\u00e9 : 100% polyester tricot\u00e9, 120 g\/m\u00b2<br \/>\nFermeture : Fermeture par bandes agrippantes<br \/>\nBandes : Bandes r\u00e9tro r\u00e9fl\u00e9chissantes cousues<br \/>\n(2 bandes autour du torse, 1 bande sur chaque \u00e9paule)<\/p>\n<p><a href=\"https:\/\/prosafedz.com\/fr\/wp-content\/uploads\/2018\/10\/03-70242_70252_70262_70265.FT_.pdf\n\" target=\"_blank\" rel=\"noopener noreferrer\"><button style=\"background-color: #90a96b; font-seize: 20px;\"><strong>T\u00e9l\u00e9charger La Fiche Technique<\/strong><\/button><\/a><\/p>\n","protected":false},"featured_media":32709,"template":"","meta":[],"product_brand":[],"product_cat":[42],"product_tag":[1361,745],"class_list":{"0":"post-30426","1":"product","2":"type-product","3":"status-publish","4":"has-post-thumbnail","6":"product_cat-6-6-haute-visibilite","7":"product_tag-gilet-hi-viz-baudrier-double-bande-ref-70242-70252-70262-70265","8":"product_tag-yard-gilet-baudrier-double-ceinture-70242-70252-70262-70265","9":"yith_product_brand-coverguard-hiviz","11":"first","12":"instock","13":"shipping-taxable","14":"product-type-simple"},"_links":{"self":[{"href":"https:\/\/prosafedz.com\/fr\/wp-json\/wp\/v2\/product\/30426","targetHints":{"allow":["GET"]}}],"collection":[{"href":"https:\/\/prosafedz.com\/fr\/wp-json\/wp\/v2\/product"}],"about":[{"href":"https:\/\/prosafedz.com\/fr\/wp-json\/wp\/v2\/types\/product"}],"wp:featuredmedia":[{"embeddable":true,"href":"https:\/\/prosafedz.com\/fr\/wp-json\/wp\/v2\/media\/32709"}],"wp:attachment":[{"href":"https:\/\/prosafedz.com\/fr\/wp-json\/wp\/v2\/media?parent=30426"}],"wp:term":[{"taxonomy":"product_brand","embeddable":true,"href":"https:\/\/prosafedz.com\/fr\/wp-json\/wp\/v2\/product_brand?post=30426"},{"taxonomy":"product_cat","embeddable":true,"href":"https:\/\/prosafedz.com\/fr\/wp-json\/wp\/v2\/product_cat?post=30426"},{"taxonomy":"product_tag","embeddable":true,"href":"https:\/\/prosafedz.com\/fr\/wp-json\/wp\/v2\/product_tag?post=30426"}],"curies":[{"name":"wp","href":"https:\/\/api.w.org\/{rel}","templated":true}]}}