{"id":30244,"date":"2018-10-29T13:38:57","date_gmt":"2018-10-29T12:38:57","guid":{"rendered":"https:\/\/prosafedz.com\/?post_type=product&#038;p=30244"},"modified":"2024-09-15T11:32:01","modified_gmt":"2024-09-15T09:32:01","slug":"casque-anti-bruit-60750","status":"publish","type":"product","link":"https:\/\/prosafedz.com\/fr\/produit\/casque-anti-bruit-60750\/","title":{"rendered":"Antibruit + adaptateur pour casque de chantier JAUNE  R\u00e9f. : 60750"},"content":{"rendered":"<p><strong>AVANTAGES SP\u00c9CIFIQUES<\/strong><\/p>\n<p>\u2022 S\u2019adaptent avec les supports \u00e9crans r\u00e9f. 60707 et 60705 afin de pouvoir ajouter un \u00e9cran visor (r\u00e9fs. 60710, 60711 ou 60713) ou visorgrill (r\u00e9fs. 60720 ou 60721) sur le casque de chantier.<br \/>\n\u2022 SNR25,9 ; H29,3 ; M23,8 ; L15,5<\/p>\n<p><strong>PRINCIPAUX DOMAINES D\u2019UTILISATION<\/strong><\/p>\n<p>\u2022 B\u00e2timent<br \/>\n\u2022 Travaux publics<br \/>\n\u2022 Industrie bruyante<\/p>\n<p><strong>CONDITIONNEMENT<\/strong><\/p>\n<p>\u2022 Emball\u00e9s par 10 \u2022 Carton de 60<\/p>\n<p><strong>NORMALISATION<\/strong><\/p>\n<p>Cet anti-bruit est conforme au mod\u00e8le de l\u2019\u00e9quipement de protection individuelle ayant fait l\u2019objet de<br \/>\n<strong>L\u2019attestation CE de type 0501\/1747\/159\/10\/13\/0503<\/strong><br \/>\n<strong>D\u00e9livr\u00e9e par CRITT (organisme n\u00b0 0501)<\/strong><\/p>\n","protected":false},"excerpt":{"rendered":"<p><strong>Antibruit + adaptateur pour casque de chantier JAUNE R\u00e9f. : 60750<\/strong><\/p>\n<p><strong>DESCRIPTIF G\u00c9N\u00c9RAL ET MATI\u00c8RES<\/strong><\/p>\n<p>\u2022 Anti-bruits avec adaptateur pour casque de chantier<br \/>\n\u2022 N\u00e9cessitent un casque avec fentes pr\u00e9d\u00e9coup\u00e9es pour les accrocher<\/p>\n<p><a href=\"https:\/\/prosafedz.com\/fr\/wp-content\/uploads\/2018\/10\/60750-fr-exp.pdf\n\" target=\"_blank\" rel=\"noopener noreferrer\"><button style=\"background-color: #90a96b; font-seize: 20px;\"><strong>T\u00e9l\u00e9charger La Fiche Technique<\/strong><\/button><\/a><\/p>\n","protected":false},"featured_media":32571,"template":"","meta":[],"product_brand":[],"product_cat":[706],"product_tag":[1329,705],"class_list":{"0":"post-30244","1":"product","2":"type-product","3":"status-publish","4":"has-post-thumbnail","6":"product_cat-4-3-coquilles-anti-bruit-a-fixer-sur-casque","7":"product_tag-antibruit-adaptateur-pour-casque-de-chantier-jaune-ref-60750","8":"product_tag-casque-anti-bruit-60750","9":"yith_product_brand-earline","11":"first","12":"instock","13":"shipping-taxable","14":"product-type-simple"},"_links":{"self":[{"href":"https:\/\/prosafedz.com\/fr\/wp-json\/wp\/v2\/product\/30244","targetHints":{"allow":["GET"]}}],"collection":[{"href":"https:\/\/prosafedz.com\/fr\/wp-json\/wp\/v2\/product"}],"about":[{"href":"https:\/\/prosafedz.com\/fr\/wp-json\/wp\/v2\/types\/product"}],"wp:featuredmedia":[{"embeddable":true,"href":"https:\/\/prosafedz.com\/fr\/wp-json\/wp\/v2\/media\/32571"}],"wp:attachment":[{"href":"https:\/\/prosafedz.com\/fr\/wp-json\/wp\/v2\/media?parent=30244"}],"wp:term":[{"taxonomy":"product_brand","embeddable":true,"href":"https:\/\/prosafedz.com\/fr\/wp-json\/wp\/v2\/product_brand?post=30244"},{"taxonomy":"product_cat","embeddable":true,"href":"https:\/\/prosafedz.com\/fr\/wp-json\/wp\/v2\/product_cat?post=30244"},{"taxonomy":"product_tag","embeddable":true,"href":"https:\/\/prosafedz.com\/fr\/wp-json\/wp\/v2\/product_tag?post=30244"}],"curies":[{"name":"wp","href":"https:\/\/api.w.org\/{rel}","templated":true}]}}