{"id":30230,"date":"2018-10-29T13:30:01","date_gmt":"2018-10-29T12:30:01","guid":{"rendered":"https:\/\/prosafedz.com\/?post_type=product&#038;p=30230"},"modified":"2024-09-15T11:34:06","modified_gmt":"2024-09-15T09:34:06","slug":"casque-anti-bruit-31040","status":"publish","type":"product","link":"https:\/\/prosafedz.com\/fr\/produit\/casque-anti-bruit-31040\/","title":{"rendered":"Casque antibruit EARLINE Max 400 R\u00e9f 31040"},"content":{"rendered":"<p><strong>LES + :<\/strong><\/p>\n<p><strong>&#8211; Protection auditive mod\u00e9r\u00e9e.<\/strong><br \/>\n<strong>&#8211; Compatible avec serre t\u00eate de protecteur facial et casque de chantier.<\/strong><br \/>\n<strong>&#8211; Qualit\u00e9 haute performance 3 positions possibles, sur la t\u00eate, sur la nuque ou sous le menton.<\/strong><br \/>\n<strong>&#8211; Arceau r\u00e9glable, avec renfort et coussinets PVC sensation cuir.<\/strong><\/p>\n<p><strong>EXEMPLES D\u2019APPLICATIONS<br \/>\n&#8211;<\/strong> Particuli\u00e8rement adapt\u00e9 pour les milieux dangereux n\u00e9cessitant \u00e9galement une protection de la t\u00eate<br \/>\n<strong>&#8211;<\/strong> B\u00e2timent et travaux publics<br \/>\n<strong>&#8211;<\/strong> A\u00e9ronautique<br \/>\n<strong>SECTEURS<\/strong><br \/>\n<strong>&#8211;<\/strong> Industries lourdes et de process (sid\u00e9rurgie, m\u00e9tallurgie, papier, b\u00e9ton, pl\u00e2tre\u2026)<br \/>\n<strong>&#8211;<\/strong> Industries l\u00e9g\u00e8res (textile, cuir, plasturgie, caoutchouc, meubles, luxe\u2026)<br \/>\n<strong>&#8211;<\/strong> Infrastructures, BTP, TP<br \/>\n<strong>&#8211;<\/strong> Second-\u0153uvre du b\u00e2timent<br \/>\n<strong>&#8211;<\/strong> Bricolage<br \/>\n<strong>CONDITIONNEMENT DE VENTE<\/strong><br \/>\n<strong>&#8211;<\/strong> Emballage individuel<br \/>\n<strong>NORME(S)<\/strong><br \/>\nCet \u00e9quipement est conforme au mod\u00e8le de l&rsquo;\u00e9quipement de protection individuelle ayant fait l&rsquo;objet de l&rsquo;attestation CE de type <strong>704146.<br \/>\n<\/strong>D\u00e9livr\u00e9 par<strong> BSI Group<br \/>\nEN352-1:2002<\/strong><\/p>\n","protected":false},"excerpt":{"rendered":"<p>&#8211; Coquilles en ABS jaune.<\/p>\n<p>&#8211; Arceau r\u00e9glable noir avec renfort matelass\u00e9 sensation cuir.<\/p>\n<p>&#8211; Coussinets PVC noir sensation cuir.<\/p>\n<p><a href=\"http:\/\/prosafedz.com\/fr\/wp-content\/uploads\/2023\/03\/MO31040.pdf\" target=\"_blank\" rel=\"noopener noreferrer\"><button style=\"background-color: #90a96b; font-seize: 20px;\"><strong>T\u00e9l\u00e9charger La Fiche Technique<\/strong><\/button><\/a><\/p>\n","protected":false},"featured_media":34361,"template":"","meta":[],"product_brand":[],"product_cat":[696],"product_tag":[698,1333],"class_list":{"0":"post-30230","1":"product","2":"type-product","3":"status-publish","4":"has-post-thumbnail","6":"product_cat-4-4-casque-anti-bruit","7":"product_tag-casque-anti-bruit-31040","8":"product_tag-casque-antibruit-earline-max-400-sachet-individuel-ref-31040","9":"yith_product_brand-earline","11":"first","12":"instock","13":"shipping-taxable","14":"product-type-simple"},"_links":{"self":[{"href":"https:\/\/prosafedz.com\/fr\/wp-json\/wp\/v2\/product\/30230","targetHints":{"allow":["GET"]}}],"collection":[{"href":"https:\/\/prosafedz.com\/fr\/wp-json\/wp\/v2\/product"}],"about":[{"href":"https:\/\/prosafedz.com\/fr\/wp-json\/wp\/v2\/types\/product"}],"wp:featuredmedia":[{"embeddable":true,"href":"https:\/\/prosafedz.com\/fr\/wp-json\/wp\/v2\/media\/34361"}],"wp:attachment":[{"href":"https:\/\/prosafedz.com\/fr\/wp-json\/wp\/v2\/media?parent=30230"}],"wp:term":[{"taxonomy":"product_brand","embeddable":true,"href":"https:\/\/prosafedz.com\/fr\/wp-json\/wp\/v2\/product_brand?post=30230"},{"taxonomy":"product_cat","embeddable":true,"href":"https:\/\/prosafedz.com\/fr\/wp-json\/wp\/v2\/product_cat?post=30230"},{"taxonomy":"product_tag","embeddable":true,"href":"https:\/\/prosafedz.com\/fr\/wp-json\/wp\/v2\/product_tag?post=30230"}],"curies":[{"name":"wp","href":"https:\/\/api.w.org\/{rel}","templated":true}]}}