{"id":30226,"date":"2018-10-29T13:27:24","date_gmt":"2018-10-29T12:27:24","guid":{"rendered":"https:\/\/prosafedz.com\/?post_type=product&#038;p=30226"},"modified":"2024-09-15T11:34:31","modified_gmt":"2024-09-15T09:34:31","slug":"casque-anti-bruit-31020","status":"publish","type":"product","link":"https:\/\/prosafedz.com\/fr\/produit\/casque-anti-bruit-31020\/","title":{"rendered":"Casque antibruit EARLINE Max 200 R\u00e9f 31020"},"content":{"rendered":"<p><strong>LES + :<\/strong><\/p>\n<p><strong>&#8211; Protection auditive accrue.<\/strong><br \/>\n<strong>&#8211; Arceau r\u00e9glable 3 positions.<\/strong><br \/>\n<strong>&#8211; Coussinets PVC sensation cuir.<\/strong><\/p>\n<p><strong>EXEMPLES D\u2019APPLICATIONS<br \/>\n&#8211;<\/strong> B\u00e2timent et travaux publics<br \/>\n<strong>&#8211;<\/strong> A\u00e9ronautique<br \/>\n<strong>SECTEURS<\/strong><br \/>\n<strong>&#8211;<\/strong> Industries l\u00e9g\u00e8res<br \/>\n<strong>&#8211;<\/strong> Infrastructures, BTP, TP<br \/>\n<strong>&#8211;<\/strong> Second-\u0153uvre du b\u00e2timent<br \/>\n<strong>CONDITIONNEMENT DE VENTE<\/strong><br \/>\n<strong>&#8211;<\/strong> Emballage individuel<br \/>\n<strong>NORME(S)<\/strong><br \/>\nCet \u00e9quipement est conforme au mod\u00e8le de l&rsquo;\u00e9quipement de protection individuelle ayant fait l&rsquo;objet de l&rsquo;attestation CE de type <strong>704146.<br \/>\n<\/strong>D\u00e9livr\u00e9e par<strong> CRITT<br \/>\nEN352-1:2002<\/strong><\/p>\n","protected":false},"excerpt":{"rendered":"<p><strong>&#8211; Coquilles en ABS rouge.<\/strong><\/p>\n<p><strong>&#8211; Arceau r\u00e9glable noir.<\/strong><\/p>\n<p><strong>&#8211; Coussinets PVC sensation cuir.<\/strong><\/p>\n<p><a href=\"http:\/\/prosafedz.com\/fr\/wp-content\/uploads\/2023\/02\/MO31020.pdf\" target=\"_blank\" rel=\"noopener noreferrer\"><button style=\"background-color: #90a96b; font-seize: 20px;\"><strong>T\u00e9l\u00e9charger La Fiche Technique<\/strong><\/button><\/a><\/p>\n","protected":false},"featured_media":34350,"template":"","meta":[],"product_brand":[],"product_cat":[696],"product_tag":[695,1332],"class_list":{"0":"post-30226","1":"product","2":"type-product","3":"status-publish","4":"has-post-thumbnail","6":"product_cat-4-4-casque-anti-bruit","7":"product_tag-casque-anti-bruit-31020","8":"product_tag-casque-antibruit-earline-max-200-sachet-individuel-ref-31020","9":"yith_product_brand-earline","11":"first","12":"instock","13":"shipping-taxable","14":"product-type-simple"},"_links":{"self":[{"href":"https:\/\/prosafedz.com\/fr\/wp-json\/wp\/v2\/product\/30226","targetHints":{"allow":["GET"]}}],"collection":[{"href":"https:\/\/prosafedz.com\/fr\/wp-json\/wp\/v2\/product"}],"about":[{"href":"https:\/\/prosafedz.com\/fr\/wp-json\/wp\/v2\/types\/product"}],"wp:featuredmedia":[{"embeddable":true,"href":"https:\/\/prosafedz.com\/fr\/wp-json\/wp\/v2\/media\/34350"}],"wp:attachment":[{"href":"https:\/\/prosafedz.com\/fr\/wp-json\/wp\/v2\/media?parent=30226"}],"wp:term":[{"taxonomy":"product_brand","embeddable":true,"href":"https:\/\/prosafedz.com\/fr\/wp-json\/wp\/v2\/product_brand?post=30226"},{"taxonomy":"product_cat","embeddable":true,"href":"https:\/\/prosafedz.com\/fr\/wp-json\/wp\/v2\/product_cat?post=30226"},{"taxonomy":"product_tag","embeddable":true,"href":"https:\/\/prosafedz.com\/fr\/wp-json\/wp\/v2\/product_tag?post=30226"}],"curies":[{"name":"wp","href":"https:\/\/api.w.org\/{rel}","templated":true}]}}