{"id":30212,"date":"2018-10-29T13:04:13","date_gmt":"2018-10-29T12:04:13","guid":{"rendered":"https:\/\/prosafedz.com\/?post_type=product&#038;p=30212"},"modified":"2024-09-15T11:34:52","modified_gmt":"2024-09-15T09:34:52","slug":"bouchons-anti-bruit-avec-arceau-30220-30221","status":"publish","type":"product","link":"https:\/\/prosafedz.com\/fr\/produit\/bouchons-anti-bruit-avec-arceau-30220-30221\/","title":{"rendered":"Bouchon BUP antibruit en mousse PU avec arceau R\u00e9f 30220+30221"},"content":{"rendered":"<p><strong>LES + :<\/strong><\/p>\n<p><strong>&#8211; Protection auditive mod\u00e9r\u00e9e.<\/strong><br \/>\n<strong>&#8211; Confortable et l\u00e9ger.<\/strong><br \/>\n<strong>&#8211; Simple d&rsquo;utilisation : \u00e0 porter sous le menton.<\/strong><\/p>\n<p><strong>EXEMPLES D\u2019APPLICATIONS<br \/>\n&#8211;<\/strong> Milieux industriels bruyants<br \/>\n<strong>&#8211;<\/strong> BTP<br \/>\n<strong>&#8211;<\/strong> Activit\u00e9s sportives et de loisirs bruyantes<br \/>\n<strong>SECTEURS<\/strong><br \/>\n<strong>&#8211;<\/strong> Constructions m\u00e9caniques (industrie automobile, a\u00e9ronautique, v\u00e9hicules de transport)<br \/>\n<strong>&#8211;<\/strong> Industries l\u00e9g\u00e8res (textile, cuir, plasturgie, caoutchouc, meubles, luxe\u2026)<br \/>\n<strong>&#8211;<\/strong> Infrastructures, BTP, TP<br \/>\n<strong>&#8211;<\/strong> Bricolage<br \/>\n<strong>CONDITIONNEMENT DE VENTE<\/strong><br \/>\n<strong>R\u00e9f 30220 :<br \/>\n&#8211;<\/strong> 1 arceau dans un sachet<br \/>\n<strong>&#8211;<\/strong> 40 arceaux par bo\u00eete<br \/>\n<strong>&#8211;<\/strong> 10 boites par carton (400 arceaux)<br \/>\n<strong>R\u00e9f 30221 :<br \/>\n&#8211;<\/strong> 1 Sachet de 200 paires<br \/>\n<strong>&#8211;<\/strong> 10 sachets par carton (2000 paires)<br \/>\n<strong>NORME(S)<\/strong><br \/>\nCet \u00e9quipement est conforme au mod\u00e8le de l&rsquo;\u00e9quipement de protection individuelle ayant fait l&rsquo;objet de l&rsquo;attestation CE de type <strong>2519.<br \/>\n<\/strong>D\u00e9livr\u00e9e par<strong> INSPEC International Ltd<br \/>\nEN352-2:2002<\/strong><\/p>\n","protected":false},"excerpt":{"rendered":"<p><strong>&#8211; Arceau en polypropyl\u00e8ne noir.<\/strong><\/p>\n<p><strong>&#8211; Bouchons en mousse de polyur\u00e9thane jaune, \u00e0 usage unique, forme de demi sph\u00e8re.<\/strong><\/p>\n<p><a href=\"http:\/\/prosafedz.com\/fr\/wp-content\/uploads\/2023\/02\/MO30220.pdf\" target=\"_blank\" rel=\"noopener noreferrer\"><button style=\"background-color: #90a96b; font-seize: 20px;\"><strong>T\u00e9l\u00e9charger La Fiche Technique<\/strong><\/button><\/a><\/p>\n","protected":false},"featured_media":34334,"template":"","meta":[],"product_brand":[],"product_cat":[688],"product_tag":[1328,1325,687,1326],"class_list":{"0":"post-30212","1":"product","2":"type-product","3":"status-publish","4":"has-post-thumbnail","6":"product_cat-4-2-arceaux-auditifs","7":"product_tag-1-paire-par-boite-50-paires-ref-30220","8":"product_tag-bouchon-bup-antibruit-avec-corde","9":"product_tag-bouchons-anti-bruit-avec-arceau-30220-30221","10":"product_tag-jaune","11":"yith_product_brand-coverguard","13":"first","14":"instock","15":"shipping-taxable","16":"product-type-simple"},"_links":{"self":[{"href":"https:\/\/prosafedz.com\/fr\/wp-json\/wp\/v2\/product\/30212","targetHints":{"allow":["GET"]}}],"collection":[{"href":"https:\/\/prosafedz.com\/fr\/wp-json\/wp\/v2\/product"}],"about":[{"href":"https:\/\/prosafedz.com\/fr\/wp-json\/wp\/v2\/types\/product"}],"wp:featuredmedia":[{"embeddable":true,"href":"https:\/\/prosafedz.com\/fr\/wp-json\/wp\/v2\/media\/34334"}],"wp:attachment":[{"href":"https:\/\/prosafedz.com\/fr\/wp-json\/wp\/v2\/media?parent=30212"}],"wp:term":[{"taxonomy":"product_brand","embeddable":true,"href":"https:\/\/prosafedz.com\/fr\/wp-json\/wp\/v2\/product_brand?post=30212"},{"taxonomy":"product_cat","embeddable":true,"href":"https:\/\/prosafedz.com\/fr\/wp-json\/wp\/v2\/product_cat?post=30212"},{"taxonomy":"product_tag","embeddable":true,"href":"https:\/\/prosafedz.com\/fr\/wp-json\/wp\/v2\/product_tag?post=30212"}],"curies":[{"name":"wp","href":"https:\/\/api.w.org\/{rel}","templated":true}]}}