{"id":30202,"date":"2018-10-29T12:54:57","date_gmt":"2018-10-29T11:54:57","guid":{"rendered":"https:\/\/prosafedz.com\/?post_type=product&#038;p=30202"},"modified":"2024-09-15T11:35:13","modified_gmt":"2024-09-15T09:35:13","slug":"bouchon-anti-bruit-30205-30208","status":"publish","type":"product","link":"https:\/\/prosafedz.com\/fr\/produit\/bouchon-anti-bruit-30205-30208\/","title":{"rendered":"Bouchon BIP antibruit PU R\u00e9f 30205"},"content":{"rendered":"<p><strong>LES + :<\/strong><\/p>\n<p><strong>&#8211; Protection auditive \u00e9lev\u00e9e.<\/strong><br \/>\n<strong>&#8211; Adaptation au conduit auditif.<\/strong><br \/>\n<strong>&#8211; Utilisation prolong\u00e9e.<\/strong><br \/>\n<strong>&#8211; Utilisation possible en double protection sous un casque antibruit.<\/strong><\/p>\n<p><strong>EXEMPLES D\u2019APPLICATIONS<br \/>\n&#8211;<\/strong> Milieux industriels bruyants<br \/>\n<strong>&#8211;<\/strong> BTP<br \/>\n<strong>&#8211;<\/strong> activit\u00e9s sportives et de loisirs bruyantes<br \/>\n<strong>SECTEURS<\/strong><br \/>\n<strong>&#8211;<\/strong> Industries lourdes et de process<br \/>\n<strong>&#8211;<\/strong> Constructions m\u00e9caniques<br \/>\n<strong>&#8211;<\/strong> Industries l\u00e9g\u00e8res<br \/>\n<strong>&#8211;<\/strong> Infrastructures, BTP, TP<br \/>\n<strong>&#8211;<\/strong> Bricolage<br \/>\n<strong>CONDITIONNEMENT DE VENTE<\/strong><br \/>\n<strong>&#8211;<\/strong> Sachet individuel pour une paire<br \/>\n<strong>&#8211;<\/strong> Bo\u00eete de 200 paires<br \/>\n<strong>&#8211;<\/strong> Carton de 10 bo\u00eetes<br \/>\n<strong>NORME(S)<\/strong><br \/>\nCet \u00e9quipement est conforme au mod\u00e8le de l&rsquo;\u00e9quipement de protection individuelle ayant fait l&rsquo;objet de l&rsquo;attestation CE de type <strong>CE-PI- 20200218-02-01-9B.<br \/>\n<\/strong>D\u00e9livr\u00e9 par<strong> CCQS Certification<br \/>\nEN352-2:2002<\/strong><\/p>\n","protected":false},"excerpt":{"rendered":"<p><strong>&#8211; Bouchons d\u2019oreille en mousse de polyur\u00e9thane orange.<\/strong><\/p>\n<p><strong>&#8211; Forme conique.<\/strong><\/p>\n<p><a href=\"http:\/\/prosafedz.com\/fr\/wp-content\/uploads\/2023\/02\/MO30205.pdf\" target=\"_blank\" rel=\"noopener noreferrer\"><button style=\"background-color: #90a96b; font-seize: 20px;\"><strong>T\u00e9l\u00e9charger La Fiche Technique<\/strong><\/button><\/a><\/p>\n","protected":false},"featured_media":34321,"template":"","meta":[],"product_brand":[],"product_cat":[682],"product_tag":[1323],"class_list":{"0":"post-30202","1":"product","2":"type-product","3":"status-publish","4":"has-post-thumbnail","6":"product_cat-4-1-bouchons-anti-bruit","7":"product_tag-bouchon-bip-antibruit-pu-boite-200-paires-sachet-individuel-ref-30205","8":"yith_product_brand-earline","10":"first","11":"instock","12":"shipping-taxable","13":"product-type-simple"},"_links":{"self":[{"href":"https:\/\/prosafedz.com\/fr\/wp-json\/wp\/v2\/product\/30202","targetHints":{"allow":["GET"]}}],"collection":[{"href":"https:\/\/prosafedz.com\/fr\/wp-json\/wp\/v2\/product"}],"about":[{"href":"https:\/\/prosafedz.com\/fr\/wp-json\/wp\/v2\/types\/product"}],"wp:featuredmedia":[{"embeddable":true,"href":"https:\/\/prosafedz.com\/fr\/wp-json\/wp\/v2\/media\/34321"}],"wp:attachment":[{"href":"https:\/\/prosafedz.com\/fr\/wp-json\/wp\/v2\/media?parent=30202"}],"wp:term":[{"taxonomy":"product_brand","embeddable":true,"href":"https:\/\/prosafedz.com\/fr\/wp-json\/wp\/v2\/product_brand?post=30202"},{"taxonomy":"product_cat","embeddable":true,"href":"https:\/\/prosafedz.com\/fr\/wp-json\/wp\/v2\/product_cat?post=30202"},{"taxonomy":"product_tag","embeddable":true,"href":"https:\/\/prosafedz.com\/fr\/wp-json\/wp\/v2\/product_tag?post=30202"}],"curies":[{"name":"wp","href":"https:\/\/api.w.org\/{rel}","templated":true}]}}