{"id":30149,"date":"2018-10-29T12:15:59","date_gmt":"2018-10-29T11:15:59","guid":{"rendered":"https:\/\/prosafedz.com\/?post_type=product&#038;p=30149"},"modified":"2024-09-15T11:56:24","modified_gmt":"2024-09-15T09:56:24","slug":"demi-masque-a-usage-unique-ffp3-nr-d-sl-23305","status":"publish","type":"product","link":"https:\/\/prosafedz.com\/fr\/produit\/demi-masque-a-usage-unique-ffp3-nr-d-sl-23305\/","title":{"rendered":"Masque FFP3 NR D SL Pliable avec valve R\u00e9f 23305"},"content":{"rendered":"<p><strong>LES + :<\/strong><\/p>\n<p><strong>&#8211; M\u00e9dia filtrant \u00e9lectrostatique.<\/strong><br \/>\n<strong>&#8211; Bandeau \u00e9lastique coulissant pour un meilleur ajustement.<\/strong><br \/>\n<strong>&#8211; Sans latex pour minimiser les risques d&rsquo;allergie.<\/strong><br \/>\n<strong>&#8211; Contour ext\u00e9rieur scell\u00e9, diminue le risque d&rsquo;irritation.<\/strong><\/p>\n<p><strong>EXEMPLES D\u2019APPLICATIONS<br \/>\n&#8211;<\/strong> Protection contre les a\u00e9rosols solides et liquides aux toxicit\u00e9s faibles pour des concentrations jusqu\u2019\u00e0 50 fois la VL<br \/>\n<strong>&#8211;<\/strong> <strong>Ne pas utiliser dans des environnements dans lesquels la concentration d\u2019oxyg\u00e8ne est inf\u00e9rieure \u00e0 17 % Vol<br \/>\n&#8211; <\/strong>Industrie textile, artisanat, m\u00e9tallurgie, exploitation mini\u00e8re, travaux publics souterrains, menuiserie, soudure, fonte, d\u00e9coupage de m\u00e9taux, h\u00f4pitaux, laboratoires, contr\u00f4les m\u00e9dicaux, industrie pharmaceutique, traitement des d\u00e9chets toxiques, fabrication de batteries (Ni-Cad)<br \/>\n<strong>&#8211;<\/strong> Contre le carbonate de calcium, le kaolin, le ciment, la cellulose, le soufre, le coton, la farine, le charbon, les m\u00e9taux ferreux, les huiles v\u00e9g\u00e9tales, le bois, les fibres de verre, le plastique, le quartz, le cuivre, l\u2019aluminium, les bact\u00e9ries, les champignons, les tuberculoses micro-bact\u00e9riens, le chrome, le mangan\u00e8se, le nickel, le platine, la strychnine, les poussi\u00e8res et fum\u00e9es de m\u00e9taux, les virus et les enzymes<br \/>\n<strong>&#8211;<\/strong> Interventions en milieu amient\u00e9 Niveau 1 (pr\u00e9l\u00e8vements, visites d\u2019inspection)<br \/>\n<strong>SECTEURS<\/strong><br \/>\n<strong>&#8211;<\/strong> Exploitation mini\u00e8re<br \/>\n<strong>&#8211;<\/strong> Industries lourdes et de process<br \/>\n<strong>&#8211;<\/strong> Industries chimique et pharmaceutique<br \/>\n<strong>&#8211;<\/strong> Industries l\u00e9g\u00e8res (textile, cuir, plasturgie, caoutchouc, meubles, luxe\u2026)<br \/>\n<strong>&#8211;<\/strong> Collectivit\u00e9s (maintenance, entretien d\u2019espaces verts, collecte des d\u00e9chets\u2026)<br \/>\n<strong>&#8211;<\/strong> Infrastructures, BTP, TP<br \/>\n<strong>&#8211;<\/strong> Second-\u0153uvre du b\u00e2timent<br \/>\n<strong>CONDITIONNEMENT DE VENTE<\/strong><br \/>\n<strong>&#8211;<\/strong> Emballage individuel<br \/>\n<strong>NORME(S)<\/strong><br \/>\nCet \u00e9quipement est conforme au mod\u00e8le de l&rsquo;\u00e9quipement de protection individuelle ayant fait l&rsquo;objet de l&rsquo;attestation CE de type <strong>697918.<br \/>\n<\/strong>D\u00e9livr\u00e9 par<strong> BSI Group<br \/>\nEN149:2001 + A1:2009<br \/>\nFFP3 NR D<\/strong><\/p>\n","protected":false},"excerpt":{"rendered":"<p><strong>&#8211; Masque de protection \u00e0 usage unique de type FFP3D NR SL.<\/strong><\/p>\n<p><strong>&#8211; Pliable \u00e0 soupape.<\/strong><\/p>\n<p><strong>&#8211; Couche ext\u00e9rieure, int\u00e9rieure et support en polypropyl\u00e8ne.<\/strong><\/p>\n<p><strong>&#8211; M\u00e9dia filtrant en feutre \u00e0 grande efficacit\u00e9 de filtration (polypropyl\u00e8ne) \u00e9lectrostatique.<\/strong><\/p>\n<p><strong>&#8211; Pince-nez en fil de fer entour\u00e9 de poly\u00e9thyl\u00e8ne.<\/strong><\/p>\n<p><strong>&#8211; \u00c9lastique en gomme naturelle.<\/strong><\/p>\n<p><strong>&#8211; Bo\u00eetier de la soupape en polypropyl\u00e8ne et membrane en gomme synth\u00e9tique.<\/strong><\/p>\n<p><a href=\"http:\/\/prosafedz.com\/fr\/wp-content\/uploads\/2023\/01\/MO23305.pdf\" target=\"_blank\" rel=\"noopener noreferrer\"><button style=\"background-color: #90a96b; font-seize: 20px;\"><strong>T\u00e9l\u00e9charger La Fiche Technique<\/strong><\/button><\/a><\/p>\n","protected":false},"featured_media":34266,"template":"","meta":[],"product_brand":[],"product_cat":[633],"product_tag":[652,1303],"class_list":{"0":"post-30149","1":"product","2":"type-product","3":"status-publish","4":"has-post-thumbnail","6":"product_cat-3-1-masques-anti-poussieres","7":"product_tag-demi-masque-a-usage-unique-ffp3-nr-d-sl-23305","8":"product_tag-masque-ffp3-nr-d-sl-pliable-avec-valve-ref-23305","9":"yith_product_brand-sup-air","11":"first","12":"instock","13":"shipping-taxable","14":"product-type-simple"},"_links":{"self":[{"href":"https:\/\/prosafedz.com\/fr\/wp-json\/wp\/v2\/product\/30149","targetHints":{"allow":["GET"]}}],"collection":[{"href":"https:\/\/prosafedz.com\/fr\/wp-json\/wp\/v2\/product"}],"about":[{"href":"https:\/\/prosafedz.com\/fr\/wp-json\/wp\/v2\/types\/product"}],"wp:featuredmedia":[{"embeddable":true,"href":"https:\/\/prosafedz.com\/fr\/wp-json\/wp\/v2\/media\/34266"}],"wp:attachment":[{"href":"https:\/\/prosafedz.com\/fr\/wp-json\/wp\/v2\/media?parent=30149"}],"wp:term":[{"taxonomy":"product_brand","embeddable":true,"href":"https:\/\/prosafedz.com\/fr\/wp-json\/wp\/v2\/product_brand?post=30149"},{"taxonomy":"product_cat","embeddable":true,"href":"https:\/\/prosafedz.com\/fr\/wp-json\/wp\/v2\/product_cat?post=30149"},{"taxonomy":"product_tag","embeddable":true,"href":"https:\/\/prosafedz.com\/fr\/wp-json\/wp\/v2\/product_tag?post=30149"}],"curies":[{"name":"wp","href":"https:\/\/api.w.org\/{rel}","templated":true}]}}