{"id":30147,"date":"2018-10-29T12:15:10","date_gmt":"2018-10-29T11:15:10","guid":{"rendered":"https:\/\/prosafedz.com\/?post_type=product&#038;p=30147"},"modified":"2025-02-16T09:54:39","modified_gmt":"2025-02-16T08:54:39","slug":"demi-masque-a-usage-unique-ffp3-nr-d-23385","status":"publish","type":"product","link":"https:\/\/prosafedz.com\/fr\/produit\/demi-masque-a-usage-unique-ffp3-nr-d-23385\/","title":{"rendered":"Masque FFP3 NR D Pliable avec valve R\u00e9f 23385"},"content":{"rendered":"<p><strong>LES + :<\/strong><\/p>\n<p><strong>&#8211; Forte r\u00e9duction de la r\u00e9sistance respiratoire gr\u00e2ce au design sp\u00e9cifique de la soupape d&rsquo;expiration.<\/strong><br \/>\n<strong>&#8211; Pliage 3D assurant une adh\u00e9sion optimale du masque au visage du porteur avec un joint d&rsquo;\u00e9tanch\u00e9it\u00e9 sur toute la partie haute.<\/strong><br \/>\n<strong>&#8211; Bandeau \u00e9lastique sans latex pour minimiser les risques d&rsquo;allergie.<\/strong><\/p>\n<p><strong>SECTEURS<br \/>\n&#8211;<\/strong> Exploitation mini\u00e8re<br \/>\n<strong>&#8211;<\/strong> Industries lourdes et de process<br \/>\n<strong>&#8211;<\/strong> Industries chimique et pharmaceutique<br \/>\n<strong>&#8211;<\/strong> Industries l\u00e9g\u00e8res (textile, cuir, plasturgie, caoutchouc, meubles, luxe\u2026)<br \/>\n<strong>&#8211;<\/strong> Infrastructures, BTP, TP<br \/>\n<strong>&#8211;<\/strong> Second-\u0153uvre du b\u00e2timent<br \/>\n<strong>CONDITIONNEMENT DE VENTE<\/strong><br \/>\n<strong>&#8211;<\/strong> Emballage individuel<br \/>\n<strong>NORME(S)<\/strong><br \/>\nCet \u00e9quipement est conforme au mod\u00e8le de l&rsquo;\u00e9quipement de protection individuelle ayant fait l&rsquo;objet de l&rsquo;attestation CE de type <strong>CE 697918.<br \/>\n<\/strong>D\u00e9livr\u00e9 par<strong> BSI Group<br \/>\nEN149:2001 + A1:2009<br \/>\nFFP3 D<\/strong><\/p>\n","protected":false},"excerpt":{"rendered":"<p><strong>&#8211; Couche externe : SMS polypropyl\u00e8ne<\/strong><\/p>\n<p><strong>&#8211; M\u00e9dia filtrant : Polypropyl\u00e8ne \u00e9lectrostatique fondu-soufl\u00e9<\/strong><\/p>\n<p><strong>&#8211; Couche interne : Polypropyl\u00e8ne doux (SMS)<\/strong><\/p>\n<p><strong>&#8211; Elastique de serrage ajustable : Caoutchouc synth\u00e9tique sans latex<\/strong><\/p>\n<p><strong>&#8211; Coussinet nasal \/ Joint facial : Mousse de poly\u00e9thyl\u00e8ne<\/strong><\/p>\n<p><strong>&#8211; Pince-nez : Poly\u00e9thyl\u00e8ne renforc\u00e9<\/strong><\/p>\n<p><strong>&#8211; Poids : 18g<\/strong><\/p>\n<p><a href=\"http:\/\/prosafedz.com\/fr\/wp-content\/uploads\/2023\/01\/MO23385.pdf\" target=\"_blank\" rel=\"noopener noreferrer\"><button style=\"background-color: #90a96b; font-seize: 20px;\"><strong>T\u00e9l\u00e9charger La Fiche Technique<\/strong><\/button><\/a><\/p>\n","protected":false},"featured_media":34280,"template":"","meta":[],"product_brand":[],"product_cat":[633],"product_tag":[651,1306],"class_list":{"0":"post-30147","1":"product","2":"type-product","3":"status-publish","4":"has-post-thumbnail","6":"product_cat-3-1-masques-anti-poussieres","7":"product_tag-demi-masque-a-usage-unique-ffp3-nr-d-23385","8":"product_tag-masque-ffp3-nr-d-pliable-avec-valve-ref-23385","9":"yith_product_brand-sup-air","11":"first","12":"instock","13":"shipping-taxable","14":"product-type-simple"},"_links":{"self":[{"href":"https:\/\/prosafedz.com\/fr\/wp-json\/wp\/v2\/product\/30147","targetHints":{"allow":["GET"]}}],"collection":[{"href":"https:\/\/prosafedz.com\/fr\/wp-json\/wp\/v2\/product"}],"about":[{"href":"https:\/\/prosafedz.com\/fr\/wp-json\/wp\/v2\/types\/product"}],"wp:featuredmedia":[{"embeddable":true,"href":"https:\/\/prosafedz.com\/fr\/wp-json\/wp\/v2\/media\/34280"}],"wp:attachment":[{"href":"https:\/\/prosafedz.com\/fr\/wp-json\/wp\/v2\/media?parent=30147"}],"wp:term":[{"taxonomy":"product_brand","embeddable":true,"href":"https:\/\/prosafedz.com\/fr\/wp-json\/wp\/v2\/product_brand?post=30147"},{"taxonomy":"product_cat","embeddable":true,"href":"https:\/\/prosafedz.com\/fr\/wp-json\/wp\/v2\/product_cat?post=30147"},{"taxonomy":"product_tag","embeddable":true,"href":"https:\/\/prosafedz.com\/fr\/wp-json\/wp\/v2\/product_tag?post=30147"}],"curies":[{"name":"wp","href":"https:\/\/api.w.org\/{rel}","templated":true}]}}