{"id":30126,"date":"2018-10-29T12:02:22","date_gmt":"2018-10-29T11:02:22","guid":{"rendered":"https:\/\/prosafedz.com\/?post_type=product&#038;p=30126"},"modified":"2024-09-15T11:57:47","modified_gmt":"2024-09-15T09:57:47","slug":"demi-masque-a-usage-unique-ffp2-nr-d-23206","status":"publish","type":"product","link":"https:\/\/prosafedz.com\/fr\/produit\/demi-masque-a-usage-unique-ffp2-nr-d-23206\/","title":{"rendered":"Masque FFP2 NR D SL Coque avec valve R\u00e9f 23206"},"content":{"rendered":"<p><strong>LES + :<\/strong><\/p>\n<p><strong>&#8211; M\u00e9dia filtrant \u00e9lectrostatique.<\/strong><br \/>\n<strong>&#8211; contour ext\u00e9rieur soud\u00e9, diminue le risque d&rsquo;irritation.<\/strong><br \/>\n<strong>&#8211; Soupape d&rsquo;expiration permet de r\u00e9duire la r\u00e9sistance respiratoire et l&rsquo;humidit\u00e9 \u00e0 l&rsquo;int\u00e9rieur du masque.<\/strong><br \/>\n<strong>&#8211; Barrette nasale r\u00e9glable en aluminium et coussinet nasal confortable en mousse poly\u00e9thyl\u00e8ne.<\/strong><br \/>\n<strong>&#8211; bandeau \u00e9lastique sans latex pour minimiser les risques d&rsquo;allergie.<\/strong><\/p>\n<p><strong>EXEMPLES D\u2019APPLICATIONS<br \/>\n&#8211;<\/strong> Protection contre les a\u00e9rosols solides et liquides aux toxicit\u00e9s faibles \u00e0 moyennes pour des concentrations jusqu\u2019\u00e0 12 fois la VME<br \/>\n<strong>&#8211;<\/strong> Industrie textile, artisanat, m\u00e9tallurgie, exploitation mini\u00e8re, travaux publics souterrains, menuiserie, \u00e9b\u00e9nisterie, soudure, fonte, d\u00e9coupage des m\u00e9taux, h\u00f4pitaux, laboratoires, contr\u00f4les m\u00e9dicaux<br \/>\n<strong>&#8211;<\/strong> Contre le carbonate de calcium, le kaolin, le ciment, la cellulose, le soufre, le coton, la farine, le charbon, les m\u00e9taux ferreux, les huiles v\u00e9g\u00e9tales, le bois, les fibres de verre, le plastique, le quartz, le cuivre, l\u2019aluminium, les bact\u00e9ries, les champignons, les tuberculoses micro-bact\u00e9rien<br \/>\n<strong>&#8211; Ne pas utiliser dans des environnements dans lesquels la concentration d\u2019oxyg\u00e8ne est inf\u00e9rieure \u00e0 17 % Vol<br \/>\nSECTEURS<br \/>\n&#8211; <\/strong>Industries lourdes et de process<br \/>\n<strong>&#8211;<\/strong> Industries chimique et pharmaceutique<br \/>\n<strong>&#8211;<\/strong> Infrastructures, BTP, TP<br \/>\n<strong>&#8211;<\/strong> Second-\u0153uvre du b\u00e2timent<br \/>\n<strong>&#8211;<\/strong> Bricolage<br \/>\n<strong>CONDITIONNEMENT DE VENTE<\/strong><br \/>\n<strong>&#8211;<\/strong> Carton de 120 masques<br \/>\n<strong>&#8211;<\/strong> Sachet de 10 masques<br \/>\n<strong>NORME(S)<\/strong><br \/>\nCet \u00e9quipement est conforme au mod\u00e8le de l&rsquo;\u00e9quipement de protection individuelle ayant fait l&rsquo;objet de l&rsquo;attestation CE de type <strong>CE 697918.<br \/>\n<\/strong>D\u00e9livr\u00e9 par<strong> BSI Group The Netherlands<br \/>\nEN149:2001 + A1:2009<br \/>\nFFP2 NR D<\/strong><\/p>\n","protected":false},"excerpt":{"rendered":"<p><strong>&#8211; Masque de protection \u00e0 usage unique de type FFP2D SL \u00e0 soupape d\u2019expiration.<\/strong><\/p>\n<p><strong>&#8211; Coque \u00e0 soupape.<\/strong><\/p>\n<p><strong>&#8211; M\u00e9dia filtrant en feutre \u00e0 grande efficacit\u00e9 de filtration (polypropyl\u00e8ne) \u00e9lectrostatique.<\/strong><\/p>\n<p><strong>&#8211; Serrage \u00e9lastique en gomme naturelle sans latex.<\/strong><\/p>\n<p><strong>&#8211; Couche ext\u00e9rieure et int\u00e9rieure en polypropyl\u00e8ne.<\/strong><\/p>\n<p><strong>&#8211; Pince-nez en aluminium.<\/strong><\/p>\n<p><strong>&#8211; Coussinet nasal en mousse de poly\u00e9thyl\u00e8ne.<\/strong><\/p>\n<p><strong>&#8211; Bo\u00eetier de la soupape en polypropyl\u00e8ne.<\/strong><\/p>\n<p><strong>&#8211; Membrane de la soupape en gomme synth\u00e9tique.<\/strong><\/p>\n<p><a href=\"http:\/\/prosafedz.com\/fr\/wp-content\/uploads\/2023\/01\/MO23206.pdf\" target=\"_blank\" rel=\"noopener noreferrer\"><button style=\"background-color: #90a96b; font-seize: 20px;\"><strong>T\u00e9l\u00e9charger La Fiche Technique<\/strong><\/button><\/a><\/p>\n","protected":false},"featured_media":34237,"template":"","meta":[],"product_brand":[],"product_cat":[633],"product_tag":[646,1296],"class_list":{"0":"post-30126","1":"product","2":"type-product","3":"status-publish","4":"has-post-thumbnail","6":"product_cat-3-1-masques-anti-poussieres","7":"product_tag-demi-masque-a-usage-unique-ffp2-nr-d-23206","8":"product_tag-masque-ffp2-nr-d-sl-coque-avec-valve-ref-23206","9":"yith_product_brand-sup-air","11":"first","12":"instock","13":"shipping-taxable","14":"product-type-simple"},"_links":{"self":[{"href":"https:\/\/prosafedz.com\/fr\/wp-json\/wp\/v2\/product\/30126","targetHints":{"allow":["GET"]}}],"collection":[{"href":"https:\/\/prosafedz.com\/fr\/wp-json\/wp\/v2\/product"}],"about":[{"href":"https:\/\/prosafedz.com\/fr\/wp-json\/wp\/v2\/types\/product"}],"wp:featuredmedia":[{"embeddable":true,"href":"https:\/\/prosafedz.com\/fr\/wp-json\/wp\/v2\/media\/34237"}],"wp:attachment":[{"href":"https:\/\/prosafedz.com\/fr\/wp-json\/wp\/v2\/media?parent=30126"}],"wp:term":[{"taxonomy":"product_brand","embeddable":true,"href":"https:\/\/prosafedz.com\/fr\/wp-json\/wp\/v2\/product_brand?post=30126"},{"taxonomy":"product_cat","embeddable":true,"href":"https:\/\/prosafedz.com\/fr\/wp-json\/wp\/v2\/product_cat?post=30126"},{"taxonomy":"product_tag","embeddable":true,"href":"https:\/\/prosafedz.com\/fr\/wp-json\/wp\/v2\/product_tag?post=30126"}],"curies":[{"name":"wp","href":"https:\/\/api.w.org\/{rel}","templated":true}]}}