{"id":30116,"date":"2018-10-29T11:57:22","date_gmt":"2018-10-29T10:57:22","guid":{"rendered":"https:\/\/prosafedz.com\/?post_type=product&#038;p=30116"},"modified":"2025-02-16T09:54:54","modified_gmt":"2025-02-16T08:54:54","slug":"demi-masque-a-usage-unique-ffp2-nr-d-sl-23200","status":"publish","type":"product","link":"https:\/\/prosafedz.com\/fr\/produit\/demi-masque-a-usage-unique-ffp2-nr-d-sl-23200\/","title":{"rendered":"Masque FFP2 NR D SL Pliable R\u00e9f 23200"},"content":{"rendered":"<p><strong>LES + :<\/strong><\/p>\n<p><strong>&#8211; M\u00e9dia filtrant \u00e9lectrostatique.<\/strong><br \/>\n<strong>&#8211; Bandeau \u00e9lastique coulissant pour un meilleur ajustement.<\/strong><br \/>\n<strong>&#8211; Sans latex pour minimiser les risques d&rsquo;allergie.<\/strong><br \/>\n<strong>&#8211; Contour ext\u00e9rieur scell\u00e9.<\/strong><\/p>\n<p><strong>EXEMPLES D\u2019APPLICATIONS<br \/>\n&#8211; <\/strong>Pour des utilisations occasionnelles en ambiance tr\u00e8s poussi\u00e9reuse<br \/>\n<strong>&#8211;<\/strong> Protections contre les a\u00e9rosols solides et liquides aux toxicit\u00e9s faibles, par exemple, le carbonate de calcium, le kaolin, le ciment, la cellulose, le soufre, le coton, la farine, le charbon, les m\u00e9taux ferreux, les huiles v\u00e9g\u00e9tales, le bois, les fibres de verre, le plastique, le quartz, le cuivre, l\u2019aluminium, les bact\u00e9ries, les champignons, et le bacille de la tuberculose<br \/>\n<strong>&#8211;<\/strong> Industrie textile<br \/>\n<strong>&#8211;<\/strong> artisanat<br \/>\n<strong>&#8211;<\/strong> m\u00e9tallurgie<br \/>\n<strong>&#8211;<\/strong> exploitation mini\u00e8re<br \/>\n<strong>&#8211;<\/strong> travaux publics souterrains<br \/>\n<strong>&#8211;<\/strong> menuiserie<br \/>\n<strong>&#8211;<\/strong> \u00e9b\u00e9nisterie<br \/>\n<strong>&#8211;<\/strong> fum\u00e9es m\u00e9talliques de soudure<br \/>\n<strong>&#8211;<\/strong> fonte et d\u00e9coupe de m\u00e9taux<br \/>\n<strong>&#8211;<\/strong> h\u00f4pitaux<br \/>\n<strong>&#8211;<\/strong> laboratoire<br \/>\n<strong>&#8211;<\/strong> contr\u00f4les m\u00e9dicaux<br \/>\n<strong>SECTEURS<\/strong><br \/>\n<strong>&#8211;<\/strong> Industries lourdes et de process<br \/>\n<strong>&#8211;<\/strong> Industries chimique et pharmaceutique<br \/>\n<strong>&#8211;<\/strong> Industries l\u00e9g\u00e8res (textile, cuir, plasturgie, caoutchouc, meubles, luxe\u2026)<br \/>\n<strong>&#8211;<\/strong> Infrastructures, BTP, TP<br \/>\n<strong>&#8211;<\/strong> Second-\u0153uvre du b\u00e2timent<br \/>\n<strong>&#8211;<\/strong> Bricolage<br \/>\n<strong>CONDITIONNEMENT DE VENTE<\/strong><br \/>\n<strong>&#8211;<\/strong> Emballage individuel<br \/>\n<strong>NORME(S)<\/strong><br \/>\nCet \u00e9quipement est conforme au mod\u00e8le de l&rsquo;\u00e9quipement de protection individuelle ayant fait l&rsquo;objet de l&rsquo;attestation CE de type <strong>697918.<br \/>\n<\/strong>D\u00e9livr\u00e9 par<strong> BSI Assurance UK Ltd<br \/>\nEN149:2001 + A1:2009<br \/>\nFFP2 NR D<\/strong><\/p>\n","protected":false},"excerpt":{"rendered":"<p><strong>&#8211; Masque de protection \u00e0 usage unique type FFP2D SL.<\/strong><\/p>\n<p><strong>&#8211; Pliable.<\/strong><\/p>\n<p><strong>&#8211; Couche ext\u00e9rieure, int\u00e9rieure et support en polypropyl\u00e8ne.<\/strong><\/p>\n<p><strong>&#8211; Pince-nez en fil de fer entour\u00e9 de poly\u00e9thyl\u00e8ne.<\/strong><\/p>\n<p><strong>&#8211; Serrage \u00e9lastique en gomme naturelle.<\/strong><\/p>\n<p><strong>&#8211; M\u00e9dia filtrant en feutre \u00e0 grande efficacit\u00e9 de filtration (polypropyl\u00e8ne) \u00e9lectrostatique.<\/strong><\/p>\n<p><a href=\"http:\/\/prosafedz.com\/fr\/wp-content\/uploads\/2022\/12\/MO23200.pdf\" target=\"_blank\" rel=\"noopener noreferrer\"><button style=\"background-color: #90a96b; font-seize: 20px;\"><strong>T\u00e9l\u00e9charger La Fiche Technique<\/strong><\/button><\/a><\/p>\n","protected":false},"featured_media":34227,"template":"","meta":[],"product_brand":[],"product_cat":[633],"product_tag":[641,1294],"class_list":{"0":"post-30116","1":"product","2":"type-product","3":"status-publish","4":"has-post-thumbnail","6":"product_cat-3-1-masques-anti-poussieres","7":"product_tag-demi-masque-a-usage-unique-ffp2-nr-d-sl-23200","8":"product_tag-masque-ffp2-nr-d-sl-pliable-ref-23200","9":"yith_product_brand-sup-air","11":"first","12":"instock","13":"shipping-taxable","14":"product-type-simple"},"_links":{"self":[{"href":"https:\/\/prosafedz.com\/fr\/wp-json\/wp\/v2\/product\/30116","targetHints":{"allow":["GET"]}}],"collection":[{"href":"https:\/\/prosafedz.com\/fr\/wp-json\/wp\/v2\/product"}],"about":[{"href":"https:\/\/prosafedz.com\/fr\/wp-json\/wp\/v2\/types\/product"}],"wp:featuredmedia":[{"embeddable":true,"href":"https:\/\/prosafedz.com\/fr\/wp-json\/wp\/v2\/media\/34227"}],"wp:attachment":[{"href":"https:\/\/prosafedz.com\/fr\/wp-json\/wp\/v2\/media?parent=30116"}],"wp:term":[{"taxonomy":"product_brand","embeddable":true,"href":"https:\/\/prosafedz.com\/fr\/wp-json\/wp\/v2\/product_brand?post=30116"},{"taxonomy":"product_cat","embeddable":true,"href":"https:\/\/prosafedz.com\/fr\/wp-json\/wp\/v2\/product_cat?post=30116"},{"taxonomy":"product_tag","embeddable":true,"href":"https:\/\/prosafedz.com\/fr\/wp-json\/wp\/v2\/product_tag?post=30116"}],"curies":[{"name":"wp","href":"https:\/\/api.w.org\/{rel}","templated":true}]}}