{"id":30114,"date":"2018-10-29T11:56:29","date_gmt":"2018-10-29T10:56:29","guid":{"rendered":"https:\/\/prosafedz.com\/?post_type=product&#038;p=30114"},"modified":"2024-09-15T11:59:01","modified_gmt":"2024-09-15T09:59:01","slug":"demi-masque-a-usage-unique-ffp2-nr-d-sl-23255","status":"publish","type":"product","link":"https:\/\/prosafedz.com\/fr\/produit\/demi-masque-a-usage-unique-ffp2-nr-d-sl-23255\/","title":{"rendered":"Masque FFP2 NR SL Plie vertical avec valve R\u00e9f 23255"},"content":{"rendered":"<p><strong>LES + :<\/strong><\/p>\n<p><strong>&#8211; Test allerg\u00e9nique.<\/strong><br \/>\n<strong>&#8211; Pliable verticalement.<\/strong><br \/>\n<strong>&#8211; R\u00e9sistant.<\/strong><br \/>\n<strong>&#8211; Ininflammable.<\/strong><\/p>\n<p><strong>EXEMPLES D\u2019APPLICATIONS<br \/>\n&#8211;<\/strong> Protection contre les a\u00e9rosols solides et liquides aux toxicit\u00e9s faibles pour des concentrations jusqu\u2019\u00e0 10 fois la VME<br \/>\n<strong>&#8211;<\/strong> Industrie textile, artisanat, m\u00e9tallurgie, exploitation mini\u00e8re, travaux publics souterrains, menuiserie, \u00e9b\u00e9nisterie, soudure, fonte et d\u00e9coupage de m\u00e9taux, h\u00f4pitaux, laboratoires, contr\u00f4les m\u00e9dicaux<br \/>\n<strong>&#8211;<\/strong> Contre le carbonate de calcium, le kaolin, le ciment, la cellulose, le soufre, le coton, la farine, le charbon, les m\u00e9taux ferreux, les huiles v\u00e9g\u00e9tales, le bois, les fibres de verre, le plastique, le quartz, le cuivre, l\u2019aluminium, les bact\u00e9ries, les champignons, les tuberculoses micro-bact\u00e9riens<br \/>\n<strong>&#8211; Ne pas utiliser dans des environnements dans lesquels la concentration d\u2019oxyg\u00e8ne est inf\u00e9rieure \u00e0 17 % Vol<br \/>\nCONDITIONNEMENT DE VENTE<br \/>\n&#8211; <\/strong>Emballage individuel<br \/>\n<strong>&#8211;<\/strong> Carton de 240 masques<br \/>\n<strong>&#8211;<\/strong> Bo\u00eete de 20 masques en sachets individuels<br \/>\n<strong>&#8211;<\/strong> Bo\u00eete distributrice pr\u00e9-d\u00e9coup\u00e9e<br \/>\n<strong>NORME(S)<\/strong><br \/>\nCe masque est conforme au mod\u00e8le de l\u2019\u00e9quipement de protection individuelle ayant fait l\u2019objet de L\u2019attestation CE de type <strong>n\u00b0 593787.<br \/>\n<\/strong>D\u00e9livr\u00e9e par<strong> BSI (organisme n\u00b0 0086)<br \/>\nEN 149:2001+A1:2009<\/strong><\/p>\n","protected":false},"excerpt":{"rendered":"<p><strong>&#8211; Masque de protection \u00e0 usage unique type FFP2 SL.<\/strong><\/p>\n<p><strong>&#8211; Pliable verticalement avec valve.<\/strong><\/p>\n<p><strong>&#8211; Couche ext\u00e9rieure, int\u00e9rieure et support en polypropyl\u00e8ne.<\/strong><\/p>\n<p><strong>&#8211; Pince-nez en fil de fer entour\u00e9 de poly\u00e9thyl\u00e8ne.<\/strong><\/p>\n<p><strong>&#8211; Serrage \u00e9lastique gomme synth\u00e9tique couvert textile.<\/strong><\/p>\n<p><strong>&#8211; M\u00e9dia filtrant en feutre \u00e0 grande efficacit\u00e9 de filtration (polypropyl\u00e8ne) \u00e9lectrostatique.<\/strong><\/p>\n<p><a href=\"http:\/\/prosafedz.com\/fr\/wp-content\/uploads\/2023\/01\/23255.pdf\" target=\"_blank\" rel=\"noopener noreferrer\"><button style=\"background-color: #90a96b; font-seize: 20px;\"><strong>T\u00e9l\u00e9charger La Fiche Technique<\/strong><\/button><\/a><\/p>\n","protected":false},"featured_media":34252,"template":"","meta":[],"product_brand":[],"product_cat":[633],"product_tag":[640,1300],"class_list":{"0":"post-30114","1":"product","2":"type-product","3":"status-publish","4":"has-post-thumbnail","6":"product_cat-3-1-masques-anti-poussieres","7":"product_tag-demi-masque-a-usage-unique-ffp2-nr-d-sl-23255","8":"product_tag-masque-ffp2-nr-sl-plie-vertical-avec-valve-ref-23255","9":"yith_product_brand-sup-air","11":"first","12":"instock","13":"shipping-taxable","14":"product-type-simple"},"_links":{"self":[{"href":"https:\/\/prosafedz.com\/fr\/wp-json\/wp\/v2\/product\/30114","targetHints":{"allow":["GET"]}}],"collection":[{"href":"https:\/\/prosafedz.com\/fr\/wp-json\/wp\/v2\/product"}],"about":[{"href":"https:\/\/prosafedz.com\/fr\/wp-json\/wp\/v2\/types\/product"}],"wp:featuredmedia":[{"embeddable":true,"href":"https:\/\/prosafedz.com\/fr\/wp-json\/wp\/v2\/media\/34252"}],"wp:attachment":[{"href":"https:\/\/prosafedz.com\/fr\/wp-json\/wp\/v2\/media?parent=30114"}],"wp:term":[{"taxonomy":"product_brand","embeddable":true,"href":"https:\/\/prosafedz.com\/fr\/wp-json\/wp\/v2\/product_brand?post=30114"},{"taxonomy":"product_cat","embeddable":true,"href":"https:\/\/prosafedz.com\/fr\/wp-json\/wp\/v2\/product_cat?post=30114"},{"taxonomy":"product_tag","embeddable":true,"href":"https:\/\/prosafedz.com\/fr\/wp-json\/wp\/v2\/product_tag?post=30114"}],"curies":[{"name":"wp","href":"https:\/\/api.w.org\/{rel}","templated":true}]}}