{"id":30110,"date":"2018-10-29T11:54:46","date_gmt":"2018-10-29T10:54:46","guid":{"rendered":"https:\/\/prosafedz.com\/?post_type=product&#038;p=30110"},"modified":"2023-01-11T15:23:37","modified_gmt":"2023-01-11T14:23:37","slug":"demi-masque-a-usage-unique-ffp2-nr-d-23285","status":"publish","type":"product","link":"https:\/\/prosafedz.com\/fr\/produit\/demi-masque-a-usage-unique-ffp2-nr-d-23285\/","title":{"rendered":"Masque FFP2 NR D Pliable avec valve R\u00e9f 23285"},"content":{"rendered":"<p><strong>CONDITIONNEMENT DE VENTE<br \/>\n&#8211;<\/strong> 240 pi\u00e8ces dans 1 carton<br \/>\n<strong>NORME(S)<\/strong><br \/>\nCet article est conforme au mod\u00e8le de l\u2019\u00e9quipement de protection individuelle ayant fait l\u2019objet de L\u2019attestation CE de type <strong>N\u00b0 593787.<br \/>\n<\/strong>D\u00e9livr\u00e9 par<strong> BSI (organisme notifi\u00e9 n\u00b0 0086)<br \/>\nEN 149:2001+A1:2009<\/strong><\/p>\n","protected":false},"excerpt":{"rendered":"<p><strong>&#8211; Couche externe : SMS polypropyl\u00e8ne<\/strong><\/p>\n<p><strong>&#8211; M\u00e9dia filtrant : Polypropyl\u00e8ne \u00e9lectrostatique fondu-soufl\u00e9<\/strong><\/p>\n<p><strong>&#8211; Couche interne : Polypropyl\u00e8ne doux (SMS)<\/strong><\/p>\n<p><strong>&#8211; Elastique de serrage ajustable : Caoutchouc synth\u00e9tique sans latex<\/strong><\/p>\n<p><strong>&#8211; Coussinet nasal \/ Joint facial : Mousse de poly\u00e9thyl\u00e8ne<\/strong><\/p>\n<p><strong>&#8211; Pince-nez : Poly\u00e9thyl\u00e8ne renforc\u00e9<\/strong><\/p>\n<p><strong>&#8211; Poids : 16g<\/strong><\/p>\n<p><a href=\"http:\/\/prosafedz.com\/fr\/wp-content\/uploads\/2023\/01\/23285.pdf\" target=\"_blank\" rel=\"noopener noreferrer\"><button style=\"background-color: #90a96b; font-seize: 20px;\"><strong>T\u00e9l\u00e9charger La Fiche Technique<\/strong><\/button><\/a><\/p>\n","protected":false},"featured_media":34261,"template":"","meta":[],"product_brand":[],"product_cat":[633],"product_tag":[638,1302],"class_list":{"0":"post-30110","1":"product","2":"type-product","3":"status-publish","4":"has-post-thumbnail","6":"product_cat-3-1-masques-anti-poussieres","7":"product_tag-demi-masque-a-usage-unique-ffp2-nr-d-23285","8":"product_tag-masque-ffp2-nr-d-pliable-avec-valve-ref-23285","9":"yith_product_brand-sup-air","11":"first","12":"instock","13":"shipping-taxable","14":"product-type-simple"},"_links":{"self":[{"href":"https:\/\/prosafedz.com\/fr\/wp-json\/wp\/v2\/product\/30110","targetHints":{"allow":["GET"]}}],"collection":[{"href":"https:\/\/prosafedz.com\/fr\/wp-json\/wp\/v2\/product"}],"about":[{"href":"https:\/\/prosafedz.com\/fr\/wp-json\/wp\/v2\/types\/product"}],"wp:featuredmedia":[{"embeddable":true,"href":"https:\/\/prosafedz.com\/fr\/wp-json\/wp\/v2\/media\/34261"}],"wp:attachment":[{"href":"https:\/\/prosafedz.com\/fr\/wp-json\/wp\/v2\/media?parent=30110"}],"wp:term":[{"taxonomy":"product_brand","embeddable":true,"href":"https:\/\/prosafedz.com\/fr\/wp-json\/wp\/v2\/product_brand?post=30110"},{"taxonomy":"product_cat","embeddable":true,"href":"https:\/\/prosafedz.com\/fr\/wp-json\/wp\/v2\/product_cat?post=30110"},{"taxonomy":"product_tag","embeddable":true,"href":"https:\/\/prosafedz.com\/fr\/wp-json\/wp\/v2\/product_tag?post=30110"}],"curies":[{"name":"wp","href":"https:\/\/api.w.org\/{rel}","templated":true}]}}