{"id":30100,"date":"2018-10-29T11:50:00","date_gmt":"2018-10-29T10:50:00","guid":{"rendered":"https:\/\/prosafedz.com\/?post_type=product&#038;p=30100"},"modified":"2024-09-15T12:03:31","modified_gmt":"2024-09-15T10:03:31","slug":"demi-masque-a-usage-unique-ffp1","status":"publish","type":"product","link":"https:\/\/prosafedz.com\/fr\/produit\/demi-masque-a-usage-unique-ffp1\/","title":{"rendered":"Demi-masque \u00e0 usage unique FFP1 NR D SL R\u00e9f 23101"},"content":{"rendered":"<p><strong>LES + :<\/strong><\/p>\n<p><strong>&#8211; M\u00e9dia filtrant \u00e9lectrostatique.<\/strong><br \/>\n<strong>&#8211; Bandeau \u00e9lastique sans latex pour minimiser les risques d&rsquo;allergie.<\/strong><br \/>\n<strong>&#8211; Barrette nasale r\u00e9glable en aluminium et coussinet nasal confortable en mousse poly\u00e9thyl\u00e8ne.<\/strong><\/p>\n<p><strong>EXEMPLES D\u2019APPLICATIONS<br \/>\n&#8211;<\/strong> Pour des utilisations occasionnelles en ambiance tr\u00e8s poussi\u00e9reuse<br \/>\n<strong>&#8211;<\/strong> Protections contre les a\u00e9rosols solides et liquides non toxiques, comme par exemple, le carbonate de calcium, le kaolin, le ciment, la cellulose, le soufre, le coton, la farine, le charbon, les m\u00e9taux ferreux, les huiles v\u00e9g\u00e9tales et les bois tendres<br \/>\n<strong>&#8211;<\/strong> Industrie textile<br \/>\n<strong>&#8211;<\/strong> artisanat<br \/>\n<strong>&#8211;<\/strong> m\u00e9tallurgie<br \/>\n<strong>&#8211;<\/strong> exploitation mini\u00e8re<br \/>\n<strong>&#8211;<\/strong> travaux publics souterrains<br \/>\n<strong>&#8211;<\/strong> menuiserie<br \/>\n<strong>&#8211;<\/strong> \u00e9b\u00e9nisterie (sauf les bois durs types bois exotiques&#8230;)<br \/>\n<strong>SECTEURS<\/strong><br \/>\n<strong>&#8211;<\/strong> Agriculture, sylviculture et p\u00eache<br \/>\n<strong>&#8211;<\/strong> Exploitation mini\u00e8re<br \/>\n<strong>&#8211;<\/strong> Industries l\u00e9g\u00e8res (textile, cuir, plasturgie, caoutchouc, meubles, luxe\u2026)<br \/>\n<strong>&#8211;<\/strong> Infrastructures, BTP, TP<br \/>\n<strong>&#8211;<\/strong> Second-\u0153uvre du b\u00e2timent<br \/>\n<strong>&#8211;<\/strong> Bricolage<br \/>\n<strong>CONDITIONNEMENT DE VENTE<\/strong><br \/>\n<strong>&#8211;<\/strong> Carton de 240 masques<br \/>\n<strong>&#8211;<\/strong> Sachet de 20 masques<br \/>\n<strong>NORME(S)<\/strong><br \/>\nCet \u00e9quipement est conforme au mod\u00e8le de l&rsquo;\u00e9quipement de protection individuelle ayant fait l&rsquo;objet de l&rsquo;attestation CE de type <strong>697918.<br \/>\n<\/strong>D\u00e9livr\u00e9 par<strong> BSI Group The Netherlands<br \/>\nEN149:2001 + A1:2009<\/strong><\/p>\n<p>&nbsp;<\/p>\n","protected":false},"excerpt":{"rendered":"<p><strong>&#8211; Masque de protection \u00e0 usage unique de type FFP1D SL.<\/strong><\/p>\n<p><strong>&#8211; M\u00e9dia filtrant en Feutre \u00e0 Grande Efficacit\u00e9 de Filtration (polypropyl\u00e8ne) \u00e9lectrostatique.<\/strong><\/p>\n<p><strong>&#8211; \u00c9lastique en gomme synth\u00e9tique sans latex.<\/strong><\/p>\n<p><strong>&#8211; Couche ext\u00e9rieure en polypropyl\u00e8ne.<\/strong><\/p>\n<p><strong>&#8211; Couche int\u00e9rieure en polyester.<\/strong><\/p>\n<p><strong>&#8211; Pince-nez en aluminium.<\/strong><\/p>\n<p><strong>&#8211; Coussinet nasal en mousse de poly\u00e9thyl\u00e8ne.<\/strong><\/p>\n<p><a href=\"http:\/\/prosafedz.com\/fr\/wp-content\/uploads\/2022\/12\/MO23101.pdf\" target=\"_blank\" rel=\"noopener noreferrer\"><button style=\"background-color: #90a96b; font-seize: 20px;\"><strong>T\u00e9l\u00e9charger La Fiche Technique<\/strong><\/button><\/a><\/p>\n","protected":false},"featured_media":34210,"template":"","meta":[],"product_brand":[],"product_cat":[633],"product_tag":[632],"class_list":{"0":"post-30100","1":"product","2":"type-product","3":"status-publish","4":"has-post-thumbnail","6":"product_cat-3-1-masques-anti-poussieres","7":"product_tag-demi-masque-a-usage-unique-ffp1-nr-d-sl-23101","8":"yith_product_brand-sup-air","10":"first","11":"instock","12":"shipping-taxable","13":"product-type-simple"},"_links":{"self":[{"href":"https:\/\/prosafedz.com\/fr\/wp-json\/wp\/v2\/product\/30100","targetHints":{"allow":["GET"]}}],"collection":[{"href":"https:\/\/prosafedz.com\/fr\/wp-json\/wp\/v2\/product"}],"about":[{"href":"https:\/\/prosafedz.com\/fr\/wp-json\/wp\/v2\/types\/product"}],"wp:featuredmedia":[{"embeddable":true,"href":"https:\/\/prosafedz.com\/fr\/wp-json\/wp\/v2\/media\/34210"}],"wp:attachment":[{"href":"https:\/\/prosafedz.com\/fr\/wp-json\/wp\/v2\/media?parent=30100"}],"wp:term":[{"taxonomy":"product_brand","embeddable":true,"href":"https:\/\/prosafedz.com\/fr\/wp-json\/wp\/v2\/product_brand?post=30100"},{"taxonomy":"product_cat","embeddable":true,"href":"https:\/\/prosafedz.com\/fr\/wp-json\/wp\/v2\/product_cat?post=30100"},{"taxonomy":"product_tag","embeddable":true,"href":"https:\/\/prosafedz.com\/fr\/wp-json\/wp\/v2\/product_tag?post=30100"}],"curies":[{"name":"wp","href":"https:\/\/api.w.org\/{rel}","templated":true}]}}