{"id":30041,"date":"2018-10-29T10:57:06","date_gmt":"2018-10-29T09:57:06","guid":{"rendered":"https:\/\/prosafedz.com\/?post_type=product&#038;p=30041"},"modified":"2025-02-16T09:55:01","modified_gmt":"2025-02-16T08:55:01","slug":"ecran-verre-relevable-66600","status":"publish","type":"product","link":"https:\/\/prosafedz.com\/fr\/produit\/ecran-verre-relevable-66600\/","title":{"rendered":"ECRAN serre-t\u00eate cr\u00e9maill\u00e8re &#8211; Verre relevable 105 x 50mm  R\u00e9f. : 66600"},"content":{"rendered":"<p><strong>AVANTAGES\u00a0<\/strong><strong>SP\u00c9CIFIQUES<\/strong><\/p>\n<p>\u2022 Maintien renforc\u00e9<br \/>\n\u2022 Serrage r\u00e9glable<br \/>\n\u2022 Verre relevable<br \/>\n\u2022 Verres interchangeables<\/p>\n<p><strong>Principaux domaines d&rsquo;utilisation<\/strong><\/p>\n<p>\u2022 Soudure<\/p>\n<p><strong>Conditionnement<\/strong><\/p>\n<p>\u2022 Emballage individuel \u2022 Carton de 40 \u00e9crans<\/p>\n<p><strong>Normalisation<\/strong><\/p>\n<p>Cet \u00e9cran est conforme au mod\u00e8le de l\u2019\u00e9quipement de protection individuelle ayant fait l\u2019objet de<br \/>\n<strong>L\u2019attestation CE de type 0501\/1747\/085\/10\/14\/1403 D\u00e9livr\u00e9e par CRITT (organisme n\u00b0 0501)<\/strong><br \/>\n<strong>pour l\u2019article 66600<\/strong><br \/>\n<strong>L\u2019attestation CE de type CE 567254 D\u00e9livr\u00e9e par BSI (Organisme n\u00b00086) pour l\u2019article 66601<\/strong><\/p>\n<p>&nbsp;<\/p>\n","protected":false},"excerpt":{"rendered":"<p><strong>ECRAN serre-t\u00eate cr\u00e9maill\u00e8re &#8211; Verre relevable 105 x 50 mm R\u00e9f. : 66600<\/strong><\/p>\n<p><strong>DESCRIPTIF <\/strong><strong>G\u00c9N\u00c9RAL<\/strong><strong>\u00a0ET\u00a0<\/strong><strong>MATI\u00c8RES<\/strong><\/p>\n<p>\u2022 Cagoule en polypropyl\u00e8ne relevable<br \/>\n\u2022 Maintien avec serre-t\u00eate<br \/>\n\u2022 R\u00e9glable par cr\u00e9maill\u00e8re<\/p>\n<p>\u2022 Verre fixe transparent<br \/>\n\u2022 Verre relevable Teintes 9 \u00e0 13 possibles<\/p>\n<p><a href=\"https:\/\/prosafedz.com\/fr\/wp-content\/uploads\/2018\/10\/MO66600_fr.pdf\n\" target=\"_blank\" rel=\"noopener noreferrer\"><button style=\"background-color: #90a96b; font-seize: 20px;\"><strong>T\u00e9l\u00e9charger La Fiche Technique<\/strong><\/button><\/a><\/p>\n","protected":false},"featured_media":32467,"template":"","meta":[],"product_brand":[],"product_cat":[600],"product_tag":[1283,602],"class_list":{"0":"post-30041","1":"product","2":"type-product","3":"status-publish","4":"has-post-thumbnail","6":"product_cat-2-5-ecrans-faciaux-et-cagoule-soudeur","7":"product_tag-ecran-serre-tete-cremaillere-verre-relevable-105-x-50mm-ref-66600","8":"product_tag-ecran-verre-relevable-66600","9":"yith_product_brand-lux-optical","11":"first","12":"instock","13":"shipping-taxable","14":"product-type-simple"},"_links":{"self":[{"href":"https:\/\/prosafedz.com\/fr\/wp-json\/wp\/v2\/product\/30041","targetHints":{"allow":["GET"]}}],"collection":[{"href":"https:\/\/prosafedz.com\/fr\/wp-json\/wp\/v2\/product"}],"about":[{"href":"https:\/\/prosafedz.com\/fr\/wp-json\/wp\/v2\/types\/product"}],"wp:featuredmedia":[{"embeddable":true,"href":"https:\/\/prosafedz.com\/fr\/wp-json\/wp\/v2\/media\/32467"}],"wp:attachment":[{"href":"https:\/\/prosafedz.com\/fr\/wp-json\/wp\/v2\/media?parent=30041"}],"wp:term":[{"taxonomy":"product_brand","embeddable":true,"href":"https:\/\/prosafedz.com\/fr\/wp-json\/wp\/v2\/product_brand?post=30041"},{"taxonomy":"product_cat","embeddable":true,"href":"https:\/\/prosafedz.com\/fr\/wp-json\/wp\/v2\/product_cat?post=30041"},{"taxonomy":"product_tag","embeddable":true,"href":"https:\/\/prosafedz.com\/fr\/wp-json\/wp\/v2\/product_tag?post=30041"}],"curies":[{"name":"wp","href":"https:\/\/api.w.org\/{rel}","templated":true}]}}