{"id":30037,"date":"2018-10-29T10:55:22","date_gmt":"2018-10-29T09:55:22","guid":{"rendered":"https:\/\/prosafedz.com\/?post_type=product&#038;p=30037"},"modified":"2024-09-15T10:56:03","modified_gmt":"2024-09-15T08:56:03","slug":"ecran-a-main-interieure-66200","status":"publish","type":"product","link":"https:\/\/prosafedz.com\/fr\/produit\/ecran-a-main-interieure-66200\/","title":{"rendered":"ECRAN soudeur tenue \u00e0 main int\u00e9rieur &#8211; Verre  interchangeable,105 x 50  R\u00e9f. : 66200"},"content":{"rendered":"<p><strong>AVANTAGES\u00a0<\/strong><strong>SP\u00c9CIFIQUES<\/strong><\/p>\n<p>\u2022 Verre interchangeable<\/p>\n<p><strong>Principaux domaines d&rsquo;utilisation<\/strong><\/p>\n<p>\u2022 Soudure<\/p>\n<p><strong>Conditionnement<\/strong><\/p>\n<p>\u2022 Emballage individuel \u2022 Carton de 50 \u00e9crans<\/p>\n<p><strong>Normalisation<\/strong><\/p>\n<p>Ces lunettes sont conformes au mod\u00e8le de l\u2019\u00e9quipement de protection individuelle ayant fait l\u2019objet de<br \/>\n<strong>L\u2019attestation CE de type 18037-FMPA-98 et 19034-FMPA-99<\/strong><br \/>\n<strong>D\u00e9livr\u00e9e par DIN CERTCO (organisme n\u00b0 0196)<\/strong><\/p>\n<p>&nbsp;<\/p>\n","protected":false},"excerpt":{"rendered":"<p><strong>ECRAN soudeur tenue \u00e0 main int\u00e9rieur &#8211; Verre interchangeable,105 x 50 R\u00e9f. : 66200<\/strong><\/p>\n<p><strong>DESCRIPTIF <\/strong><strong>G\u00c9N\u00c9RAL<\/strong><strong>\u00a0ET\u00a0<\/strong><strong>MATI\u00c8RES<\/strong><\/p>\n<p>\u2022 Ecran de soudeur \u00e0 main int\u00e9rieur<br \/>\n\u2022 Mati\u00e8re : thermoplastique<br \/>\n\u2022 Pour un verre de 105 x 50 interchangeable<\/p>\n<p><a href=\"https:\/\/prosafedz.com\/fr\/wp-content\/uploads\/2018\/10\/05-66200.pdf\n\" target=\"_blank\" rel=\"noopener noreferrer\"><button style=\"background-color: #90a96b; font-seize: 20px;\"><strong>T\u00e9l\u00e9charger La Fiche Technique<\/strong><\/button><\/a><\/p>\n","protected":false},"featured_media":32469,"template":"","meta":[],"product_brand":[],"product_cat":[600],"product_tag":[1285,599,1284],"class_list":{"0":"post-30037","1":"product","2":"type-product","3":"status-publish","4":"has-post-thumbnail","6":"product_cat-2-5-ecrans-faciaux-et-cagoule-soudeur","7":"product_tag-105-x-50-ref-66200","8":"product_tag-ecran-a-main-interieure-66200","9":"product_tag-ecran-soudeur-tenue-a-main-interieur-verre-interchangeable","10":"yith_product_brand-lux-optical","12":"first","13":"instock","14":"shipping-taxable","15":"product-type-simple"},"_links":{"self":[{"href":"https:\/\/prosafedz.com\/fr\/wp-json\/wp\/v2\/product\/30037","targetHints":{"allow":["GET"]}}],"collection":[{"href":"https:\/\/prosafedz.com\/fr\/wp-json\/wp\/v2\/product"}],"about":[{"href":"https:\/\/prosafedz.com\/fr\/wp-json\/wp\/v2\/types\/product"}],"wp:featuredmedia":[{"embeddable":true,"href":"https:\/\/prosafedz.com\/fr\/wp-json\/wp\/v2\/media\/32469"}],"wp:attachment":[{"href":"https:\/\/prosafedz.com\/fr\/wp-json\/wp\/v2\/media?parent=30037"}],"wp:term":[{"taxonomy":"product_brand","embeddable":true,"href":"https:\/\/prosafedz.com\/fr\/wp-json\/wp\/v2\/product_brand?post=30037"},{"taxonomy":"product_cat","embeddable":true,"href":"https:\/\/prosafedz.com\/fr\/wp-json\/wp\/v2\/product_cat?post=30037"},{"taxonomy":"product_tag","embeddable":true,"href":"https:\/\/prosafedz.com\/fr\/wp-json\/wp\/v2\/product_tag?post=30037"}],"curies":[{"name":"wp","href":"https:\/\/api.w.org\/{rel}","templated":true}]}}