{"id":30013,"date":"2018-10-29T10:44:29","date_gmt":"2018-10-29T09:44:29","guid":{"rendered":"https:\/\/prosafedz.com\/?post_type=product&#038;p=30013"},"modified":"2024-09-15T10:56:48","modified_gmt":"2024-09-15T08:56:48","slug":"lunettes-masques-biolux-60680","status":"publish","type":"product","link":"https:\/\/prosafedz.com\/fr\/produit\/lunettes-masques-biolux-60680\/","title":{"rendered":"Lunette BIOLUX Ardoise, incolore Anti-bu\u00e9e  R\u00e9f. : 60680"},"content":{"rendered":"<p><strong>Packaging &amp; Stockage<\/strong><\/p>\n<ul>\n<li>1 pi\u00e8ce par sachet<\/li>\n<li>50 pi\u00e8ces par carton<\/li>\n<li>50 pi\u00e8ces dans 1 Carton<\/li>\n<\/ul>\n<p><strong>Toujours transporter et stocker l\u2019article dans son emballage d\u2019origine. Stocker dans un endroit sec, \u00e0 l\u2019abri des rayons direct du soleil<\/strong><\/p>\n<p><strong>Normalisation<\/strong><\/p>\n<p>Ces lunettes sont conformes au mod\u00e8le de l\u2019\u00e9quipement de protection individuelle ayant fait l\u2019objet de\u00a0<strong>L\u2019attestation d\u2019examen CE de type n\u00b0 0776 D\u00e9livr\u00e9e par INSPEC (organisme notifi\u00e9 n\u00b0 0194)<\/strong><\/p>\n","protected":false},"excerpt":{"rendered":"<p><strong>Lunette BIOLUX Ardoise, incolore Anti-bu\u00e9e R\u00e9f. : 60680<\/strong><\/p>\n<p>Monture : PP\/ TPE<br \/>\nJoint Facial : Thermoplastique vulcanis\u00e9 souple<br \/>\nA\u00e9rations : 4 a\u00e9rations anti poussi\u00e8re et anti p\u00e9n\u00e9tration de liquide.<br \/>\nElastique : Elastique ajustable<br \/>\nOculaire : Polycarbonate, \u00e9paisseur : 2,3 mm<br \/>\nPoids : 84 g<\/p>\n<p><a href=\"https:\/\/prosafedz.com\/fr\/wp-content\/uploads\/2018\/10\/60680_60683-fr-exp.pdf\n\" target=\"_blank\" rel=\"noopener noreferrer\"><button style=\"background-color: #90a96b; font-seize: 20px;\"><strong>T\u00e9l\u00e9charger La Fiche Technique<\/strong><\/button><\/a><\/p>\n","protected":false},"featured_media":32444,"template":"","meta":[],"product_brand":[],"product_cat":[524],"product_tag":[1272,1271,587],"class_list":{"0":"post-30013","1":"product","2":"type-product","3":"status-publish","4":"has-post-thumbnail","6":"product_cat-2-4-lunettes-masques","7":"product_tag-incolore-anti-buee-ref-60680","8":"product_tag-lunette-biolux-ardoise","9":"product_tag-lunettes-masques-biolux-60680","10":"yith_product_brand-lux-optical","12":"first","13":"instock","14":"shipping-taxable","15":"product-type-simple"},"_links":{"self":[{"href":"https:\/\/prosafedz.com\/fr\/wp-json\/wp\/v2\/product\/30013","targetHints":{"allow":["GET"]}}],"collection":[{"href":"https:\/\/prosafedz.com\/fr\/wp-json\/wp\/v2\/product"}],"about":[{"href":"https:\/\/prosafedz.com\/fr\/wp-json\/wp\/v2\/types\/product"}],"wp:featuredmedia":[{"embeddable":true,"href":"https:\/\/prosafedz.com\/fr\/wp-json\/wp\/v2\/media\/32444"}],"wp:attachment":[{"href":"https:\/\/prosafedz.com\/fr\/wp-json\/wp\/v2\/media?parent=30013"}],"wp:term":[{"taxonomy":"product_brand","embeddable":true,"href":"https:\/\/prosafedz.com\/fr\/wp-json\/wp\/v2\/product_brand?post=30013"},{"taxonomy":"product_cat","embeddable":true,"href":"https:\/\/prosafedz.com\/fr\/wp-json\/wp\/v2\/product_cat?post=30013"},{"taxonomy":"product_tag","embeddable":true,"href":"https:\/\/prosafedz.com\/fr\/wp-json\/wp\/v2\/product_tag?post=30013"}],"curies":[{"name":"wp","href":"https:\/\/api.w.org\/{rel}","templated":true}]}}