{"id":29861,"date":"2018-10-29T09:31:15","date_gmt":"2018-10-29T08:31:15","guid":{"rendered":"https:\/\/prosafedz.com\/?post_type=product&#038;p=29861"},"modified":"2024-09-15T11:06:06","modified_gmt":"2024-09-15T09:06:06","slug":"lunettes-spherlux-60490","status":"publish","type":"product","link":"https:\/\/prosafedz.com\/fr\/produit\/lunettes-spherlux-60490\/","title":{"rendered":"SPHERLUX, vision panoramique, incolore anti-bu\u00e9e   R\u00e9f. : 60490"},"content":{"rendered":"<p><strong>Packaging &amp; Stockage<\/strong><\/p>\n<ul>\n<li>10 Pi\u00e8ces par Bo\u00eete<\/li>\n<li>12 Bo\u00eetes par carton<\/li>\n<li>120 Pi\u00e8ces dans 1 Carton<\/li>\n<\/ul>\n<p><strong>Toujours transporter et stocker l\u2019article dans son emballage d\u2019origine. Stocker dans un endroit sec, \u00e0 l\u2019abri des rayons direct du soleil.<\/strong><\/p>\n<p><strong>Normalisation<\/strong><\/p>\n<p>Ces lunettes sont conformes au mod\u00e8le de l\u2019\u00e9quipement de protection individuelle ayant fait l\u2019objet de\u00a0<strong>L\u2019attestation d\u2019examen CE de type n\u00b0 0776 D\u00e9livr\u00e9e par INSPEC (organisme notifi\u00e9 n\u00b0 0194)<\/strong><\/p>\n","protected":false},"excerpt":{"rendered":"<p><strong>SPHERLUX, vision panoramique, incolore anti-bu\u00e9e R\u00e9f. : 60490<\/strong><\/p>\n<p>Branches : Polycarbonate, spatule en PVC<br \/>\nLens : Polycarbonate, \u00e9paisseur : 2,3 mm<br \/>\nPoids : 25 g<\/p>\n<p><a href=\"https:\/\/prosafedz.com\/fr\/wp-content\/uploads\/2018\/10\/download-15.pdf\n\" target=\"_blank\" rel=\"noopener noreferrer\"><button style=\"background-color: #90a96b; font-seize: 20px;\"><strong>T\u00e9l\u00e9charger La Fiche Technique<\/strong><\/button><\/a><\/p>\n","protected":false},"featured_media":32375,"template":"","meta":[],"product_brand":[],"product_cat":[493],"product_tag":[1242,513,1015,1017],"class_list":{"0":"post-29861","1":"product","2":"type-product","3":"status-publish","4":"has-post-thumbnail","6":"product_cat-2-1-lunettes-claires","7":"product_tag-incolore-anti-buee-ref-60490","8":"product_tag-lunettes-spherlux-60490","9":"product_tag-spherlux","10":"product_tag-vision-panoramique","11":"yith_product_brand-lux-optical","13":"first","14":"instock","15":"shipping-taxable","16":"product-type-simple"},"_links":{"self":[{"href":"https:\/\/prosafedz.com\/fr\/wp-json\/wp\/v2\/product\/29861","targetHints":{"allow":["GET"]}}],"collection":[{"href":"https:\/\/prosafedz.com\/fr\/wp-json\/wp\/v2\/product"}],"about":[{"href":"https:\/\/prosafedz.com\/fr\/wp-json\/wp\/v2\/types\/product"}],"wp:featuredmedia":[{"embeddable":true,"href":"https:\/\/prosafedz.com\/fr\/wp-json\/wp\/v2\/media\/32375"}],"wp:attachment":[{"href":"https:\/\/prosafedz.com\/fr\/wp-json\/wp\/v2\/media?parent=29861"}],"wp:term":[{"taxonomy":"product_brand","embeddable":true,"href":"https:\/\/prosafedz.com\/fr\/wp-json\/wp\/v2\/product_brand?post=29861"},{"taxonomy":"product_cat","embeddable":true,"href":"https:\/\/prosafedz.com\/fr\/wp-json\/wp\/v2\/product_cat?post=29861"},{"taxonomy":"product_tag","embeddable":true,"href":"https:\/\/prosafedz.com\/fr\/wp-json\/wp\/v2\/product_tag?post=29861"}],"curies":[{"name":"wp","href":"https:\/\/api.w.org\/{rel}","templated":true}]}}