{"id":29553,"date":"2018-10-27T13:42:17","date_gmt":"2018-10-27T12:42:17","guid":{"rendered":"https:\/\/prosafedz.com\/?post_type=product&#038;p=29553"},"modified":"2024-05-19T15:34:20","modified_gmt":"2024-05-19T13:34:20","slug":"gants-cousus-4160-4165","status":"publish","type":"product","link":"https:\/\/prosafedz.com\/fr\/produit\/gants-cousus-4160-4165\/","title":{"rendered":"Gant toile coton, picots PVC noirs  R\u00e9f. : 4165"},"content":{"rendered":"<p><strong>AVANTAGES\u00a0<\/strong><strong>SP\u00c9CIFIQUES<\/strong><br \/>\n\u2022 Antid\u00e9rapant<br \/>\n\u2022 Confort<br \/>\n<strong>PRINCIPAUX DOMAINES D\u2019UTILISATION<\/strong><br \/>\n\u2022 Manutention d\u2019objets glissants<br \/>\n\u2022 Travaux pr\u00e9cis<br \/>\n<strong>CONDITIONNEMENT<\/strong><br \/>\n\u2022 Emball\u00e9s par 12 paires<br \/>\n\u2022 Carton de 300 paires<br \/>\n<strong>NORMALISATION<\/strong><br \/>\nCe gant est conforme aux dispositions de l\u2019annexe II, ins\u00e9r\u00e9e dans le livre <strong>II du Code du Travail conform\u00e9ment \u00e0 l\u2019article R-233.151 dudit Code.<\/strong><br \/>\nExigences g\u00e9n\u00e9rales de la norme :<br \/>\n\u2022 PH<br \/>\n\u2022 Teneur en chrome<br \/>\n\u2022 Dext\u00e9rit\u00e9<br \/>\n\u2022 Innocuit\u00e9<\/p>\n","protected":false},"excerpt":{"rendered":"<p><strong>Gant toile coton, picots PVC noirs R\u00e9f. : 4165<\/strong><\/p>\n<p><strong>DESCRIPTIF G\u00c9N\u00c9RAL ET MATI\u00c8RES<\/strong><br \/>\n\u2022 Gants de protection des pi\u00e8ces<br \/>\n\u2022 Picots en PVC<br \/>\n\u2022 Toile coton crois\u00e9<br \/>\n\u2022 Poignet tricot\u00e9<\/p>\n<p><a href=\"https:\/\/prosafedz.com\/fr\/wp-content\/uploads\/2018\/10\/17-4165.pdf\n\" target=\"_blank\" rel=\"noopener noreferrer\"><button style=\"background-color: #90a96b; font-seize: 20px;\"><strong>T\u00e9l\u00e9charger La Fiche Technique<\/strong><\/button><\/a><\/p>\n","protected":false},"featured_media":32276,"template":"","meta":[],"product_brand":[],"product_cat":[125],"product_tag":[427,428,429,1168],"class_list":{"0":"post-29553","1":"product","2":"type-product","3":"status-publish","4":"has-post-thumbnail","6":"product_cat-5-3-gants-de-manutention-docker-tricote","7":"product_tag-gant-toile-coton","8":"product_tag-gants-cousus-4160-4165","9":"product_tag-picots-pvc-noirs-4160-4165","10":"product_tag-picots-pvc-noirs-ref-4165","12":"first","13":"instock","14":"shipping-taxable","15":"product-type-simple"},"_links":{"self":[{"href":"https:\/\/prosafedz.com\/fr\/wp-json\/wp\/v2\/product\/29553","targetHints":{"allow":["GET"]}}],"collection":[{"href":"https:\/\/prosafedz.com\/fr\/wp-json\/wp\/v2\/product"}],"about":[{"href":"https:\/\/prosafedz.com\/fr\/wp-json\/wp\/v2\/types\/product"}],"wp:featuredmedia":[{"embeddable":true,"href":"https:\/\/prosafedz.com\/fr\/wp-json\/wp\/v2\/media\/32276"}],"wp:attachment":[{"href":"https:\/\/prosafedz.com\/fr\/wp-json\/wp\/v2\/media?parent=29553"}],"wp:term":[{"taxonomy":"product_brand","embeddable":true,"href":"https:\/\/prosafedz.com\/fr\/wp-json\/wp\/v2\/product_brand?post=29553"},{"taxonomy":"product_cat","embeddable":true,"href":"https:\/\/prosafedz.com\/fr\/wp-json\/wp\/v2\/product_cat?post=29553"},{"taxonomy":"product_tag","embeddable":true,"href":"https:\/\/prosafedz.com\/fr\/wp-json\/wp\/v2\/product_tag?post=29553"}],"curies":[{"name":"wp","href":"https:\/\/api.w.org\/{rel}","templated":true}]}}