{"id":29539,"date":"2018-10-27T13:34:08","date_gmt":"2018-10-27T12:34:08","guid":{"rendered":"https:\/\/prosafedz.com\/?post_type=product&#038;p=29539"},"modified":"2024-09-15T12:41:22","modified_gmt":"2024-09-15T10:41:22","slug":"gants-cousus-4146-4147-4148-4149-4150-4151","status":"publish","type":"product","link":"https:\/\/prosafedz.com\/fr\/produit\/gants-cousus-4146-4147-4148-4149-4150-4151\/","title":{"rendered":"Gant docker cro\u00fbte vachette sup\u00e9rieure blanc R\u00e9f 150"},"content":{"rendered":"<p><strong>AVANTAGES\u00a0<\/strong><strong>SP\u00c9CIFIQUES<\/strong><br \/>\n\u2022 L\u00e9g\u00e8ret\u00e9<br \/>\n\u2022 Tr\u00e8s bonne dext\u00e9rit\u00e9<br \/>\n\u2022 S\u2019adapte \u00e0 la forme de la main<br \/>\n\u2022 Peut \u00eatre utilis\u00e9 en sous-gant<br \/>\n\u2022 Solidit\u00e9<br \/>\n\u2022 Confort<br \/>\n<strong>PRINCIPAUX DOMAINES D\u2019UTILISATION<\/strong><br \/>\n\u2022 Grosse manutention<br \/>\n\u2022 Bois et menuiserie<br \/>\n\u2022 Activit\u00e9s de transport et de magasinier<br \/>\n\u2022 Ma\u00e7onnerie<br \/>\n<strong>CONDITIONNEMENT<\/strong><br \/>\n\u2022 Emball\u00e9s par 12 paires<br \/>\n\u2022 Carton de 120 paires<br \/>\n<strong>NORMALISATION<\/strong><br \/>\nCe gant est conforme aux dispositions de l\u2019annexe II, ins\u00e9r\u00e9e \u00e0 la fin du livre <strong>II du Code du Travail conform\u00e9ment \u00e0 l\u2019article R-233.151 dudit code.<\/strong><br \/>\nExigences pour les gants de protection :<br \/>\n\u2022 pH entre 3,5 et 9,5<br \/>\n\u2022 Dext\u00e9rit\u00e9: niveau test\u00e9 par la laboratoire entre 0 et 5<br \/>\n\u2022 Innocuit\u00e9<\/p>\n","protected":false},"excerpt":{"rendered":"<p><strong>DESCRIPTIF G\u00c9N\u00c9RAL ET MATI\u00c8RES<br \/>\n<\/strong>\u2022 Gants dockers en cro\u00fbte de vachette<br \/>\n\u2022 Paume doubl\u00e9e coton<br \/>\n\u2022 Prot\u00e8ge-art\u00e8re<br \/>\n\u2022 Dos en toile blanche<br \/>\n\u2022 Manchette en toile blanche<br \/>\n\u2022 Coton blanc cousu<br \/>\n\u2022 Jauge 20<br \/>\n\u2022 Coupe : fourchette avec ourlet<\/p>\n<p><a href=\"http:\/\/prosafedz.com\/fr\/wp-content\/uploads\/2021\/08\/10-150.pdf\" target=\"_blank\" rel=\"noopener noreferrer\"><button style=\"background-color: #90a96b; font-seize: 20px;\"><strong>T\u00e9l\u00e9charger La Fiche Technique<\/strong><\/button><\/a><\/p>\n","protected":false},"featured_media":33735,"template":"","meta":[],"product_brand":[],"product_cat":[125],"product_tag":[418,419,1160,420],"class_list":{"0":"post-29539","1":"product","2":"type-product","3":"status-publish","4":"has-post-thumbnail","6":"product_cat-5-3-gants-de-manutention-docker-tricote","7":"product_tag-fourchette-4146-4147-4148-4149-4150-4151","8":"product_tag-gant-coton-jersey-blanchi","9":"product_tag-gant-docker-croute-vachette-superieure-blanc-ref-150","10":"product_tag-gants-cousus-4146-4147-4148-4149-4150-4151","11":"yith_product_brand-eurotechnique","13":"first","14":"instock","15":"shipping-taxable","16":"product-type-simple"},"_links":{"self":[{"href":"https:\/\/prosafedz.com\/fr\/wp-json\/wp\/v2\/product\/29539","targetHints":{"allow":["GET"]}}],"collection":[{"href":"https:\/\/prosafedz.com\/fr\/wp-json\/wp\/v2\/product"}],"about":[{"href":"https:\/\/prosafedz.com\/fr\/wp-json\/wp\/v2\/types\/product"}],"wp:featuredmedia":[{"embeddable":true,"href":"https:\/\/prosafedz.com\/fr\/wp-json\/wp\/v2\/media\/33735"}],"wp:attachment":[{"href":"https:\/\/prosafedz.com\/fr\/wp-json\/wp\/v2\/media?parent=29539"}],"wp:term":[{"taxonomy":"product_brand","embeddable":true,"href":"https:\/\/prosafedz.com\/fr\/wp-json\/wp\/v2\/product_brand?post=29539"},{"taxonomy":"product_cat","embeddable":true,"href":"https:\/\/prosafedz.com\/fr\/wp-json\/wp\/v2\/product_cat?post=29539"},{"taxonomy":"product_tag","embeddable":true,"href":"https:\/\/prosafedz.com\/fr\/wp-json\/wp\/v2\/product_tag?post=29539"}],"curies":[{"name":"wp","href":"https:\/\/api.w.org\/{rel}","templated":true}]}}