{"id":29522,"date":"2018-10-27T13:25:41","date_gmt":"2018-10-27T12:25:41","guid":{"rendered":"https:\/\/prosafedz.com\/?post_type=product&#038;p=29522"},"modified":"2024-09-15T12:42:36","modified_gmt":"2024-09-15T10:42:36","slug":"gants-tricotes-cousus-coton-nylon-4348-4349","status":"publish","type":"product","link":"https:\/\/prosafedz.com\/fr\/produit\/gants-tricotes-cousus-coton-nylon-4348-4349\/","title":{"rendered":"Gant polyester coton tricot\u00e9 avec picots sur 1 face  R\u00e9f. : 4349"},"content":{"rendered":"<p><strong>AVANTAGES\u00a0<\/strong><strong>SP\u00c9CIFIQUES<\/strong><br \/>\n\u2022 Antid\u00e9rapant<br \/>\n\u2022 Dext\u00e9rit\u00e9<br \/>\n\u2022 Confort<br \/>\n<strong>PRINCIPAUX DOMAINES D\u2019UTILISATION<\/strong><br \/>\n\u2022 Manutention l\u00e9g\u00e8re et s\u00e8che<br \/>\n\u2022 Activit\u00e9s de transport et de magasinier<br \/>\n<strong>CONDITIONNEMENT<\/strong><br \/>\n\u2022 Emball\u00e9s par 12 paires<br \/>\n\u2022 Carton de 300 paires<br \/>\n<strong>NORMALISATION<\/strong><br \/>\nCe gant est conforme aux dispositions <strong>de l\u2019annexe II, ins\u00e9r\u00e9e dans le livre II du Code du Travail<\/strong><br \/>\n<strong>conform\u00e9ment \u00e0 l\u2019article R 233.151 dudit Code.<\/strong><br \/>\nExigences g\u00e9n\u00e9rales de la norme :<br \/>\n\u2022 PH<br \/>\n\u2022 Dext\u00e9rit\u00e9<br \/>\n\u2022 Innocuit\u00e9<\/p>\n","protected":false},"excerpt":{"rendered":"<p><strong>Gants polyester coton tricot\u00e9 avec picots sur 1 face R\u00e9f. : 4349<\/strong><\/p>\n<p><strong>DESCRIPTIF G\u00c9N\u00c9RAL ET MATI\u00c8RES<\/strong><br \/>\n\u2022 Gants en coton polyester<br \/>\n\u2022 Enduction de la paume avec picots<br \/>\n\u2022 Poignets tricot\u00e9s<br \/>\n\u2022 4 fils, 10 jauge, 78 g<\/p>\n<p><a href=\"https:\/\/prosafedz.com\/fr\/wp-content\/uploads\/2018\/10\/4349.pdf\n\" target=\"_blank\" rel=\"noopener noreferrer\"><button style=\"background-color: #90a96b; font-seize: 20px;\"><strong>T\u00e9l\u00e9charger La Fiche Technique<\/strong><\/button><\/a><\/p>\n","protected":false},"featured_media":32272,"template":"","meta":[],"product_brand":[],"product_cat":[125],"product_tag":[1165,409,410],"class_list":{"0":"post-29522","1":"product","2":"type-product","3":"status-publish","4":"has-post-thumbnail","6":"product_cat-5-3-gants-de-manutention-docker-tricote","7":"product_tag-gants-polyester-coton-tricote-avec-picots-sur-1-face-ref-4349","8":"product_tag-gants-polyester-coton-tricote-avec-picots-sur-une-face-4348-4349","9":"product_tag-gants-tricotes-cousus-coton-nylon-4348-4349","11":"first","12":"instock","13":"shipping-taxable","14":"product-type-simple"},"_links":{"self":[{"href":"https:\/\/prosafedz.com\/fr\/wp-json\/wp\/v2\/product\/29522","targetHints":{"allow":["GET"]}}],"collection":[{"href":"https:\/\/prosafedz.com\/fr\/wp-json\/wp\/v2\/product"}],"about":[{"href":"https:\/\/prosafedz.com\/fr\/wp-json\/wp\/v2\/types\/product"}],"wp:featuredmedia":[{"embeddable":true,"href":"https:\/\/prosafedz.com\/fr\/wp-json\/wp\/v2\/media\/32272"}],"wp:attachment":[{"href":"https:\/\/prosafedz.com\/fr\/wp-json\/wp\/v2\/media?parent=29522"}],"wp:term":[{"taxonomy":"product_brand","embeddable":true,"href":"https:\/\/prosafedz.com\/fr\/wp-json\/wp\/v2\/product_brand?post=29522"},{"taxonomy":"product_cat","embeddable":true,"href":"https:\/\/prosafedz.com\/fr\/wp-json\/wp\/v2\/product_cat?post=29522"},{"taxonomy":"product_tag","embeddable":true,"href":"https:\/\/prosafedz.com\/fr\/wp-json\/wp\/v2\/product_tag?post=29522"}],"curies":[{"name":"wp","href":"https:\/\/api.w.org\/{rel}","templated":true}]}}