{"id":29491,"date":"2018-10-27T13:05:03","date_gmt":"2018-10-27T12:05:03","guid":{"rendered":"https:\/\/prosafedz.com\/?post_type=product&#038;p=29491"},"modified":"2024-09-15T12:43:15","modified_gmt":"2024-09-15T10:43:15","slug":"gants-manutention-lourde-3831","status":"publish","type":"product","link":"https:\/\/prosafedz.com\/fr\/produit\/gants-manutention-lourde-3831\/","title":{"rendered":"Gant latex vulcanis\u00e9 rouge mod\u00e8le \u00e9conomique  R\u00e9f. : 3831"},"content":{"rendered":"<p><strong>AVANTAGES\u00a0<\/strong><strong>SP\u00c9CIFIQUES<\/strong><br \/>\n\u2022 Confort<br \/>\n\u2022 Serrage poignet<br \/>\n\u2022 A\u00e9r\u00e9<br \/>\n\u2022 Anti-coupure<br \/>\n\u2022 R\u00e9sistance \u00e0 l\u2019abrasion et \u00e0 la d\u00e9chirure<br \/>\n<strong>PRINCIPAUX DOMAINES D\u2019UTILISATION<\/strong><br \/>\n\u2022 Manutention d\u2019objets coupants<br \/>\n\u2022 Horticulture<br \/>\n\u2022 Profil\u00e9 alu \/ m\u00e9tal<br \/>\n\u2022 Ramassage et tri des d\u00e9chets<br \/>\n<strong>CONDITIONNEMENT<\/strong><br \/>\n\u2022 Emball\u00e9s par 12 paires<br \/>\n\u2022 Carton de 120 paires<br \/>\n<strong>NORMALISATION<\/strong><br \/>\nCe gant est conforme au mod\u00e8le de l\u2019\u00e9quipement de protection individuelle ayant fait l\u2019objet de<br \/>\nL\u2019attestation <strong>CE de type 0075\/108\/162\/07\/10\/0336<\/strong><br \/>\n<strong>D\u00e9livr\u00e9e par CTC (organisme n\u00b0 0075)<\/strong><br \/>\n\u2022 Abrasion = 3\/4<br \/>\n\u2022 Coupure par tranchage = 1\/5<br \/>\n\u2022 D\u00e9chirure = 2\/4<br \/>\n\u2022 Perforation = 2\/4<\/p>\n","protected":false},"excerpt":{"rendered":"<p><strong>Gant latex vulcanis\u00e9 rouge mod\u00e8le \u00e9conomique R\u00e9f. : 3831<\/strong><\/p>\n<p><strong>DESCRIPTIF G\u00c9N\u00c9RAL ET MATI\u00c8RES<\/strong><br \/>\n\u2022 Dos en tricot<br \/>\n\u2022 Poignet \u00e9lastique<br \/>\n\u2022 Qualit\u00e9 standard<br \/>\n\u2022 Double enduction de latex vulcanis\u00e9 condens\u00e9<br \/>\n\u2022 Pouce et index renforc\u00e9s<\/p>\n<p><a href=\"https:\/\/prosafedz.com\/fr\/wp-content\/uploads\/2018\/10\/07-3831.pdf\n\" target=\"_blank\" rel=\"noopener noreferrer\"><button style=\"background-color: #90a96b; font-seize: 20px;\"><strong>T\u00e9l\u00e9charger La Fiche Technique<\/strong><\/button><\/a><\/p>\n","protected":false},"featured_media":32261,"template":"","meta":[],"product_brand":[],"product_cat":[125],"product_tag":[1156,392,393],"class_list":{"0":"post-29491","1":"product","2":"type-product","3":"status-publish","4":"has-post-thumbnail","6":"product_cat-5-3-gants-de-manutention-docker-tricote","7":"product_tag-gant-latex-vulcanise-rouge-modele-economique-ref-3831","8":"product_tag-gants-latex-vulcanise-rouge-modele-economique","9":"product_tag-gants-manutention-lourde-3831","10":"yith_product_brand-eurotechnique","12":"first","13":"instock","14":"shipping-taxable","15":"product-type-simple"},"_links":{"self":[{"href":"https:\/\/prosafedz.com\/fr\/wp-json\/wp\/v2\/product\/29491","targetHints":{"allow":["GET"]}}],"collection":[{"href":"https:\/\/prosafedz.com\/fr\/wp-json\/wp\/v2\/product"}],"about":[{"href":"https:\/\/prosafedz.com\/fr\/wp-json\/wp\/v2\/types\/product"}],"wp:featuredmedia":[{"embeddable":true,"href":"https:\/\/prosafedz.com\/fr\/wp-json\/wp\/v2\/media\/32261"}],"wp:attachment":[{"href":"https:\/\/prosafedz.com\/fr\/wp-json\/wp\/v2\/media?parent=29491"}],"wp:term":[{"taxonomy":"product_brand","embeddable":true,"href":"https:\/\/prosafedz.com\/fr\/wp-json\/wp\/v2\/product_brand?post=29491"},{"taxonomy":"product_cat","embeddable":true,"href":"https:\/\/prosafedz.com\/fr\/wp-json\/wp\/v2\/product_cat?post=29491"},{"taxonomy":"product_tag","embeddable":true,"href":"https:\/\/prosafedz.com\/fr\/wp-json\/wp\/v2\/product_tag?post=29491"}],"curies":[{"name":"wp","href":"https:\/\/api.w.org\/{rel}","templated":true}]}}