{"id":29483,"date":"2018-10-27T13:00:55","date_gmt":"2018-10-27T12:00:55","guid":{"rendered":"https:\/\/prosafedz.com\/?post_type=product&#038;p=29483"},"modified":"2024-09-15T12:43:57","modified_gmt":"2024-09-15T10:43:57","slug":"gants-manutention-lourde-3863-3864-3865","status":"publish","type":"product","link":"https:\/\/prosafedz.com\/fr\/produit\/gants-manutention-lourde-3863-3864-3865\/","title":{"rendered":"Gant GRIP jaune enduit latex orange  R\u00e9f. : 3865"},"content":{"rendered":"<p><strong>AVANTAGES\u00a0<\/strong><strong>SP\u00c9CIFIQUES<\/strong><br \/>\n\u2022 Confort<br \/>\n\u2022 R\u00e9sistance m\u00e9canique<br \/>\n\u2022 Usage prolong\u00e9 possible (dos a\u00e9r\u00e9)<br \/>\n<strong>PRINCIPAUX DOMAINES D\u2019UTILISATION<\/strong><br \/>\n\u2022 Manutention lourde<br \/>\n\u2022 Travaux courants et m\u00e9caniques<br \/>\n\u2022 Manutention d\u2019objets glissants<br \/>\n\u2022 M\u00e9canique g\u00e9n\u00e9rale<br \/>\n\u2022 Agriculture et horticulture<br \/>\n<strong>CONDITIONNEMENT<\/strong><br \/>\n\u2022 Sachet de 10 paires<br \/>\n\u2022 Carton de 100 paires<br \/>\n<strong>NORMALISATION<\/strong><br \/>\nCe gant est conforme au mod\u00e8le de l\u2019\u00e9quipement de protection individuelle ayant fait l\u2019objet de<br \/>\nL\u2019attestation <strong>CE de type N\u00b0 IN-00461\/2011-OC-CE-E-1\/11\/03\/2011<\/strong><br \/>\n<strong>D\u00e9livr\u00e9e par LEITAT (organisme notifi\u00e9 n\u00b00162)<\/strong><br \/>\n\u2022 Abrasion = 3\/4<br \/>\n\u2022 Coupure par tranchage = 1\/5<br \/>\n\u2022 D\u00e9chirure = 4\/4<br \/>\n\u2022 Perforation = 2\/4<\/p>\n","protected":false},"excerpt":{"rendered":"<p><strong>Gant GRIP jaune enduit latex orange R\u00e9f. : 3865<\/strong><\/p>\n<p><strong>DESCRIPTIF G\u00c9N\u00c9RAL ET MATI\u00c8RES<\/strong><br \/>\n\u2022 Gants en poly-coton<br \/>\n\u2022 Double enduction de latex sup\u00e9rieur condens\u00e9 orange<br \/>\n\u2022 Pouce et index renforc\u00e9s<br \/>\n\u2022 Dos a\u00e9r\u00e9<br \/>\n\u2022 Poignet \u00e9lastique<br \/>\n\u2022 Qualit\u00e9 sup\u00e9rieure<\/p>\n<p><a href=\"https:\/\/prosafedz.com\/fr\/wp-content\/uploads\/2018\/10\/04-3865.pdf\n\" target=\"_blank\" rel=\"noopener noreferrer\"><button style=\"background-color: #90a96b; font-seize: 20px;\"><strong>T\u00e9l\u00e9charger La Fiche Technique<\/strong><\/button><\/a><\/p>\n","protected":false},"featured_media":32257,"template":"","meta":[],"product_brand":[],"product_cat":[125],"product_tag":[386,1153,387],"class_list":{"0":"post-29483","1":"product","2":"type-product","3":"status-publish","4":"has-post-thumbnail","6":"product_cat-5-3-gants-de-manutention-docker-tricote","7":"product_tag-gant-grip-jaune-enduit-latex-orange-3863-3864-3865","8":"product_tag-gant-grip-jaune-enduit-latex-orange-ref-3865","9":"product_tag-gants-manutention-lourde-3863-3864-3865","10":"yith_product_brand-eurotechnique","12":"first","13":"instock","14":"shipping-taxable","15":"product-type-simple"},"_links":{"self":[{"href":"https:\/\/prosafedz.com\/fr\/wp-json\/wp\/v2\/product\/29483","targetHints":{"allow":["GET"]}}],"collection":[{"href":"https:\/\/prosafedz.com\/fr\/wp-json\/wp\/v2\/product"}],"about":[{"href":"https:\/\/prosafedz.com\/fr\/wp-json\/wp\/v2\/types\/product"}],"wp:featuredmedia":[{"embeddable":true,"href":"https:\/\/prosafedz.com\/fr\/wp-json\/wp\/v2\/media\/32257"}],"wp:attachment":[{"href":"https:\/\/prosafedz.com\/fr\/wp-json\/wp\/v2\/media?parent=29483"}],"wp:term":[{"taxonomy":"product_brand","embeddable":true,"href":"https:\/\/prosafedz.com\/fr\/wp-json\/wp\/v2\/product_brand?post=29483"},{"taxonomy":"product_cat","embeddable":true,"href":"https:\/\/prosafedz.com\/fr\/wp-json\/wp\/v2\/product_cat?post=29483"},{"taxonomy":"product_tag","embeddable":true,"href":"https:\/\/prosafedz.com\/fr\/wp-json\/wp\/v2\/product_tag?post=29483"}],"curies":[{"name":"wp","href":"https:\/\/api.w.org\/{rel}","templated":true}]}}