{"id":29451,"date":"2018-10-27T12:31:06","date_gmt":"2018-10-27T11:31:06","guid":{"rendered":"https:\/\/prosafedz.com\/?post_type=product&#038;p=29451"},"modified":"2024-09-15T12:44:09","modified_gmt":"2024-09-15T10:44:09","slug":"gants-anti-chaleur-4657","status":"publish","type":"product","link":"https:\/\/prosafedz.com\/fr\/produit\/gants-anti-chaleur-4657\/","title":{"rendered":"Gant Kevlar\u00ae lourd doubl\u00e9 coton 35 cm  R\u00e9f. : 4657"},"content":{"rendered":"<p><strong>AVANTAGES\u00a0<\/strong><b>SP\u00c9CIFIQUES<\/b><br \/>\n\u2022 Dext\u00e9rit\u00e9<br \/>\n\u2022 Anti-coupure<br \/>\n\u2022 Anti-chaleur<br \/>\n\u2022 Bonne r\u00e9sistance \u00e0 la d\u00e9chirure<br \/>\n\u2022 Manchette longue<br \/>\n<strong>PRINCIPAUX DOMAINES D\u2019UTILISATION<\/strong><br \/>\n\u2022 Manutention d\u2019objets coupants<br \/>\n\u2022 Profil\u00e9 alu \/ m\u00e9tal<br \/>\n\u2022 Protection de la chaleur<br \/>\n<strong>CONDITIONNEMENT<\/strong><br \/>\n\u2022 Emball\u00e9s par 5 paires<br \/>\n\u2022 Carton de 50 paires<br \/>\n<strong>NORMALISATION<\/strong><br \/>\nCe gant est conforme au mod\u00e8le de l\u2019\u00e9quipement de protection individuelle ayant fait l\u2019objet de<br \/>\nL\u2019attestation <strong>CE de type 0072\/108\/162\/10\/03\/0112\/EX01 10 03<\/strong><br \/>\n<strong>D\u00e9livr\u00e9e par IFTH (organisme n\u00b0 0072)<\/strong><br \/>\n\u2022 Abrasion = 2\/4<br \/>\n\u2022 Coupure par tranchage = 4\/5<br \/>\n\u2022 D\u00e9chirure = 4\/4<br \/>\n\u2022 Perforation = X\/4<br \/>\n\u2022 R\u00e9sistance \u00e0 l\u2019inflammabilit\u00e9 = X<br \/>\n\u2022 R\u00e9sistance \u00e0 la chaleur de contact = 2\/4<br \/>\n\u2022 R\u00e9sistance \u00e0 la chaleur convective = X<br \/>\n\u2022 R\u00e9sistance \u00e0 la chaleur de contact = X<br \/>\n\u2022 R\u00e9sistance \u00e0 de petites projections de m\u00e9tal<br \/>\nen fusion = X<br \/>\n\u2022 R\u00e9sistance \u00e0 d\u2019importantes projections de<br \/>\nm\u00e9tal en fusion = X<\/p>\n","protected":false},"excerpt":{"rendered":"<p><strong>Gant Kevlar\u00ae lourd doubl\u00e9 coton 35 cm R\u00e9f. : 4657<\/strong><\/p>\n<p><strong>DESCRIPTIF G\u00c9N\u00c9RAL ET MATI\u00c8RES<\/strong><br \/>\nGants anti-coupure et anti-chaleur<br \/>\n\u2022 Doublure en coton \u00e9pais<br \/>\n\u2022 Gants en Kevlar\u00ae tricot\u00e9 lourd<br \/>\n\u2022 Isolation thermique : 250\u00b0C<\/p>\n<p><a href=\"https:\/\/prosafedz.com\/fr\/wp-content\/uploads\/2018\/10\/01-4657.pdf\n\" target=\"_blank\" rel=\"noopener noreferrer\"><button style=\"background-color: #90a96b; font-seize: 20px;\"><strong>T\u00e9l\u00e9charger La Fiche Technique<\/strong><\/button><\/a><\/p>\n","protected":false},"featured_media":32294,"template":"","meta":[],"product_brand":[],"product_cat":[145],"product_tag":[369,1180,370],"class_list":{"0":"post-29451","1":"product","2":"type-product","3":"status-publish","4":"has-post-thumbnail","6":"product_cat-5-5-gants-anti-chaleur-soudeur","7":"product_tag-gant-anti-chaleur-kevlar-lourd-double-coton-35-cm-4657","8":"product_tag-gant-kevlar-lourd-double-coton-35-cm-ref-4657","9":"product_tag-gants-anti-chaleur-4657","10":"yith_product_brand-eurotechnique","12":"first","13":"instock","14":"shipping-taxable","15":"product-type-simple"},"_links":{"self":[{"href":"https:\/\/prosafedz.com\/fr\/wp-json\/wp\/v2\/product\/29451","targetHints":{"allow":["GET"]}}],"collection":[{"href":"https:\/\/prosafedz.com\/fr\/wp-json\/wp\/v2\/product"}],"about":[{"href":"https:\/\/prosafedz.com\/fr\/wp-json\/wp\/v2\/types\/product"}],"wp:featuredmedia":[{"embeddable":true,"href":"https:\/\/prosafedz.com\/fr\/wp-json\/wp\/v2\/media\/32294"}],"wp:attachment":[{"href":"https:\/\/prosafedz.com\/fr\/wp-json\/wp\/v2\/media?parent=29451"}],"wp:term":[{"taxonomy":"product_brand","embeddable":true,"href":"https:\/\/prosafedz.com\/fr\/wp-json\/wp\/v2\/product_brand?post=29451"},{"taxonomy":"product_cat","embeddable":true,"href":"https:\/\/prosafedz.com\/fr\/wp-json\/wp\/v2\/product_cat?post=29451"},{"taxonomy":"product_tag","embeddable":true,"href":"https:\/\/prosafedz.com\/fr\/wp-json\/wp\/v2\/product_tag?post=29451"}],"curies":[{"name":"wp","href":"https:\/\/api.w.org\/{rel}","templated":true}]}}