{"id":29419,"date":"2018-10-27T12:10:15","date_gmt":"2018-10-27T11:10:15","guid":{"rendered":"https:\/\/prosafedz.com\/?post_type=product&#038;p=29419"},"modified":"2024-09-15T12:44:29","modified_gmt":"2024-09-15T10:44:29","slug":"gants-anti-coupures-kevlar-4666-4667","status":"publish","type":"product","link":"https:\/\/prosafedz.com\/fr\/produit\/gants-anti-coupures-kevlar-4666-4667\/","title":{"rendered":"Manchette Kevlar\u00ae Long. 45 cm (la paire)  R\u00e9f. : 4667"},"content":{"rendered":"<p><strong>AVANTAGES\u00a0<\/strong><strong>SP\u00c9CIFIQUES<\/strong><br \/>\n\u2022 R\u00e9sistance \u00e0 la coupure<br \/>\n\u2022 R\u00e9sistance \u00e0 la chaleur jusqu\u2019\u00e0 100\u00b0C<br \/>\n<strong>PRINCIPAUX DOMAINES D\u2019UTILISATION<\/strong><br \/>\n\u2022 Protection de la chaleur<br \/>\n\u2022 Protection de l\u2019avant-bras contre les objets coupants<br \/>\n<strong>CONDITIONNEMENT<\/strong><br \/>\n\u2022 Emball\u00e9es par 12<br \/>\n\u2022 Carton de 144 paires<br \/>\n<strong>NORMALISATION<\/strong><br \/>\nCette manchette est conforme au mod\u00e8le de l\u2019\u00e9quipement de protection individuelle ayant fait l\u2019objet de<br \/>\nL\u2019attestation <strong>CE de type GB09\/78590<\/strong><br \/>\n<strong>D\u00e9livr\u00e9e par SGS (organisme n\u00b0 0120)<\/strong><br \/>\n\u2022 Abrasion = 1\/4<br \/>\n\u2022 Coupure par tranchage = 3\/5<br \/>\n\u2022 D\u00e9chirure = 4\/4<br \/>\n\u2022 Perforation = 3\/4<br \/>\n\u2022 R\u00e9sistance \u00e0 l\u2019inflammabilit\u00e9 = X<br \/>\n\u2022 R\u00e9sistance \u00e0 la chaleur de contact = 1\/4<br \/>\n\u2022 R\u00e9sistance \u00e0 la chaleur radiante = X<br \/>\n\u2022 R\u00e9sistance \u00e0 de petites projections<br \/>\nde m\u00e9tal en fusion = X<br \/>\n\u2022R\u00e9sistance \u00e0 d\u2019importantes projection de<br \/>\nm\u00e9tal en fusion = X<\/p>\n","protected":false},"excerpt":{"rendered":"<p><strong>Manchette Kevlar\u00ae Long. 45 cm (la paire) R\u00e9f. : 4667<\/strong><\/p>\n<p><strong>DESCRIPTIF G\u00c9N\u00c9RAL ET MATI\u00c8RES<\/strong><br \/>\n\u2022 Manchette anti-chaleur \u2022 Kevlar\u00ae tricot\u00e9<\/p>\n<p><a href=\"https:\/\/prosafedz.com\/fr\/wp-content\/uploads\/2018\/10\/09-4667.pdf\n\" target=\"_blank\" rel=\"noopener noreferrer\"><button style=\"background-color: #90a96b; font-seize: 20px;\"><strong>T\u00e9l\u00e9charger La Fiche Technique<\/strong><\/button><\/a><\/p>\n","protected":false},"featured_media":32216,"template":"","meta":[],"product_brand":[],"product_cat":[320],"product_tag":[350,1127,351],"class_list":{"0":"post-29419","1":"product","2":"type-product","3":"status-publish","4":"has-post-thumbnail","6":"product_cat-5-1-gants-anti-coupures","7":"product_tag-gants-anti-coupures-kevlar-4666-4667","8":"product_tag-manchette-kevlar-long-45-cm-la-paire-ref-4667","9":"product_tag-manchettes-kevlar-long-45-cm-la-paire-4666-4667","10":"yith_product_brand-eurotechnique","12":"first","13":"instock","14":"shipping-taxable","15":"product-type-simple"},"_links":{"self":[{"href":"https:\/\/prosafedz.com\/fr\/wp-json\/wp\/v2\/product\/29419","targetHints":{"allow":["GET"]}}],"collection":[{"href":"https:\/\/prosafedz.com\/fr\/wp-json\/wp\/v2\/product"}],"about":[{"href":"https:\/\/prosafedz.com\/fr\/wp-json\/wp\/v2\/types\/product"}],"wp:featuredmedia":[{"embeddable":true,"href":"https:\/\/prosafedz.com\/fr\/wp-json\/wp\/v2\/media\/32216"}],"wp:attachment":[{"href":"https:\/\/prosafedz.com\/fr\/wp-json\/wp\/v2\/media?parent=29419"}],"wp:term":[{"taxonomy":"product_brand","embeddable":true,"href":"https:\/\/prosafedz.com\/fr\/wp-json\/wp\/v2\/product_brand?post=29419"},{"taxonomy":"product_cat","embeddable":true,"href":"https:\/\/prosafedz.com\/fr\/wp-json\/wp\/v2\/product_cat?post=29419"},{"taxonomy":"product_tag","embeddable":true,"href":"https:\/\/prosafedz.com\/fr\/wp-json\/wp\/v2\/product_tag?post=29419"}],"curies":[{"name":"wp","href":"https:\/\/api.w.org\/{rel}","templated":true}]}}