{"id":29391,"date":"2018-10-27T11:49:25","date_gmt":"2018-10-27T10:49:25","guid":{"rendered":"https:\/\/prosafedz.com\/?post_type=product&#038;p=29391"},"modified":"2024-05-19T15:29:45","modified_gmt":"2024-05-19T13:29:45","slug":"gants-anti-coupures-taeki5-6927-6928-6929-6930-6931","status":"publish","type":"product","link":"https:\/\/prosafedz.com\/fr\/produit\/gants-anti-coupures-taeki5-6927-6928-6929-6930-6931\/","title":{"rendered":"Gant TAEKI 5 paume enduite latex  R\u00e9f. : 6930"},"content":{"rendered":"<p><strong>AVANTAGES\u00a0<\/strong><strong>SP\u00c9CIFIQUES<\/strong><br \/>\n\u2022 Tr\u00e8s bonne r\u00e9sistance \u00e0 la coupure<br \/>\n\u2022 Bonne r\u00e9sistance \u00e0 la d\u00e9chirure<br \/>\n\u2022 Antid\u00e9rapant<br \/>\n\u2022 Bonne dext\u00e9rit\u00e9 et flexibilit\u00e9<br \/>\n<strong>PRINCIPAUX DOMAINES D\u2019UTILISATION<\/strong><br \/>\n\u2022 Travaux pr\u00e9cis et manipulation de pi\u00e8ces et composants tranchants<br \/>\n\u2022 Montage et m\u00e9canique<br \/>\n\u2022 Polissage<br \/>\n\u2022 Industrie de m\u00e9taux<br \/>\nNe pas utiliser avec des lames rotatives<br \/>\n<strong>CONDITIONNEMENT<\/strong><br \/>\n\u2022 Sachet individuel<br \/>\n\u2022 Emball\u00e9s par 10 paires\u00a0\u2022 Carton de 100 paires<br \/>\n<strong>NORMALISATION<\/strong><br \/>\nCe gant est conforme au mod\u00e8le de l\u2019\u00e9quipement de protection individuelle ayant fait l\u2019objet de<br \/>\nL\u2019attestation <strong>CE de Type N\u00b0 0075\/485\/162\/05\/08\/0126 \u2013 EXT 01\/07\/10<\/strong><br \/>\n<strong>D\u00e9livr\u00e9e par le CTC (organisme n\u00b0 0075)<\/strong><\/p>\n","protected":false},"excerpt":{"rendered":"<p><span style=\"color: #ff0000;\"><strong>Gant TAEKI 5 paume enduite latex\u00a0 R\u00e9f. : 69301<\/strong><\/span><\/p>\n<p><strong>DESCRIPTIF G\u00c9N\u00c9RAL ET MATI\u00c8RES<\/strong><br \/>\n\u2022 Gant tricot\u00e9 multifibres jauge 10<br \/>\n\u2022 Paume enduite de latex cr\u00eap\u00e9 gris fonc\u00e9<br \/>\n\u2022 Dos a\u00e9r\u00e9<br \/>\n\u2022 Poignet \u00e9lastique<\/p>\n<p><a href=\"https:\/\/prosafedz.com\/fr\/wp-content\/uploads\/2018\/10\/06-6930.pdf\n\" target=\"_blank\" rel=\"noopener noreferrer\"><button style=\"background-color: #90a96b; font-seize: 20px;\"><strong>T\u00e9l\u00e9charger La Fiche Technique<\/strong><\/button><\/a><\/p>\n","protected":false},"featured_media":32209,"template":"","meta":[],"product_brand":[],"product_cat":[320],"product_tag":[37,38,331,1121],"class_list":{"0":"post-29391","1":"product","2":"type-product","3":"status-publish","4":"has-post-thumbnail","6":"product_cat-5-1-gants-anti-coupures","7":"product_tag-epi","8":"product_tag-equipement-de-protection-individuelle","9":"product_tag-gants-anti-coupures-taeki5-6927-6928-6929-6930-6931","10":"product_tag-gants-taeki-5-paume-enduite-latex-ref-6930","11":"yith_product_brand-eurotechnique","13":"first","14":"instock","15":"shipping-taxable","16":"product-type-simple"},"_links":{"self":[{"href":"https:\/\/prosafedz.com\/fr\/wp-json\/wp\/v2\/product\/29391","targetHints":{"allow":["GET"]}}],"collection":[{"href":"https:\/\/prosafedz.com\/fr\/wp-json\/wp\/v2\/product"}],"about":[{"href":"https:\/\/prosafedz.com\/fr\/wp-json\/wp\/v2\/types\/product"}],"wp:featuredmedia":[{"embeddable":true,"href":"https:\/\/prosafedz.com\/fr\/wp-json\/wp\/v2\/media\/32209"}],"wp:attachment":[{"href":"https:\/\/prosafedz.com\/fr\/wp-json\/wp\/v2\/media?parent=29391"}],"wp:term":[{"taxonomy":"product_brand","embeddable":true,"href":"https:\/\/prosafedz.com\/fr\/wp-json\/wp\/v2\/product_brand?post=29391"},{"taxonomy":"product_cat","embeddable":true,"href":"https:\/\/prosafedz.com\/fr\/wp-json\/wp\/v2\/product_cat?post=29391"},{"taxonomy":"product_tag","embeddable":true,"href":"https:\/\/prosafedz.com\/fr\/wp-json\/wp\/v2\/product_tag?post=29391"}],"curies":[{"name":"wp","href":"https:\/\/api.w.org\/{rel}","templated":true}]}}