{"id":29379,"date":"2018-10-27T11:41:52","date_gmt":"2018-10-27T10:41:52","guid":{"rendered":"https:\/\/prosafedz.com\/?post_type=product&#038;p=29379"},"modified":"2024-05-19T14:33:11","modified_gmt":"2024-05-19T12:33:11","slug":"gants-anti-coupures-hpp-6847-6848-6849-6850","status":"publish","type":"product","link":"https:\/\/prosafedz.com\/fr\/produit\/gants-anti-coupures-hpp-6847-6848-6849-6850\/","title":{"rendered":"Gant HPPE coupure 5 &#8211; Pu nitrile noir R\u00e9f. : 6850"},"content":{"rendered":"<p><strong>AVANTAGES\u00a0<\/strong><strong>SP\u00c9CIFIQUES<\/strong><br \/>\n\u2022 Tr\u00e8s bonne r\u00e9sistance \u00e0 la coupure (garanti sur la paume)<br \/>\n\u2022 Tr\u00e8s bonne dext\u00e9rit\u00e9 et flexibilit\u00e9<br \/>\n\u2022 \u00c9pouse la forme de la main<br \/>\n\u2022 Bonne adh\u00e9rence<br \/>\n\u2022 Trait\u00e9 Actifresh\u00ae<br \/>\n<strong>PRINCIPAUX DOMAINES D\u2019UTILISATION<\/strong><br \/>\n\u2022 Travaux pr\u00e9cis et manipulations de verre, pi\u00e8ces et composants tranchants<br \/>\n\u2022 Montage automobile<br \/>\n\u2022 Polissage<br \/>\n\u2022 Industrie de verre et m\u00e9taux<br \/>\n\u2022 Ne pas utiliser avec des lames rotatives<br \/>\n<strong>CONDITIONNEMENT<\/strong><br \/>\nEmball\u00e9s en sachets individuels<br \/>\n\u2022 Par lots de 10\u00a0\u2022 Carton de 100 paires<br \/>\n<strong>NORMALISATION<\/strong><br \/>\nCe gant est conforme au mod\u00e8le de l\u2019\u00e9quipement de protection individuelle ayant fait l\u2019objet de L\u2019attestation <strong>CE de type 3765 (issue 1) Extension 1 D\u00e9livr\u00e9e par SATRA (organisme n\u00b00321)<\/strong><\/p>\n","protected":false},"excerpt":{"rendered":"<p><strong>Gant HPPE coupure 5 &#8211; Pu nitrile noir R\u00e9f. : 6850<\/strong><\/p>\n<p><strong>DESCRIPTIF G\u00c9N\u00c9RAL ET MATI\u00c8RES<\/strong><br \/>\n\u2022 Tricot\u00e9 fibres de verre\/Spandex\/fibres synth\u00e9tiques<br \/>\n\u2022 Jauge 13<\/p>\n<p>\u2022 Paume et doigts enduits Bi-polym\u00e8re nitrile\/PU noir<\/p>\n<p><a href=\"https:\/\/prosafedz.com\/fr\/wp-content\/uploads\/2018\/10\/6850.pdf\n\" target=\"_blank\" rel=\"noopener noreferrer\"><button style=\"background-color: #90a96b; font-seize: 20px;\"><strong>T\u00e9l\u00e9charger La Fiche Technique<\/strong><\/button><\/a><\/p>\n","protected":false},"featured_media":32202,"template":"","meta":[],"product_brand":[],"product_cat":[320],"product_tag":[37,38,1118,323],"class_list":{"0":"post-29379","1":"product","2":"type-product","3":"status-publish","4":"has-post-thumbnail","6":"product_cat-5-1-gants-anti-coupures","7":"product_tag-epi","8":"product_tag-equipement-de-protection-individuelle","9":"product_tag-gant-hppe-coupure-5-pu-nitrile-noir-ref-6850","10":"product_tag-gants-anti-coupures-hpp-6847-6848-6849-6850","11":"yith_product_brand-eurotechnique","13":"first","14":"instock","15":"shipping-taxable","16":"product-type-simple"},"_links":{"self":[{"href":"https:\/\/prosafedz.com\/fr\/wp-json\/wp\/v2\/product\/29379","targetHints":{"allow":["GET"]}}],"collection":[{"href":"https:\/\/prosafedz.com\/fr\/wp-json\/wp\/v2\/product"}],"about":[{"href":"https:\/\/prosafedz.com\/fr\/wp-json\/wp\/v2\/types\/product"}],"wp:featuredmedia":[{"embeddable":true,"href":"https:\/\/prosafedz.com\/fr\/wp-json\/wp\/v2\/media\/32202"}],"wp:attachment":[{"href":"https:\/\/prosafedz.com\/fr\/wp-json\/wp\/v2\/media?parent=29379"}],"wp:term":[{"taxonomy":"product_brand","embeddable":true,"href":"https:\/\/prosafedz.com\/fr\/wp-json\/wp\/v2\/product_brand?post=29379"},{"taxonomy":"product_cat","embeddable":true,"href":"https:\/\/prosafedz.com\/fr\/wp-json\/wp\/v2\/product_cat?post=29379"},{"taxonomy":"product_tag","embeddable":true,"href":"https:\/\/prosafedz.com\/fr\/wp-json\/wp\/v2\/product_tag?post=29379"}],"curies":[{"name":"wp","href":"https:\/\/api.w.org\/{rel}","templated":true}]}}