{"id":29367,"date":"2018-10-27T11:32:56","date_gmt":"2018-10-27T10:32:56","guid":{"rendered":"https:\/\/prosafedz.com\/?post_type=product&#038;p=29367"},"modified":"2024-09-15T12:44:37","modified_gmt":"2024-09-15T10:44:37","slug":"gants-de-precision-pu-6136-6137-6138-6139-6140-6141","status":"publish","type":"product","link":"https:\/\/prosafedz.com\/fr\/produit\/gants-de-precision-pu-6136-6137-6138-6139-6140-6141\/","title":{"rendered":"Gant polyester noir, paume enduite PU noir  R\u00e9f. : 6140"},"content":{"rendered":"<p><strong>AVANTAGES\u00a0<\/strong><strong>SP\u00c9CIFIQUES<\/strong><br \/>\n\u2022 Tr\u00e8s bonne dext\u00e9rit\u00e9<br \/>\n\u2022 L\u00e9g\u00e8ret\u00e9<br \/>\n\u2022 \u00c9pouse la forme de la main<br \/>\n\u2022 Peu salissant<br \/>\n\u2022 Bonne adh\u00e9rence<br \/>\n<strong>PRINCIPAUX DOMAINES D\u2019UTILISATION<\/strong><br \/>\nTravaux pr\u00e9cis et manipulations fines<br \/>\n\u2022 Montage<br \/>\n\u2022 Polissage<br \/>\n<strong>CONDITIONNEMENT<\/strong><br \/>\n\u2022 Emball\u00e9s par 10<br \/>\n\u2022 Carton de 100 paires<br \/>\n<strong>NORMALISATION<\/strong><br \/>\nCe gant est conforme au mod\u00e8le de l\u2019\u00e9quipement de protection individuelle ayant fait l\u2019objet de L\u2019attestation <strong>CE de type 0075\/1747\/162\/04\/13\/0307 D\u00e9livr\u00e9e par CTC (organisme n\u00b00075)<\/strong><br \/>\n\u2022 Abrasion = 4\/4<br \/>\n\u2022 Coupure par tranchage = 1\/5<br \/>\n\u2022 D\u00e9chirure = 3\/4<br \/>\n\u2022 Perforation = 1\/4<\/p>\n","protected":false},"excerpt":{"rendered":"<p><strong>Gant polyester noir, paume enduite PU noir R\u00e9f. : 6140<\/strong><\/p>\n<p><strong>DESCRIPTIF G\u00c9N\u00c9RAL ET MATI\u00c8RES<\/strong><br \/>\n\u2022 Tricot\u00e9 100 % polyester noir<br \/>\n\u2022 Jauge 13<br \/>\n\u2022 Paume enduite de polyur\u00e9thane noir<br \/>\n\u2022 Poignet \u00e9lastique<\/p>\n<p><a href=\"https:\/\/prosafedz.com\/fr\/wp-content\/uploads\/2018\/10\/12-6140.pdf\n\" target=\"_blank\" rel=\"noopener noreferrer\"><button style=\"background-color: #90a96b; font-seize: 20px;\"><strong>T\u00e9l\u00e9charger La Fiche Technique<\/strong><\/button><\/a><\/p>\n","protected":false},"featured_media":32241,"template":"","meta":[],"product_brand":[],"product_cat":[262],"product_tag":[313,1141,314,315,1142],"class_list":{"0":"post-29367","1":"product","2":"type-product","3":"status-publish","4":"has-post-thumbnail","6":"product_cat-5-2-gants-de-precision","7":"product_tag-gant-de-precision-polyester-noir","8":"product_tag-gant-polyester-noir","9":"product_tag-gants-de-precision-pu-6136-6137-6138-6139-6140-6141","10":"product_tag-paume-enduite-pu-noir-6136-6137-6138-6139-6140-6141","11":"product_tag-paume-enduite-pu-noir-ref-6140","12":"yith_product_brand-eurotechnique","14":"first","15":"instock","16":"shipping-taxable","17":"product-type-simple"},"_links":{"self":[{"href":"https:\/\/prosafedz.com\/fr\/wp-json\/wp\/v2\/product\/29367","targetHints":{"allow":["GET"]}}],"collection":[{"href":"https:\/\/prosafedz.com\/fr\/wp-json\/wp\/v2\/product"}],"about":[{"href":"https:\/\/prosafedz.com\/fr\/wp-json\/wp\/v2\/types\/product"}],"wp:featuredmedia":[{"embeddable":true,"href":"https:\/\/prosafedz.com\/fr\/wp-json\/wp\/v2\/media\/32241"}],"wp:attachment":[{"href":"https:\/\/prosafedz.com\/fr\/wp-json\/wp\/v2\/media?parent=29367"}],"wp:term":[{"taxonomy":"product_brand","embeddable":true,"href":"https:\/\/prosafedz.com\/fr\/wp-json\/wp\/v2\/product_brand?post=29367"},{"taxonomy":"product_cat","embeddable":true,"href":"https:\/\/prosafedz.com\/fr\/wp-json\/wp\/v2\/product_cat?post=29367"},{"taxonomy":"product_tag","embeddable":true,"href":"https:\/\/prosafedz.com\/fr\/wp-json\/wp\/v2\/product_tag?post=29367"}],"curies":[{"name":"wp","href":"https:\/\/api.w.org\/{rel}","templated":true}]}}