{"id":29355,"date":"2018-10-27T11:21:06","date_gmt":"2018-10-27T10:21:06","guid":{"rendered":"https:\/\/prosafedz.com\/?post_type=product&#038;p=29355"},"modified":"2024-09-15T12:45:04","modified_gmt":"2024-09-15T10:45:04","slug":"gants-de-precision-pu-6187-6188-6189-6190","status":"publish","type":"product","link":"https:\/\/prosafedz.com\/fr\/produit\/gants-de-precision-pu-6187-6188-6189-6190\/","title":{"rendered":"Gant polyamide paume enduite. PU blancs, antistatique  R\u00e9f. : 6190"},"content":{"rendered":"<p><strong>AVANTAGES\u00a0<\/strong><strong>SP\u00c9CIFIQUES<\/strong><br \/>\n\u2022 Confort<br \/>\n\u2022 Souplesse<br \/>\n\u2022 Alternative aux gants antistatiques NBR<br \/>\n\u2022 \u00c9pousent la forme de la main<br \/>\n<strong>PRINCIPAUX DOMAINES D\u2019UTILISATION<\/strong><br \/>\n\u00c9lectronique<br \/>\n\u2022 Industrie de l\u2019automobile<br \/>\n\u2022 Travaux pr\u00e9cis et manipulations fines<br \/>\n\u2022 Travaux courants et pr\u00e9cis<br \/>\n\u2022 Montage<br \/>\n<strong>CONDITIONNEMENT<\/strong><br \/>\n\u2022 Sachet individuel<br \/>\n\u2022 Emball\u00e9s par 10 paires<br \/>\n\u2022 Carton de 100 paires<br \/>\n<strong>NORMALISATION<\/strong><br \/>\nCe gant est conforme au mod\u00e8le de l\u2019\u00e9quipement de protection individuelle ayant fait l\u2019objet de<br \/>\nL\u2019attestation <strong>CE de type 7137 Issue 1<\/strong><br \/>\n<strong>D\u00e9livr\u00e9e par SATRA (organisme n\u00b00321)<\/strong><br \/>\n\u2022 Abrasion = 1\/4<br \/>\n\u2022 Coupure par tranchage = 1\/5<br \/>\n\u2022 D\u00e9chirure = 3\/4<br \/>\n\u2022 Perforation = 1\/4<\/p>\n","protected":false},"excerpt":{"rendered":"<p><strong>Gant polyamide paume enduite. PU blancs, antistatique R\u00e9f. : 6190<\/strong><\/p>\n<p><strong>DESCRIPTIF G\u00c9N\u00c9RAL ET MATI\u00c8RES<\/strong><br \/>\n\u2022 Support polyamide<br \/>\n\u2022 Avec fils de cuivre antistatiques<br \/>\n\u2022 Paume enduite PU blanc<br \/>\n\u2022 Serrage poignet \u00e9lastique<br \/>\n\u2022 Qualit\u00e9 sup\u00e9rieure<br \/>\n\u2022 Jauge 13<\/p>\n<p><a href=\"https:\/\/prosafedz.com\/fr\/wp-content\/uploads\/2018\/10\/14-6190.pdf\n\" target=\"_blank\" rel=\"noopener noreferrer\"><button style=\"background-color: #90a96b; font-seize: 20px;\"><strong>T\u00e9l\u00e9charger La Fiche Technique<\/strong><\/button><\/a><\/p>\n","protected":false},"featured_media":32244,"template":"","meta":[],"product_brand":[],"product_cat":[262],"product_tag":[302,1146,303,1145,304],"class_list":{"0":"post-29355","1":"product","2":"type-product","3":"status-publish","4":"has-post-thumbnail","6":"product_cat-5-2-gants-de-precision","7":"product_tag-antistatique-6187-6188-6189-6190","8":"product_tag-antistatique-ref-6190","9":"product_tag-gant-de-precision-polyamide-paume-enduite-pu-blancs","10":"product_tag-gant-polyamide-paume-enduite-pu-blancs","11":"product_tag-gants-de-precision-pu-6187-6188-6189-6190","12":"yith_product_brand-eurotechnique","14":"first","15":"instock","16":"shipping-taxable","17":"product-type-simple"},"_links":{"self":[{"href":"https:\/\/prosafedz.com\/fr\/wp-json\/wp\/v2\/product\/29355","targetHints":{"allow":["GET"]}}],"collection":[{"href":"https:\/\/prosafedz.com\/fr\/wp-json\/wp\/v2\/product"}],"about":[{"href":"https:\/\/prosafedz.com\/fr\/wp-json\/wp\/v2\/types\/product"}],"wp:featuredmedia":[{"embeddable":true,"href":"https:\/\/prosafedz.com\/fr\/wp-json\/wp\/v2\/media\/32244"}],"wp:attachment":[{"href":"https:\/\/prosafedz.com\/fr\/wp-json\/wp\/v2\/media?parent=29355"}],"wp:term":[{"taxonomy":"product_brand","embeddable":true,"href":"https:\/\/prosafedz.com\/fr\/wp-json\/wp\/v2\/product_brand?post=29355"},{"taxonomy":"product_cat","embeddable":true,"href":"https:\/\/prosafedz.com\/fr\/wp-json\/wp\/v2\/product_cat?post=29355"},{"taxonomy":"product_tag","embeddable":true,"href":"https:\/\/prosafedz.com\/fr\/wp-json\/wp\/v2\/product_tag?post=29355"}],"curies":[{"name":"wp","href":"https:\/\/api.w.org\/{rel}","templated":true}]}}