{"id":29321,"date":"2018-10-27T10:50:00","date_gmt":"2018-10-27T09:50:00","guid":{"rendered":"https:\/\/prosafedz.com\/?post_type=product&#038;p=29321"},"modified":"2024-09-15T12:14:34","modified_gmt":"2024-09-15T10:14:34","slug":"gants-de-precision-nitrile-6227-6228-6229-6230","status":"publish","type":"product","link":"https:\/\/prosafedz.com\/fr\/produit\/gants-de-precision-nitrile-6227-6228-6229-6230\/","title":{"rendered":"Gant polyamide gris, paume enduite Nitrile gris  R\u00e9f. : 6230"},"content":{"rendered":"<p><strong>AVANTAGES\u00a0<\/strong><strong>SP\u00c9CIFIQUES<\/strong><br \/>\n\u2022 Antid\u00e9rapant<br \/>\n\u2022 Bonne r\u00e9sistance \u00e0 l\u2019abrasion<br \/>\n\u2022 Confort<br \/>\n\u2022 Souplesse<br \/>\n\u2022 Peu salissant<br \/>\n<strong>PRINCIPAUX DOMAINES D\u2019UTILISATION<\/strong><br \/>\n\u2022 Travaux m\u00e9caniques<br \/>\n\u2022 Manutention d\u2019objets glissants<br \/>\n\u2022 Milieux gras et huileux<br \/>\n\u2022 M\u00e9canique et menuiserie<br \/>\n<strong>CONDITIONNEMENT<\/strong><br \/>\n\u2022 Emballage individuel<br \/>\n\u2022 Carton de 100 paires<br \/>\n\u2022 Emball\u00e9s par 10 paires<br \/>\n<strong>NORMALISATION<\/strong><br \/>\nCe gant est conforme au mod\u00e8le de l\u2019\u00e9quipement de protection individuelle ayant fait l\u2019objet de L\u2019attestation <strong>CE de type 0075\/108\/162\/09\/10\/0398 D\u00e9livr\u00e9e par CTC (organisme n\u00b0 0075)<\/strong><br \/>\n\u2022 Abrasion = 2\/4<br \/>\n\u2022 Coupure par tranchage = 1\/5<br \/>\n\u2022 D\u00e9chirure = 2\/4<br \/>\n\u2022 Perforation = 1\/4<\/p>\n","protected":false},"excerpt":{"rendered":"<p><strong>Gant polyamide gris, paume enduite Nitrile gris R\u00e9f. : 6230<\/strong><\/p>\n<p><strong>DESCRIPTIF G\u00c9N\u00c9RAL ET MATI\u00c8RES<\/strong><br \/>\n\u2022 Gants 100 % polyamide tricot\u00e9<br \/>\n\u2022 Paume enduite de nitrile gris<\/p>\n<p><a href=\"https:\/\/prosafedz.com\/fr\/wp-content\/uploads\/2018\/10\/08-6230.pdf\n\" target=\"_blank\" rel=\"noopener noreferrer\"><button style=\"background-color: #90a96b; font-seize: 20px;\"><strong>T\u00e9l\u00e9charger La Fiche Technique<\/strong><\/button><\/a><\/p>\n","protected":false},"featured_media":32233,"template":"","meta":[],"product_brand":[],"product_cat":[262],"product_tag":[276,1134,281,282,1136],"class_list":{"0":"post-29321","1":"product","2":"type-product","3":"status-publish","4":"has-post-thumbnail","6":"product_cat-5-2-gants-de-precision","7":"product_tag-gant-de-precision-polyamide-gris","8":"product_tag-gant-polyamide-gris","9":"product_tag-gants-de-precision-nitrile-6227-6228-6229-6230","10":"product_tag-paume-enduite-nitrile-gris-6227-6228-6229-6230","11":"product_tag-paume-enduite-nitrile-gris-ref-6230","13":"first","14":"instock","15":"shipping-taxable","16":"product-type-simple"},"_links":{"self":[{"href":"https:\/\/prosafedz.com\/fr\/wp-json\/wp\/v2\/product\/29321","targetHints":{"allow":["GET"]}}],"collection":[{"href":"https:\/\/prosafedz.com\/fr\/wp-json\/wp\/v2\/product"}],"about":[{"href":"https:\/\/prosafedz.com\/fr\/wp-json\/wp\/v2\/types\/product"}],"wp:featuredmedia":[{"embeddable":true,"href":"https:\/\/prosafedz.com\/fr\/wp-json\/wp\/v2\/media\/32233"}],"wp:attachment":[{"href":"https:\/\/prosafedz.com\/fr\/wp-json\/wp\/v2\/media?parent=29321"}],"wp:term":[{"taxonomy":"product_brand","embeddable":true,"href":"https:\/\/prosafedz.com\/fr\/wp-json\/wp\/v2\/product_brand?post=29321"},{"taxonomy":"product_cat","embeddable":true,"href":"https:\/\/prosafedz.com\/fr\/wp-json\/wp\/v2\/product_cat?post=29321"},{"taxonomy":"product_tag","embeddable":true,"href":"https:\/\/prosafedz.com\/fr\/wp-json\/wp\/v2\/product_tag?post=29321"}],"curies":[{"name":"wp","href":"https:\/\/api.w.org\/{rel}","templated":true}]}}