{"id":29260,"date":"2018-10-24T15:34:09","date_gmt":"2018-10-24T14:34:09","guid":{"rendered":"https:\/\/prosafedz.com\/?post_type=product&#038;p=29260"},"modified":"2024-09-15T12:15:07","modified_gmt":"2024-09-15T10:15:07","slug":"gants-a-usage-unique-venyle-5906-5908-5910-5912-5916-5918-5920-5922","status":"publish","type":"product","link":"https:\/\/prosafedz.com\/fr\/produit\/gants-a-usage-unique-venyle-5906-5908-5910-5912-5916-5918-5920-5922\/","title":{"rendered":"Gant Nitrile bleu 5900 poudr\u00e9 usage court AQL 1,5 (100 gants)  R\u00e9f. : 5910"},"content":{"rendered":"<p><strong>AVANTAGES SP\u00c9CIFIQUES<\/strong><br \/>\n\u2022 Confort et souplesse<br \/>\n\u2022 Etanch\u00e9it\u00e9<br \/>\n\u2022 Tr\u00e8s bonne dext\u00e9rit\u00e9<br \/>\n\u2022 Ambidextre<br \/>\n<strong>PRINCIPAUX DOMAINES D\u2019UTILISATION<\/strong><br \/>\n\u2022 Industrie agro-alimentaire<br \/>\n\u2022 Manutention de liquide<br \/>\n\u2022 Soins m\u00e9dicaux non st\u00e9riles<br \/>\n<strong>CONDITIONNEMENT<\/strong><br \/>\n\u2022 Bo\u00eete distributrice de 100 gants \u2022 Carton de 10 bo\u00eetes<br \/>\n<strong>NORMALISATION<\/strong><br \/>\nCes gants sont conformes au mod\u00e8le de l\u2019\u00e9quipement de protection individuelle ayant fait l\u2019objet de<br \/>\nL\u2019attestation <strong>CE de type N\u00b0 0075\/108\/162\/05\/10\/0207<\/strong><br \/>\n<strong>D\u00e9livr\u00e9e par CTC (organisme n\u00b0 0075)<\/strong><br \/>\n\u00c9tanche \u00e0 l\u2019air<br \/>\n\u00c9tanche \u00e0 l\u2019eau<br \/>\nApte au contact alimentaire<\/p>\n","protected":false},"excerpt":{"rendered":"<p><strong>Gant Nitrile bleu 5900 poudr\u00e9 usage court AQL 1,5 (100 gants) R\u00e9f. : 5910<\/strong><\/p>\n<p><strong>DESCRIPTIF G\u00c9N\u00c9RAL ET MATI\u00c8RES<\/strong><br \/>\n\u2022 Gants en nitrile bleu<br \/>\n\u2022 AQL: 1,5<br \/>\n\u2022 Poudr\u00e9s<br \/>\n\u2022 Manchette bord ourl\u00e9<br \/>\n\u2022 Gants non st\u00e9riles<br \/>\n\u2022 Qualit\u00e9 sup\u00e9rieure<\/p>\n<p><a href=\"https:\/\/prosafedz.com\/fr\/wp-content\/uploads\/2018\/10\/04-5910.pdf\n\" target=\"_blank\" rel=\"noopener noreferrer\"><button style=\"background-color: #90a96b; font-seize: 20px;\"><strong>T\u00e9l\u00e9charger La Fiche Technique<\/strong><\/button><\/a><\/p>\n","protected":false},"featured_media":32341,"template":"","meta":[],"product_brand":[],"product_cat":[223],"product_tag":[233,1223,1222,234,235,236],"class_list":{"0":"post-29260","1":"product","2":"type-product","3":"status-publish","4":"has-post-thumbnail","6":"product_cat-5-7-gants-a-usage-unique","7":"product_tag-5-100-gants-5906-5908-5910-5912-5916-5918-5920-5922","8":"product_tag-5-100-gants-ref-5910","9":"product_tag-gant-nitrile-bleu-5900-poudre-usage-court-aql-1","10":"product_tag-gants-a-usage-unique-venyle-5906-5908-5910-5912-5916-5918-5920-5922","11":"product_tag-gants-nitrile-bleu-5900-non-poudre-usage-court-aql-1","12":"product_tag-gants-nitrile-bleu-5900-poudre-usage-court-aql-1","13":"yith_product_brand-eurotechnique","15":"first","16":"instock","17":"shipping-taxable","18":"product-type-simple"},"_links":{"self":[{"href":"https:\/\/prosafedz.com\/fr\/wp-json\/wp\/v2\/product\/29260","targetHints":{"allow":["GET"]}}],"collection":[{"href":"https:\/\/prosafedz.com\/fr\/wp-json\/wp\/v2\/product"}],"about":[{"href":"https:\/\/prosafedz.com\/fr\/wp-json\/wp\/v2\/types\/product"}],"wp:featuredmedia":[{"embeddable":true,"href":"https:\/\/prosafedz.com\/fr\/wp-json\/wp\/v2\/media\/32341"}],"wp:attachment":[{"href":"https:\/\/prosafedz.com\/fr\/wp-json\/wp\/v2\/media?parent=29260"}],"wp:term":[{"taxonomy":"product_brand","embeddable":true,"href":"https:\/\/prosafedz.com\/fr\/wp-json\/wp\/v2\/product_brand?post=29260"},{"taxonomy":"product_cat","embeddable":true,"href":"https:\/\/prosafedz.com\/fr\/wp-json\/wp\/v2\/product_cat?post=29260"},{"taxonomy":"product_tag","embeddable":true,"href":"https:\/\/prosafedz.com\/fr\/wp-json\/wp\/v2\/product_tag?post=29260"}],"curies":[{"name":"wp","href":"https:\/\/api.w.org\/{rel}","templated":true}]}}