{"id":29250,"date":"2018-10-24T15:28:13","date_gmt":"2018-10-24T14:28:13","guid":{"rendered":"https:\/\/prosafedz.com\/?post_type=product&#038;p=29250"},"modified":"2024-09-15T12:15:24","modified_gmt":"2024-09-15T10:15:24","slug":"gants-a-usage-unique-latex-5816-5818-5820-5822","status":"publish","type":"product","link":"https:\/\/prosafedz.com\/fr\/produit\/gants-a-usage-unique-latex-5816-5818-5820-5822\/","title":{"rendered":"Gant Latex 5800 NON poudr\u00e9 usage court AQL 1,5 (100 gants)  R\u00e9f. : 5820"},"content":{"rendered":"<p><strong>AVANTAGES SP\u00c9CIFIQUES<\/strong><br \/>\n\u2022 Ambidextres<br \/>\n\u2022 Confort et souplesse (forme anatomique)<br \/>\n\u2022 Tr\u00e8s bonne dext\u00e9rit\u00e9<br \/>\n\u2022 \u00c9tanch\u00e9it\u00e9<br \/>\n\u2022 Pratique (usage unique)<br \/>\n\u2022 Protection des pi\u00e8ces contre les empreintes, la sudation et les salissures<br \/>\n<strong>PRINCIPAUX DOMAINES D\u2019UTILISATION<\/strong><br \/>\n\u2022 Travaux pr\u00e9cis<br \/>\n\u2022 Manutention d\u2019objets fragiles<br \/>\n\u2022 Industrie agro-alimentaire<br \/>\n\u2022 Peinture, solvant, liquide (non toxiques)<br \/>\n\u2022 Montage et nettoyage<br \/>\n\u2022 Milieux hospitaliers<br \/>\n<strong>CONDITIONNEMENT<\/strong><br \/>\n\u2022 Bo\u00eetes de 100 gants \u2022 Carton de 10 bo\u00eetes<br \/>\n<strong>NORMALISATION<\/strong><br \/>\nCes gants sont conformes au mod\u00e8le de l\u2019\u00e9quipement de protection individuelle ayant fait l\u2019objet de<br \/>\nL\u2019attestation <strong>CE de type 0075\/108\/162\/05\/10\/0208<\/strong><br \/>\n<strong>D\u00e9livr\u00e9e par CTC (organisme n\u00b0 0075)<\/strong><br \/>\n\u00c9tanche \u00e0 l\u2019air<br \/>\n\u00c9tanche \u00e0 l\u2019eau<\/p>\n","protected":false},"excerpt":{"rendered":"<p><strong>Gant Latex 5800 NON poudr\u00e9 usage court AQL 1,5 (100 gants) R\u00e9f. : 5820<\/strong><\/p>\n<p><strong>DESCRIPTIF G\u00c9N\u00c9RAL ET MATI\u00c8RES<\/strong><br \/>\n\u2022 Gants en latex<br \/>\n\u2022 Ambidextres<br \/>\n\u2022 Non poudr\u00e9s<br \/>\n\u2022 \u00c9paisseur de 0,125 mm<br \/>\n\u2022 AQL : 1,5<br \/>\n\u2022 Non st\u00e9riles<\/p>\n<p><a href=\"https:\/\/prosafedz.com\/fr\/wp-content\/uploads\/2018\/10\/03-5820.pdf\n\" target=\"_blank\" rel=\"noopener noreferrer\"><button style=\"background-color: #90a96b; font-seize: 20px;\"><strong>T\u00e9l\u00e9charger La Fiche Technique<\/strong><\/button><\/a><\/p>\n","protected":false},"featured_media":32338,"template":"","meta":[],"product_brand":[],"product_cat":[223],"product_tag":[224,1221,1220,225,226],"class_list":{"0":"post-29250","1":"product","2":"type-product","3":"status-publish","4":"has-post-thumbnail","6":"product_cat-5-7-gants-a-usage-unique","7":"product_tag-5-100-gants","8":"product_tag-5-100-gants-ref-5820","9":"product_tag-gant-latex-5800-non-poudre-usage-court-aql-1","10":"product_tag-gants-a-usage-unique-latex-5816-5818-5820-5822","11":"product_tag-gants-latex-5800-non-poudre-usage-court-aql-1","12":"yith_product_brand-eurotechnique","14":"first","15":"instock","16":"shipping-taxable","17":"product-type-simple"},"_links":{"self":[{"href":"https:\/\/prosafedz.com\/fr\/wp-json\/wp\/v2\/product\/29250","targetHints":{"allow":["GET"]}}],"collection":[{"href":"https:\/\/prosafedz.com\/fr\/wp-json\/wp\/v2\/product"}],"about":[{"href":"https:\/\/prosafedz.com\/fr\/wp-json\/wp\/v2\/types\/product"}],"wp:featuredmedia":[{"embeddable":true,"href":"https:\/\/prosafedz.com\/fr\/wp-json\/wp\/v2\/media\/32338"}],"wp:attachment":[{"href":"https:\/\/prosafedz.com\/fr\/wp-json\/wp\/v2\/media?parent=29250"}],"wp:term":[{"taxonomy":"product_brand","embeddable":true,"href":"https:\/\/prosafedz.com\/fr\/wp-json\/wp\/v2\/product_brand?post=29250"},{"taxonomy":"product_cat","embeddable":true,"href":"https:\/\/prosafedz.com\/fr\/wp-json\/wp\/v2\/product_cat?post=29250"},{"taxonomy":"product_tag","embeddable":true,"href":"https:\/\/prosafedz.com\/fr\/wp-json\/wp\/v2\/product_tag?post=29250"}],"curies":[{"name":"wp","href":"https:\/\/api.w.org\/{rel}","templated":true}]}}