{"id":29230,"date":"2018-10-24T15:13:08","date_gmt":"2018-10-24T14:13:08","guid":{"rendered":"https:\/\/prosafedz.com\/?post_type=product&#038;p=29230"},"modified":"2024-09-15T12:16:28","modified_gmt":"2024-09-15T10:16:28","slug":"gants-latex-nitrile-neoprene-5307-5308-5309-5310-5311","status":"publish","type":"product","link":"https:\/\/prosafedz.com\/fr\/produit\/gants-latex-nitrile-neoprene-5307-5308-5309-5310-5311\/","title":{"rendered":"Gant n\u00e9opr\u00e8ne noir flock\u00e9 5300  R\u00e9f. : 5310"},"content":{"rendered":"<p><strong>AVANTAGES SP\u00c9CIFIQUES<\/strong><br \/>\n\u2022 Confort (int\u00e9rieur coton)<br \/>\n\u2022 Dext\u00e9rit\u00e9<br \/>\n\u2022 Antid\u00e9rapant<br \/>\n\u2022 Souplesse<br \/>\n<strong>PRINCIPAUX DOMAINES D\u2019UTILISATION<\/strong><br \/>\n\u2022 Manutention d\u2019objets glissants<br \/>\n\u2022 Industrie alimentaire<br \/>\n\u2022 Utilisation de produits liquides et chimiques<br \/>\n\u2022 Activit\u00e9 de nettoyage<br \/>\n<strong>CONDITIONNEMENT<\/strong><br \/>\n\u2022 Emball\u00e9s par 10 paires \u2022 Carton de 100 paires<br \/>\n<strong>NORMALISATION<\/strong><br \/>\nCe gant est conforme au mod\u00e8le de l\u2019\u00e9quipement de protection individuelle ayant fait l\u2019objet de<br \/>\nL\u2019attestation<strong> CE de type 7907 (Issue 1)<\/strong><br \/>\n<strong>D\u00e9livr\u00e9e par SATRA (organisme n\u00b0 0321)<\/strong><br \/>\n\u2022 Abrasion = 2\/4<br \/>\n\u2022 Coupure par tranchage = 1\/4<br \/>\n\u2022 D\u00e9chirure = 1\/4<br \/>\n\u2022 Perforation = 1\/4<br \/>\nContact avec les denr\u00e9es alimentaires<br \/>\nProtection contre les produits chimiques et les micro organismes<br \/>\nA = M\u00e9thanol (2\/6)<br \/>\nK = Soude caustique 40% (6\/6)<br \/>\nL = Acide sulfurique 96% (5\/6)<\/p>\n","protected":false},"excerpt":{"rendered":"<p><strong>Gant n\u00e9opr\u00e8ne noir flock\u00e9 5300 R\u00e9f. : 5310<\/strong><\/p>\n<p><strong>DESCRIPTIF G\u00c9N\u00c9RAL ET MATI\u00c8RES<\/strong><br \/>\n\u2022 Polychloropr\u00e8ne et latex<br \/>\n\u2022 Finition ext\u00e9rieure adh\u00e9ris\u00e9e<br \/>\n\u2022 Int\u00e9rieur en coton flock\u00e9<br \/>\n\u2022 Couleur noir<\/p>\n<p><a href=\"https:\/\/prosafedz.com\/fr\/wp-content\/uploads\/2018\/10\/5310.pdf\n\" target=\"_blank\" rel=\"noopener noreferrer\"><button style=\"background-color: #90a96b; font-seize: 20px;\"><strong>T\u00e9l\u00e9charger La Fiche Technique<\/strong><\/button><\/a><\/p>\n","protected":false},"featured_media":35029,"template":"","meta":[],"product_brand":[],"product_cat":[174],"product_tag":[1205,202,203],"class_list":{"0":"post-29230","1":"product","2":"type-product","3":"status-publish","4":"has-post-thumbnail","6":"product_cat-5-7-gants-chimique","7":"product_tag-gant-neoprene-noir-flocke-5300-ref-5310","8":"product_tag-gants-latex-nitrile-neoprene-5307-5308-5309-5310-5311","9":"product_tag-gants-neoprene-noir-flocke-5300-5307-5308-5309-5310-5311","10":"yith_product_brand-eurotechnique","12":"first","13":"instock","14":"shipping-taxable","15":"product-type-simple"},"_links":{"self":[{"href":"https:\/\/prosafedz.com\/fr\/wp-json\/wp\/v2\/product\/29230","targetHints":{"allow":["GET"]}}],"collection":[{"href":"https:\/\/prosafedz.com\/fr\/wp-json\/wp\/v2\/product"}],"about":[{"href":"https:\/\/prosafedz.com\/fr\/wp-json\/wp\/v2\/types\/product"}],"wp:featuredmedia":[{"embeddable":true,"href":"https:\/\/prosafedz.com\/fr\/wp-json\/wp\/v2\/media\/35029"}],"wp:attachment":[{"href":"https:\/\/prosafedz.com\/fr\/wp-json\/wp\/v2\/media?parent=29230"}],"wp:term":[{"taxonomy":"product_brand","embeddable":true,"href":"https:\/\/prosafedz.com\/fr\/wp-json\/wp\/v2\/product_brand?post=29230"},{"taxonomy":"product_cat","embeddable":true,"href":"https:\/\/prosafedz.com\/fr\/wp-json\/wp\/v2\/product_cat?post=29230"},{"taxonomy":"product_tag","embeddable":true,"href":"https:\/\/prosafedz.com\/fr\/wp-json\/wp\/v2\/product_tag?post=29230"}],"curies":[{"name":"wp","href":"https:\/\/api.w.org\/{rel}","templated":true}]}}