{"id":29211,"date":"2018-10-24T14:53:03","date_gmt":"2018-10-24T13:53:03","guid":{"rendered":"https:\/\/prosafedz.com\/?post_type=product&#038;p=29211"},"modified":"2024-09-15T12:17:45","modified_gmt":"2024-09-15T10:17:45","slug":"gants-pvc-resistants-aux-risques-chimiques-3668-3669","status":"publish","type":"product","link":"https:\/\/prosafedz.com\/fr\/produit\/gants-pvc-resistants-aux-risques-chimiques-3668-3669\/","title":{"rendered":"Gant PVC 70 cm sup\u00e9rieur R\u00e9f. : 3669"},"content":{"rendered":"<p><strong>AVANTAGES SP\u00c9CIFIQUES<\/strong><br \/>\n\u2022 Confort<br \/>\n\u2022 Protection intensive<br \/>\n\u2022 Actifresh\u00ae<br \/>\n\u2022 Bonne dur\u00e9e de vie<br \/>\n\u2022 \u00c9tanch\u00e9it\u00e9<br \/>\n<strong>PRINCIPAUX DOMAINES D\u2019UTILISATION<\/strong><br \/>\n\u2022 Manutention de produits liquides, chimiques et p\u00e9troliers<br \/>\n\u2022 Gant type \u00e9goutier<br \/>\n\u2022 Protection contre les micro-organismes<br \/>\n\u2022 Milieux humides<br \/>\n<strong>CONDITIONNEMENT<\/strong><br \/>\n\u2022 Emball\u00e9s par 6 paires<br \/>\n\u2022 Carton de 36 paires<br \/>\n<strong>NORMALISATION<\/strong><br \/>\nCe gant est conforme au mod\u00e8le de l\u2019\u00e9quipement de protection individuelle ayant fait l\u2019objet de<br \/>\nL\u2019attestation <strong>CE de type GB11\/82401<\/strong><br \/>\n<strong>D\u00e9livr\u00e9e par SGS (organisme n\u00b0 0120)<\/strong><br \/>\n\u2022 Abrasion = 4\/4<br \/>\n\u2022 Coupure par tranchage = 1\/5<br \/>\n\u2022 D\u00e9chirure = 2\/4<br \/>\n\u2022 Perforation = 1\/4<br \/>\nProtection contre les produits chimiques et les micro-organismes<br \/>\nA = M\u00e9thanol<br \/>\nK = Soude caustique 40%<br \/>\nL = Acide Sulfurique 96%<\/p>\n","protected":false},"excerpt":{"rendered":"<p><strong>Gant PVC 70 cm sup\u00e9rieur R\u00e9f. : 3669<\/strong><\/p>\n<p><strong>DESCRIPTIF G\u00c9N\u00c9RAL ET MATI\u00c8RES<\/strong><br \/>\n\u2022 Gant 65 cm<br \/>\n\u2022 PVC rouge<br \/>\n\u2022 Manchette en PVC vert<br \/>\n\u2022 Support coton<br \/>\n\u2022 Qualit\u00e9 sup\u00e9rieure<\/p>\n<p><a href=\"https:\/\/prosafedz.com\/fr\/wp-content\/uploads\/2018\/10\/05-3669.pdf\n\" target=\"_blank\" rel=\"noopener noreferrer\"><button style=\"background-color: #90a96b; font-seize: 20px;\"><strong>T\u00e9l\u00e9charger La Fiche Technique<\/strong><\/button><\/a><\/p>\n","protected":false},"featured_media":32319,"template":"","meta":[],"product_brand":[],"product_cat":[174],"product_tag":[1200,187,188],"class_list":{"0":"post-29211","1":"product","2":"type-product","3":"status-publish","4":"has-post-thumbnail","6":"product_cat-5-7-gants-chimique","7":"product_tag-gant-pvc-70-cm-superieur-ref-3669","8":"product_tag-gants-pvc-70-cm-superieur-3668-3669","9":"product_tag-gants-pvc-resistants-aux-risques-chimiques-3668-3669","10":"yith_product_brand-eurotechnique","12":"first","13":"instock","14":"shipping-taxable","15":"product-type-simple"},"_links":{"self":[{"href":"https:\/\/prosafedz.com\/fr\/wp-json\/wp\/v2\/product\/29211","targetHints":{"allow":["GET"]}}],"collection":[{"href":"https:\/\/prosafedz.com\/fr\/wp-json\/wp\/v2\/product"}],"about":[{"href":"https:\/\/prosafedz.com\/fr\/wp-json\/wp\/v2\/types\/product"}],"wp:featuredmedia":[{"embeddable":true,"href":"https:\/\/prosafedz.com\/fr\/wp-json\/wp\/v2\/media\/32319"}],"wp:attachment":[{"href":"https:\/\/prosafedz.com\/fr\/wp-json\/wp\/v2\/media?parent=29211"}],"wp:term":[{"taxonomy":"product_brand","embeddable":true,"href":"https:\/\/prosafedz.com\/fr\/wp-json\/wp\/v2\/product_brand?post=29211"},{"taxonomy":"product_cat","embeddable":true,"href":"https:\/\/prosafedz.com\/fr\/wp-json\/wp\/v2\/product_cat?post=29211"},{"taxonomy":"product_tag","embeddable":true,"href":"https:\/\/prosafedz.com\/fr\/wp-json\/wp\/v2\/product_tag?post=29211"}],"curies":[{"name":"wp","href":"https:\/\/api.w.org\/{rel}","templated":true}]}}