{"id":29199,"date":"2018-10-24T14:30:07","date_gmt":"2018-10-24T13:30:07","guid":{"rendered":"https:\/\/prosafedz.com\/?post_type=product&#038;p=29199"},"modified":"2024-09-15T12:18:03","modified_gmt":"2024-09-15T10:18:03","slug":"gants-pvc-resistants-aux-risques-chimiques-3718-3719-3720","status":"publish","type":"product","link":"https:\/\/prosafedz.com\/fr\/produit\/gants-pvc-resistants-aux-risques-chimiques-3718-3719-3720\/","title":{"rendered":"Gant polym\u00e8re vert, 27 cm Actifresh\u00ae, chimique  R\u00e9f. : 3720"},"content":{"rendered":"<p><strong>AVANTAGES SP\u00c9CIFIQUES<\/strong><br \/>\n\u2022 \u00c9tanch\u00e9it\u00e9<br \/>\n\u2022 Main antid\u00e9rapante<br \/>\n\u2022 Tr\u00e8s bonne dur\u00e9e de vie<br \/>\n\u2022 Confort<br \/>\n<strong>PRINCIPAUX DOMAINES D\u2019UTILISATION<\/strong><br \/>\n\u2022 Manutention de produits chimiques<br \/>\n\u2022 Manutention d\u2019objets glissants<br \/>\n\u2022 M\u00e9tiers du b\u00e2timent et travaux publics<br \/>\n\u2022 M\u00e9canique et bricolage<br \/>\n<strong>CONDITIONNEMENT<\/strong><br \/>\n\u2022 Emball\u00e9s par 10 paires<br \/>\n\u2022 Carton de 100 paires<br \/>\n<strong>NORMALISATION<\/strong><br \/>\nCe gant est conforme au mod\u00e8le de l\u2019\u00e9quipement de protection individuelle ayant fait l\u2019objet de<br \/>\nL\u2019attestation CE de type GB14\/91586,<br \/>\nd\u00e9livr\u00e9e par SGS (organisme n\u00b0 0120)<br \/>\n\u2022 Abrasion = 4<br \/>\n\u2022 Coupure par tranchage = 1<br \/>\n\u2022 D\u00e9chirure = 2<br \/>\n\u2022 Perforation = 1<\/p>\n","protected":false},"excerpt":{"rendered":"<p><strong>Gant polym\u00e8re vert, 27 cm Actifresh\u00ae, chimique R\u00e9f. : 3720<\/strong><\/p>\n<p><strong>DESCRIPTIF G\u00c9N\u00c9RAL ET MATI\u00c8RES<\/strong><br \/>\n\u2022 Gants en coton jersey gratt\u00e9<br \/>\n\u2022 Enduction de PVC vert<br \/>\n\u2022 Double enduction sur la main<br \/>\n\u2022 Traitement ACTIFRESH<\/p>\n<p><a href=\"https:\/\/prosafedz.com\/fr\/wp-content\/uploads\/2018\/10\/02-3720.pdf\n\" target=\"_blank\" rel=\"noopener noreferrer\"><button style=\"background-color: #90a96b; font-seize: 20px;\"><strong>T\u00e9l\u00e9charger La Fiche Technique<\/strong><\/button><\/a><\/p>\n","protected":false},"featured_media":32313,"template":"","meta":[],"product_brand":[],"product_cat":[174],"product_tag":[175,176,1197,177,178],"class_list":{"0":"post-29199","1":"product","2":"type-product","3":"status-publish","4":"has-post-thumbnail","6":"product_cat-5-7-gants-chimique","7":"product_tag-27-cm-actifresh","8":"product_tag-chimique-3718-3719-3720","9":"product_tag-chimique-ref-3720","10":"product_tag-gants-polymere-vert","11":"product_tag-gants-pvc-resistants-aux-risques-chimiques-3718-3719-3720","12":"yith_product_brand-eurotechnique","14":"first","15":"instock","16":"shipping-taxable","17":"product-type-simple"},"_links":{"self":[{"href":"https:\/\/prosafedz.com\/fr\/wp-json\/wp\/v2\/product\/29199","targetHints":{"allow":["GET"]}}],"collection":[{"href":"https:\/\/prosafedz.com\/fr\/wp-json\/wp\/v2\/product"}],"about":[{"href":"https:\/\/prosafedz.com\/fr\/wp-json\/wp\/v2\/types\/product"}],"wp:featuredmedia":[{"embeddable":true,"href":"https:\/\/prosafedz.com\/fr\/wp-json\/wp\/v2\/media\/32313"}],"wp:attachment":[{"href":"https:\/\/prosafedz.com\/fr\/wp-json\/wp\/v2\/media?parent=29199"}],"wp:term":[{"taxonomy":"product_brand","embeddable":true,"href":"https:\/\/prosafedz.com\/fr\/wp-json\/wp\/v2\/product_brand?post=29199"},{"taxonomy":"product_cat","embeddable":true,"href":"https:\/\/prosafedz.com\/fr\/wp-json\/wp\/v2\/product_cat?post=29199"},{"taxonomy":"product_tag","embeddable":true,"href":"https:\/\/prosafedz.com\/fr\/wp-json\/wp\/v2\/product_tag?post=29199"}],"curies":[{"name":"wp","href":"https:\/\/api.w.org\/{rel}","templated":true}]}}