{"id":29181,"date":"2018-10-24T14:16:00","date_gmt":"2018-10-24T13:16:00","guid":{"rendered":"https:\/\/prosafedz.com\/?post_type=product&#038;p=29181"},"modified":"2025-02-16T09:56:07","modified_gmt":"2025-02-16T08:56:07","slug":"gants-soudeurs-2517","status":"publish","type":"product","link":"https:\/\/prosafedz.com\/fr\/produit\/gants-soudeurs-2517\/","title":{"rendered":"Gant Soudeur 3 doigts tout cro\u00fbte vachette manchette 15 cm R\u00e9f 2517"},"content":{"rendered":"<p><strong>LES + :<\/strong><\/p>\n<p><strong>&#8211; Confort.<\/strong><br \/>\n<strong>&#8211; Protection de la chaleur (100\u00b0C).<\/strong><\/p>\n<p><strong>EXEMPLES D\u2019APPLICATIONS<br \/>\n&#8211;<\/strong> Travaux soudeur<br \/>\n<strong>&#8211;<\/strong> Manutention en m\u00e9tallurgie<br \/>\n<strong>CONDITIONNEMENT DE VENTE<\/strong><br \/>\n<strong>&#8211;<\/strong> Emball\u00e9s par 12 paires<br \/>\n<strong>&#8211;<\/strong> Carton de 60 paires<br \/>\n<strong>NORME(S)<\/strong><br \/>\nCe gant est conforme au mod\u00e8le de l\u2019\u00e9quipement de protection individuelle ayant fait l\u2019objet de L\u2019attestation CE de type <strong>N\u00b0 5576 Issue 1.<br \/>\n<\/strong>D\u00e9livr\u00e9e par<strong> SATRA (organisme n\u00b0 0321)<br \/>\nEN 420:2003 ET EN 388:2003<br \/>\n&#8211;<\/strong> Abrasion = 4\/4<br \/>\n<strong>&#8211;<\/strong> Coupure par tranchage = 1\/5<br \/>\n<strong>&#8211;<\/strong> D\u00e9chirure = 1\/4<br \/>\n<strong>&#8211;<\/strong> Perforation = 1\/4<br \/>\n<strong>EN 407<br \/>\n&#8211;<\/strong> R\u00e9sistance \u00e0 l\u2019inflammabilit\u00e9 = 4<br \/>\n<strong>&#8211;<\/strong> R\u00e9sistance \u00e0 la chaleur de contact = 1<br \/>\n<strong>&#8211;<\/strong> R\u00e9sistance \u00e0 la chaleur convective = X<br \/>\n<strong>&#8211;<\/strong> R\u00e9sistance \u00e0 la chaleur radiante = X<br \/>\n<strong>&#8211;<\/strong> R\u00e9sistance \u00e0 de petites projections de m\u00e9tal en fusion = 4<br \/>\n<strong>&#8211;<\/strong> R\u00e9sistance \u00e0 d\u2019importantes projections de m\u00e9tal en fusion = X<\/p>\n","protected":false},"excerpt":{"rendered":"<p><strong>&#8211; Tout en cro\u00fbte de vachette.<\/strong><\/p>\n<p><strong>&#8211; Pouce palm\u00e9.<\/strong><\/p>\n<p><strong>&#8211; 3 doigts.<\/strong><\/p>\n<p><strong>&#8211; Manchette en cro\u00fbte, 15 cm.<\/strong><\/p>\n<p><a href=\"http:\/\/prosafedz.com\/fr\/wp-content\/uploads\/2023\/01\/2517.pdf\" target=\"_blank\" rel=\"noopener noreferrer\"><button style=\"background-color: #90a96b; font-seize: 20px;\"><strong>T\u00e9l\u00e9charger La Fiche Technique<\/strong><\/button><\/a><\/p>\n","protected":false},"featured_media":34299,"template":"","meta":[],"product_brand":[],"product_cat":[145],"product_tag":[160,161,162,1193],"class_list":{"0":"post-29181","1":"product","2":"type-product","3":"status-publish","4":"has-post-thumbnail","6":"product_cat-5-5-gants-anti-chaleur-soudeur","7":"product_tag-gant-3-doigts","8":"product_tag-gants-soudeurs-2517","9":"product_tag-tout-croute-vachette-manchette-15-cm-2517","10":"product_tag-tout-croute-vachette-manchette-15-cm-ref-2517","11":"yith_product_brand-eurotechnique","13":"first","14":"instock","15":"shipping-taxable","16":"product-type-simple"},"_links":{"self":[{"href":"https:\/\/prosafedz.com\/fr\/wp-json\/wp\/v2\/product\/29181","targetHints":{"allow":["GET"]}}],"collection":[{"href":"https:\/\/prosafedz.com\/fr\/wp-json\/wp\/v2\/product"}],"about":[{"href":"https:\/\/prosafedz.com\/fr\/wp-json\/wp\/v2\/types\/product"}],"wp:featuredmedia":[{"embeddable":true,"href":"https:\/\/prosafedz.com\/fr\/wp-json\/wp\/v2\/media\/34299"}],"wp:attachment":[{"href":"https:\/\/prosafedz.com\/fr\/wp-json\/wp\/v2\/media?parent=29181"}],"wp:term":[{"taxonomy":"product_brand","embeddable":true,"href":"https:\/\/prosafedz.com\/fr\/wp-json\/wp\/v2\/product_brand?post=29181"},{"taxonomy":"product_cat","embeddable":true,"href":"https:\/\/prosafedz.com\/fr\/wp-json\/wp\/v2\/product_cat?post=29181"},{"taxonomy":"product_tag","embeddable":true,"href":"https:\/\/prosafedz.com\/fr\/wp-json\/wp\/v2\/product_tag?post=29181"}],"curies":[{"name":"wp","href":"https:\/\/api.w.org\/{rel}","templated":true}]}}