{"id":29177,"date":"2018-10-24T14:13:41","date_gmt":"2018-10-24T13:13:41","guid":{"rendered":"https:\/\/prosafedz.com\/?post_type=product&#038;p=29177"},"modified":"2024-09-15T12:18:26","modified_gmt":"2024-09-15T10:18:26","slug":"gants-soudeurs-2507","status":"publish","type":"product","link":"https:\/\/prosafedz.com\/fr\/produit\/gants-soudeurs-2507\/","title":{"rendered":"Gant Soudeur EUROWELD tout cro\u00fbte vachette manchette 7 cm R\u00e9f 2507"},"content":{"rendered":"<p><strong>LES + :<\/strong><\/p>\n<p><strong>&#8211; confort.<\/strong><br \/>\n<strong>&#8211; Manchette raccourcie.<\/strong><\/p>\n<p><strong>EXEMPLES D\u2019APPLICATIONS<br \/>\n&#8211;<\/strong> Gros travaux de manutention<br \/>\n<strong>&#8211;<\/strong> travaux de soudeur<br \/>\n<strong>&#8211; protection contre la chaleur jusqu&rsquo;\u00e0 250\u00b0C pendant 15 secondes<br \/>\nSECTEURS<br \/>\n&#8211; <\/strong>Energie (production et distribution)<br \/>\n<strong>&#8211;<\/strong> Maintenance<br \/>\n<strong>&#8211;<\/strong> Second-\u0153uvre du b\u00e2timent<br \/>\n<strong>&#8211;<\/strong> Services et distribution (magasins, h\u00f4tels\/restaurants, nettoyage, garages\u2026)<br \/>\n<strong>CONDITIONNEMENT DE VENTE<\/strong><br \/>\n<strong>&#8211;<\/strong> Emball\u00e9s par 12<br \/>\n<strong>&#8211;<\/strong> Carton de 60 paires<br \/>\n<strong>NORME(S)<\/strong><br \/>\nCe gant est conforme au mod\u00e8le de l&rsquo;\u00e9quipement de protection individuelle ayant fait l&rsquo;objet de l&rsquo;attestation CE de type <strong>7292 Issue 2.<br \/>\n<\/strong>D\u00e9livr\u00e9 par<strong> SATRA Technology<br \/>\nEN420:2003 + A1:2009<br \/>\nEN388:2016<br \/>\nEN407:2004<\/strong><\/p>\n","protected":false},"excerpt":{"rendered":"<p><strong>&#8211; Cro\u00fbte de vachette.<\/strong><\/p>\n<p><strong>&#8211; Pouce palm\u00e9.<\/strong><\/p>\n<p><strong>&#8211; Prot\u00e8ge art\u00e8re.<\/strong><\/p>\n<p><strong>&#8211; Manchette de s\u00e9curit\u00e9 en cro\u00fbte longueur 7cm.<\/strong><\/p>\n<p><a href=\"http:\/\/prosafedz.com\/fr\/wp-content\/uploads\/2023\/01\/MO2507.pdf\" target=\"_blank\" rel=\"noopener noreferrer\"><button style=\"background-color: #90a96b; font-seize: 20px;\"><strong>T\u00e9l\u00e9charger La Fiche Technique<\/strong><\/button><\/a><\/p>\n","protected":false},"featured_media":34290,"template":"","meta":[],"product_brand":[],"product_cat":[145],"product_tag":[156,1190,157],"class_list":{"0":"post-29177","1":"product","2":"type-product","3":"status-publish","4":"has-post-thumbnail","6":"product_cat-5-5-gants-anti-chaleur-soudeur","7":"product_tag-gant-tout-croute-vachette-manchette-7-cm-2507","8":"product_tag-gant-tout-croute-vachette-manchette-7-cm-ref-2507","9":"product_tag-gants-soudeurs-2507","10":"yith_product_brand-coverguard","12":"first","13":"instock","14":"shipping-taxable","15":"product-type-simple"},"_links":{"self":[{"href":"https:\/\/prosafedz.com\/fr\/wp-json\/wp\/v2\/product\/29177","targetHints":{"allow":["GET"]}}],"collection":[{"href":"https:\/\/prosafedz.com\/fr\/wp-json\/wp\/v2\/product"}],"about":[{"href":"https:\/\/prosafedz.com\/fr\/wp-json\/wp\/v2\/types\/product"}],"wp:featuredmedia":[{"embeddable":true,"href":"https:\/\/prosafedz.com\/fr\/wp-json\/wp\/v2\/media\/34290"}],"wp:attachment":[{"href":"https:\/\/prosafedz.com\/fr\/wp-json\/wp\/v2\/media?parent=29177"}],"wp:term":[{"taxonomy":"product_brand","embeddable":true,"href":"https:\/\/prosafedz.com\/fr\/wp-json\/wp\/v2\/product_brand?post=29177"},{"taxonomy":"product_cat","embeddable":true,"href":"https:\/\/prosafedz.com\/fr\/wp-json\/wp\/v2\/product_cat?post=29177"},{"taxonomy":"product_tag","embeddable":true,"href":"https:\/\/prosafedz.com\/fr\/wp-json\/wp\/v2\/product_tag?post=29177"}],"curies":[{"name":"wp","href":"https:\/\/api.w.org\/{rel}","templated":true}]}}