{"id":29175,"date":"2018-10-24T14:12:39","date_gmt":"2018-10-24T13:12:39","guid":{"rendered":"https:\/\/prosafedz.com\/?post_type=product&#038;p=29175"},"modified":"2024-09-15T12:18:47","modified_gmt":"2024-09-15T10:18:47","slug":"gants-soudeurs-2636","status":"publish","type":"product","link":"https:\/\/prosafedz.com\/fr\/produit\/gants-soudeurs-2636\/","title":{"rendered":"Gant Kevlar\u00ae cro\u00fbte vachette bleue renfort paume index molletonn\u00e9 manchette 15 cm R\u00e9f 2636"},"content":{"rendered":"<p><strong>LES + :<\/strong><\/p>\n<p><strong>&#8211; Renfort de la paume en cro\u00fbte.<\/strong><br \/>\n<strong>&#8211; Int\u00e9rieur molletonn\u00e9.<\/strong><br \/>\n<strong>&#8211; Confort.<\/strong><br \/>\n<strong>&#8211; Dur\u00e9e de vie prolong\u00e9e (coutures Kevlar\u00ae).<\/strong><\/p>\n<p><strong>EXEMPLES D\u2019APPLICATIONS<br \/>\n&#8211;<\/strong> Travaux de soudeur, m\u00e9tallurgie, manipulation profil\u00e9 (m\u00e9taux, \u2026)<br \/>\n<strong>&#8211;<\/strong> <strong>Tr\u00e8s haute protection contre la chaleur de contact (350\u00b0C pendant 15 secondes maximum)<br \/>\nSECTEURS<br \/>\n&#8211; <\/strong>Industries lourdes et de process<br \/>\n<strong>&#8211;<\/strong> Energie<br \/>\n<strong>&#8211;<\/strong> Maintenance<br \/>\n<strong>&#8211;<\/strong> Services et distribution (magasins, h\u00f4tels\/restaurants, nettoyage, garages\u2026)<br \/>\n<strong>CONDITIONNEMENT DE VENTE<\/strong><br \/>\n<strong>&#8211;<\/strong> Emball\u00e9s par 12<br \/>\n<strong>&#8211;<\/strong> Carton de 60 paires<br \/>\n<strong>NORME(S)<\/strong><br \/>\nCe gant est conforme au mod\u00e8le de l&rsquo;\u00e9quipement de protection individuelle ayant fait l&rsquo;objet de l&rsquo;attestation CE de type <strong>2777\/12280-01\/E00-00.<br \/>\n<\/strong>D\u00e9livr\u00e9e par<strong> SATRA Technology<br \/>\nEN420:2003 + A1:2009<br \/>\nEN388:2016<br \/>\nEN407:2004<br \/>\nEN1149-2:1997<br \/>\nEN12477:2001+A1:2005<br \/>\nTYPE A<\/strong><\/p>\n","protected":false},"excerpt":{"rendered":"<p><strong>&#8211; Cro\u00fbte de vachette bleue, coutures Kevlar\u00ae.<\/strong><\/p>\n<p><strong>&#8211; Pouce palm\u00e9.<\/strong><\/p>\n<p><strong>&#8211; Int\u00e9rieur molletonn\u00e9, renfort paume en cuir bleu.<\/strong><\/p>\n<p><strong>&#8211; Manchette de s\u00e9curit\u00e9 en cro\u00fbte, longueur : 15cm.<\/strong><\/p>\n<p><a href=\"http:\/\/prosafedz.com\/fr\/wp-content\/uploads\/2023\/02\/MO2636.pdf\" target=\"_blank\" rel=\"noopener noreferrer\"><button style=\"background-color: #90a96b; font-seize: 20px;\"><strong>T\u00e9l\u00e9charger La Fiche Technique<\/strong><\/button><\/a><\/p>\n","protected":false},"featured_media":34316,"template":"","meta":[],"product_brand":[],"product_cat":[145],"product_tag":[1188,153,154,1189,155],"class_list":{"0":"post-29175","1":"product","2":"type-product","3":"status-publish","4":"has-post-thumbnail","6":"product_cat-5-5-gants-anti-chaleur-soudeur","7":"product_tag-gant-kevlar-croute-vachette-bleu-renfort-paume-index","8":"product_tag-gant-kevlar-croute-vachette-bleue-renfort-paume-index","9":"product_tag-gants-soudeurs-2636","10":"product_tag-molleton-m-15-cm-ref-2636","11":"product_tag-molletonne-m-15-cm-2636","12":"yith_product_brand-coverguard","14":"first","15":"instock","16":"shipping-taxable","17":"product-type-simple"},"_links":{"self":[{"href":"https:\/\/prosafedz.com\/fr\/wp-json\/wp\/v2\/product\/29175","targetHints":{"allow":["GET"]}}],"collection":[{"href":"https:\/\/prosafedz.com\/fr\/wp-json\/wp\/v2\/product"}],"about":[{"href":"https:\/\/prosafedz.com\/fr\/wp-json\/wp\/v2\/types\/product"}],"wp:featuredmedia":[{"embeddable":true,"href":"https:\/\/prosafedz.com\/fr\/wp-json\/wp\/v2\/media\/34316"}],"wp:attachment":[{"href":"https:\/\/prosafedz.com\/fr\/wp-json\/wp\/v2\/media?parent=29175"}],"wp:term":[{"taxonomy":"product_brand","embeddable":true,"href":"https:\/\/prosafedz.com\/fr\/wp-json\/wp\/v2\/product_brand?post=29175"},{"taxonomy":"product_cat","embeddable":true,"href":"https:\/\/prosafedz.com\/fr\/wp-json\/wp\/v2\/product_cat?post=29175"},{"taxonomy":"product_tag","embeddable":true,"href":"https:\/\/prosafedz.com\/fr\/wp-json\/wp\/v2\/product_tag?post=29175"}],"curies":[{"name":"wp","href":"https:\/\/api.w.org\/{rel}","templated":true}]}}