{"id":29173,"date":"2018-10-24T14:11:29","date_gmt":"2018-10-24T13:11:29","guid":{"rendered":"https:\/\/prosafedz.com\/?post_type=product&#038;p=29173"},"modified":"2023-02-01T16:13:33","modified_gmt":"2023-02-01T15:13:33","slug":"gants-soudeurs-2634","status":"publish","type":"product","link":"https:\/\/prosafedz.com\/fr\/produit\/gants-soudeurs-2634\/","title":{"rendered":"Gant Kevlar\u00ae cro\u00fbte vachette bleue doubl\u00e9 molletonn\u00e9 dos aluminis\u00e9 R\u00e9f 2634"},"content":{"rendered":"<p><strong>LES + :<\/strong><\/p>\n<p><strong>&#8211; Confort.<\/strong><br \/>\n<strong>&#8211; Renfort index.<\/strong><br \/>\n<strong>&#8211; Prot\u00e8ge-art\u00e8re.<\/strong><br \/>\n<strong>&#8211; Dur\u00e9e de vie prolong\u00e9e (coutures Kevlar).<\/strong><\/p>\n<p><strong>EXEMPLES D\u2019APPLICATIONS<br \/>\n&#8211;<\/strong> Travaux de soudure<br \/>\n<strong>&#8211;<\/strong> manutention en m\u00e9tallurgie et fonderie<br \/>\n<strong>SECTEURS<\/strong><br \/>\n<strong>&#8211;<\/strong> Industries lourdes et de process (sid\u00e9rurgie, m\u00e9tallurgie, papier, b\u00e9ton, pl\u00e2tre\u2026)<br \/>\n<strong>&#8211;<\/strong> Energie (production et distribution)<br \/>\n<strong>&#8211;<\/strong> Maintenance<br \/>\n<strong>&#8211;<\/strong> Services et distribution (magasins, h\u00f4tels\/restaurants, nettoyage, garages\u2026)<br \/>\n<strong>CONDITIONNEMENT DE VENTE<\/strong><br \/>\n<strong>&#8211;<\/strong> Emball\u00e9s par 12 paires<br \/>\n<strong>&#8211;<\/strong> Carton de 60 paires<br \/>\n<strong>NORME(S)<\/strong><br \/>\n<strong>EN420:2003 + A1:2009<br \/>\nEN388:2016<br \/>\nEN407:2004<\/strong><\/p>\n","protected":false},"excerpt":{"rendered":"<p><strong>&#8211; En cro\u00fbte de vachette bleue.<\/strong><\/p>\n<p><strong>&#8211; Coutures en Kevlar.<\/strong><\/p>\n<p><strong>&#8211; Int\u00e9rieur molletonn\u00e9.<\/strong><\/p>\n<p><strong>&#8211; Renfort paume.<\/strong><\/p>\n<p><strong>&#8211; Dos aluminis\u00e9.<\/strong><\/p>\n<p><strong>&#8211; Manchette en cro\u00fbte, longueur : 15 cm.<\/strong><\/p>\n<p><a href=\"http:\/\/prosafedz.com\/fr\/wp-content\/uploads\/2023\/02\/MO2634.pdf\" target=\"_blank\" rel=\"noopener noreferrer\"><button style=\"background-color: #90a96b; font-seize: 20px;\"><strong>T\u00e9l\u00e9charger La Fiche Technique<\/strong><\/button><\/a><\/p>\n","protected":false},"featured_media":34311,"template":"","meta":[],"product_brand":[],"product_cat":[145],"product_tag":[149,1187,150,1186,151,152],"class_list":{"0":"post-29173","1":"product","2":"type-product","3":"status-publish","4":"has-post-thumbnail","6":"product_cat-5-5-gants-anti-chaleur-soudeur","7":"product_tag-dos-aluminise-2634","8":"product_tag-dos-aluminise-ref-2634","9":"product_tag-double-molleton","10":"product_tag-double-molletone","11":"product_tag-gant-kevlar-croute-vachette-bleue","12":"product_tag-gants-soudeurs-2634","13":"yith_product_brand-coverguard","15":"first","16":"instock","17":"shipping-taxable","18":"product-type-simple"},"_links":{"self":[{"href":"https:\/\/prosafedz.com\/fr\/wp-json\/wp\/v2\/product\/29173","targetHints":{"allow":["GET"]}}],"collection":[{"href":"https:\/\/prosafedz.com\/fr\/wp-json\/wp\/v2\/product"}],"about":[{"href":"https:\/\/prosafedz.com\/fr\/wp-json\/wp\/v2\/types\/product"}],"wp:featuredmedia":[{"embeddable":true,"href":"https:\/\/prosafedz.com\/fr\/wp-json\/wp\/v2\/media\/34311"}],"wp:attachment":[{"href":"https:\/\/prosafedz.com\/fr\/wp-json\/wp\/v2\/media?parent=29173"}],"wp:term":[{"taxonomy":"product_brand","embeddable":true,"href":"https:\/\/prosafedz.com\/fr\/wp-json\/wp\/v2\/product_brand?post=29173"},{"taxonomy":"product_cat","embeddable":true,"href":"https:\/\/prosafedz.com\/fr\/wp-json\/wp\/v2\/product_cat?post=29173"},{"taxonomy":"product_tag","embeddable":true,"href":"https:\/\/prosafedz.com\/fr\/wp-json\/wp\/v2\/product_tag?post=29173"}],"curies":[{"name":"wp","href":"https:\/\/api.w.org\/{rel}","templated":true}]}}