{"id":29124,"date":"2018-10-24T13:07:05","date_gmt":"2018-10-24T12:07:05","guid":{"rendered":"https:\/\/prosafedz.com\/?post_type=product&#038;p=29124"},"modified":"2025-02-16T09:55:46","modified_gmt":"2025-02-16T08:55:46","slug":"gants-dockers-154","status":"publish","type":"product","link":"https:\/\/prosafedz.com\/fr\/produit\/gants-dockers-154\/","title":{"rendered":"Gant docker cro\u00fbte vachette renfort cro\u00fbte vert R\u00e9f 154"},"content":{"rendered":"<p><strong>AVANTAGES\u00a0<\/strong><strong>SP\u00c9CIFIQUES<\/strong><br \/>\n\u2022 Solidit\u00e9<br \/>\n\u2022 Paume renforc\u00e9e<br \/>\n\u2022 Prot\u00e8ge-art\u00e8re<br \/>\n\u2022 Confort<br \/>\n\u2022 Manchette de s\u00e9curit\u00e9<br \/>\n<strong>PRINCIPAUX DOMAINES D\u2019UTILISATION<\/strong><br \/>\n\u2022 Grosse manutention<br \/>\n\u2022 Bois et menuiserie<br \/>\n\u2022 Activit\u00e9s de transport et de magasinier<br \/>\n\u2022 Ma\u00e7onnerie<br \/>\n<strong>CONDITIONNEMENT<\/strong><br \/>\n\u2022 Emball\u00e9s par 12<br \/>\n\u2022 Carton de 60 paires<br \/>\n<strong>NORMALISATION<\/strong><br \/>\nCe gant est conforme au mod\u00e8le de l\u2019\u00e9quipement de protection individuelle ayant fait l\u2019objet de<br \/>\nL\u2019attestation<strong> CE de type 0075\/108\/162\/10\/09\/0430<\/strong><br \/>\n<strong>D\u00e9livr\u00e9e par CTC (organisme n\u00b0 0075)<\/strong><br \/>\n\u2022 Abrasion = 3\/4<br \/>\n\u2022 Coupure par tranchage = 1\/5<br \/>\n\u2022 D\u00e9chirure = 2\/4<br \/>\n\u2022 Perforation = 2\/4<\/p>\n","protected":false},"excerpt":{"rendered":"<p><strong>DESCRIPTIF G\u00c9N\u00c9RAL ET MATI\u00c8RES<\/strong><br \/>\n\u2022 Gants dockers en cro\u00fbte de vachette grise<br \/>\n\u2022 Renfort en cro\u00fbte verte sur la paume, l\u2019index et le pouce<br \/>\n\u2022 Paume doubl\u00e9e coton<br \/>\n\u2022 Dos en toile verte<br \/>\n\u2022 Manchette en toile forte verte<br \/>\n\u2022 Prot\u00e8ge-art\u00e8re<\/p>\n<p><a href=\"http:\/\/prosafedz.com\/fr\/wp-content\/uploads\/2021\/08\/12-154.pdf\" target=\"_blank\" rel=\"noopener noreferrer\"><button style=\"background-color: #90a96b; font-seize: 20px;\"><strong>T\u00e9l\u00e9charger La Fiche Technique<\/strong><\/button><\/a><\/p>\n","protected":false},"featured_media":33746,"template":"","meta":[],"product_brand":[],"product_cat":[125],"product_tag":[129,130],"class_list":{"0":"post-29124","1":"product","2":"type-product","3":"status-publish","4":"has-post-thumbnail","6":"product_cat-5-3-gants-de-manutention-docker-tricote","7":"product_tag-gant-docker-croute-vachette-renfort-croute-vert-154","8":"product_tag-gants-dockers-154","10":"first","11":"instock","12":"shipping-taxable","13":"product-type-simple"},"_links":{"self":[{"href":"https:\/\/prosafedz.com\/fr\/wp-json\/wp\/v2\/product\/29124","targetHints":{"allow":["GET"]}}],"collection":[{"href":"https:\/\/prosafedz.com\/fr\/wp-json\/wp\/v2\/product"}],"about":[{"href":"https:\/\/prosafedz.com\/fr\/wp-json\/wp\/v2\/types\/product"}],"wp:featuredmedia":[{"embeddable":true,"href":"https:\/\/prosafedz.com\/fr\/wp-json\/wp\/v2\/media\/33746"}],"wp:attachment":[{"href":"https:\/\/prosafedz.com\/fr\/wp-json\/wp\/v2\/media?parent=29124"}],"wp:term":[{"taxonomy":"product_brand","embeddable":true,"href":"https:\/\/prosafedz.com\/fr\/wp-json\/wp\/v2\/product_brand?post=29124"},{"taxonomy":"product_cat","embeddable":true,"href":"https:\/\/prosafedz.com\/fr\/wp-json\/wp\/v2\/product_cat?post=29124"},{"taxonomy":"product_tag","embeddable":true,"href":"https:\/\/prosafedz.com\/fr\/wp-json\/wp\/v2\/product_tag?post=29124"}],"curies":[{"name":"wp","href":"https:\/\/api.w.org\/{rel}","templated":true}]}}