{"id":29122,"date":"2018-10-24T13:05:51","date_gmt":"2018-10-24T12:05:51","guid":{"rendered":"https:\/\/prosafedz.com\/?post_type=product&#038;p=29122"},"modified":"2021-09-14T17:21:35","modified_gmt":"2021-09-14T15:21:35","slug":"gants-dockers-153","status":"publish","type":"product","link":"https:\/\/prosafedz.com\/fr\/produit\/gants-dockers-153\/","title":{"rendered":"Gant docker cro\u00fbte vachette jaune, paume renfort fleur R\u00e9f 153"},"content":{"rendered":"<p><strong>AVANTAGES\u00a0<\/strong><strong>SP\u00c9CIFIQUES<\/strong><br \/>\n\u2022 Solidit\u00e9<br \/>\n\u2022 Paume renforc\u00e9e<br \/>\n\u2022 Confort<br \/>\n\u2022 Prot\u00e8ge-art\u00e8re<br \/>\n<strong>PRINCIPAUX DOMAINES D\u2019UTILISATION<\/strong><br \/>\n\u2022 Grosse manutention<br \/>\n\u2022 Bois et menuiserie<br \/>\n\u2022 Activit\u00e9s de transport et de magasinier<br \/>\n\u2022 Ma\u00e7onnerie<br \/>\n<strong>CONDITIONNEMENT<\/strong><br \/>\n\u2022 Emball\u00e9s par 12<br \/>\n\u2022 Carton de 120 paires<br \/>\n<strong>NORMALISATION<\/strong><br \/>\nCe gant est conforme au mod\u00e8le de l\u2019\u00e9quipement de protection individuelle ayant fait l\u2019objet de<br \/>\nL\u2019attestation <strong>CE de type 0075\/108\/162\/09\/09\/0376<\/strong><br \/>\n<strong>D\u00e9livr\u00e9e par CTC (organisme n\u00b0 0075)<\/strong><br \/>\n\u2022 Abrasion = 3\/4<br \/>\n\u2022 Coupure par tranchage = 1\/5<br \/>\n\u2022 D\u00e9chirure = 2\/4<br \/>\n\u2022 Perforation = 3\/4<\/p>\n","protected":false},"excerpt":{"rendered":"<p><strong>DESCRIPTIF G\u00c9N\u00c9RAL ET MATI\u00c8RES<\/strong><br \/>\n\u2022 Gants dockers en cro\u00fbte sup\u00e9rieure de vachette<br \/>\n\u2022 Paume doubl\u00e9e coton<br \/>\n\u2022 Renfort de la paume en fleur<br \/>\n\u2022 Dos en toile jaune bayad\u00e8re<br \/>\n\u2022 Manchette en toile jaune bayad\u00e8re<br \/>\n\u2022 Prot\u00e8ge-art\u00e8re<\/p>\n<p><a href=\"http:\/\/prosafedz.com\/fr\/wp-content\/uploads\/2021\/08\/11-153.pdf\" target=\"_blank\" rel=\"noopener noreferrer\"><button style=\"background-color: #90a96b; font-seize: 20px;\"><strong>T\u00e9l\u00e9charger La Fiche Technique<\/strong><\/button><\/a><\/p>\n","protected":false},"featured_media":33743,"template":"","meta":[],"product_brand":[],"product_cat":[125],"product_tag":[126,1161,127,128,1162],"class_list":{"0":"post-29122","1":"product","2":"type-product","3":"status-publish","4":"has-post-thumbnail","6":"product_cat-5-3-gants-de-manutention-docker-tricote","7":"product_tag-gant-docker-croute-vachette-jaune","8":"product_tag-gants-docker-croute-vachette-jaune","9":"product_tag-gants-dockers-153","10":"product_tag-paume-renfort-fleur-153","11":"product_tag-paume-renfort-fleur-ref-153","12":"yith_product_brand-eurotechnique","14":"first","15":"instock","16":"shipping-taxable","17":"product-type-simple"},"_links":{"self":[{"href":"https:\/\/prosafedz.com\/fr\/wp-json\/wp\/v2\/product\/29122","targetHints":{"allow":["GET"]}}],"collection":[{"href":"https:\/\/prosafedz.com\/fr\/wp-json\/wp\/v2\/product"}],"about":[{"href":"https:\/\/prosafedz.com\/fr\/wp-json\/wp\/v2\/types\/product"}],"wp:featuredmedia":[{"embeddable":true,"href":"https:\/\/prosafedz.com\/fr\/wp-json\/wp\/v2\/media\/33743"}],"wp:attachment":[{"href":"https:\/\/prosafedz.com\/fr\/wp-json\/wp\/v2\/media?parent=29122"}],"wp:term":[{"taxonomy":"product_brand","embeddable":true,"href":"https:\/\/prosafedz.com\/fr\/wp-json\/wp\/v2\/product_brand?post=29122"},{"taxonomy":"product_cat","embeddable":true,"href":"https:\/\/prosafedz.com\/fr\/wp-json\/wp\/v2\/product_cat?post=29122"},{"taxonomy":"product_tag","embeddable":true,"href":"https:\/\/prosafedz.com\/fr\/wp-json\/wp\/v2\/product_tag?post=29122"}],"curies":[{"name":"wp","href":"https:\/\/api.w.org\/{rel}","templated":true}]}}