{"id":29091,"date":"2018-10-24T12:43:42","date_gmt":"2018-10-24T11:43:42","guid":{"rendered":"https:\/\/prosafedz.com\/?post_type=product&#038;p=29091"},"modified":"2023-01-26T10:13:01","modified_gmt":"2023-01-26T09:13:01","slug":"gants-en-cuir-traite-hydrofuge-2458-2459-2460-2461","status":"publish","type":"product","link":"https:\/\/prosafedz.com\/fr\/produit\/gants-en-cuir-traite-hydrofuge-2458-2459-2460-2461\/","title":{"rendered":"Gant tout fleur vachette sup\u00e9rieure Hydrofuge avec prot\u00e8ge art\u00e8re R\u00e9f 2460"},"content":{"rendered":"<p><strong>AVANTAGES\u00a0<\/strong><b>SP\u00c9CIFIQUES<br \/>\n&#8211; <\/b>Confort<br \/>\n<strong>&#8211;<\/strong> Souplesse<br \/>\n<strong>&#8211;<\/strong> Bonne dext\u00e9rit\u00e9<br \/>\n<strong>&#8211;<\/strong> Bonne protection (prot\u00e8ge art\u00e8re et r\u00e9sistance \u00e0 l\u2019eau et aux huiles)<br \/>\n<strong>PRINCIPAUX DOMAINES D\u2019UTILISATION<\/strong><br \/>\n<strong>&#8211;<\/strong> Travaux courants et m\u00e9caniques<br \/>\n<strong>&#8211;<\/strong> Manutention de produits huileux et\/ou humides<br \/>\n<strong>CONDITIONNEMENT<\/strong><br \/>\n<strong>&#8211;<\/strong> Emball\u00e9s par 10 paires<br \/>\n<strong>&#8211;<\/strong> Carton de 120 paires<br \/>\n<strong>NORMALISATION<\/strong><br \/>\nCe gant est conforme au mod\u00e8le de l\u2019\u00e9quipement de protection individuelle ayant fait l\u2019objet de L\u2019attestation CE de type <strong>N\u00b0 0075\/108\/162\/07\/10\/0317.<br \/>\n<\/strong>D\u00e9livr\u00e9e par<strong> CTC (organisme n\u00b0 0075)<br \/>\nEN 420:2003 + A1:2009<br \/>\nEN 388:2003<br \/>\n&#8211;<\/strong> Abrasion = 2\/4<br \/>\n<strong>&#8211;<\/strong> Coupure par tranchage = 1\/5<br \/>\n<strong>&#8211;<\/strong> D\u00e9chirure = 2\/4<br \/>\n<strong>&#8211;<\/strong> Perforation = 1\/4<\/p>\n","protected":false},"excerpt":{"rendered":"<p><strong>&#8211; Tout fleur sup\u00e9rieure de vachette.<\/strong><\/p>\n<p><strong>&#8211; Pouce palm\u00e9.<\/strong><\/p>\n<p><strong>&#8211; Poignet en tricot \u00e9lastique.<\/strong><\/p>\n<p><strong>&#8211; Prot\u00e8ge art\u00e8re en cuir.<\/strong><\/p>\n<p><strong>&#8211; Traitement hydrofuge et ol\u00e9ofuge.<\/strong><\/p>\n<p><a href=\"http:\/\/prosafedz.com\/fr\/wp-content\/uploads\/2023\/01\/2460.pdf\" target=\"_blank\" rel=\"noopener noreferrer\"><button style=\"background-color: #90a96b; font-seize: 20px;\"><strong>T\u00e9l\u00e9charger La Fiche Technique<\/strong><\/button><\/a><\/p>\n","protected":false},"featured_media":34287,"template":"","meta":[],"product_brand":[],"product_cat":[22],"product_tag":[106,107,108,1178],"class_list":{"0":"post-29091","1":"product","2":"type-product","3":"status-publish","4":"has-post-thumbnail","6":"product_cat-5-4-gants-maitrise","7":"product_tag-gant-tout-fleur-vachette-superieure-hydrofuge","8":"product_tag-gants-en-cuir-traite-hydrofuge-2458-2459-2460-2461","9":"product_tag-protege-artere-2458-2459-2460-2461","10":"product_tag-protege-artere-ref-2460","11":"yith_product_brand-eurotechnique","13":"first","14":"instock","15":"shipping-taxable","16":"product-type-simple"},"_links":{"self":[{"href":"https:\/\/prosafedz.com\/fr\/wp-json\/wp\/v2\/product\/29091","targetHints":{"allow":["GET"]}}],"collection":[{"href":"https:\/\/prosafedz.com\/fr\/wp-json\/wp\/v2\/product"}],"about":[{"href":"https:\/\/prosafedz.com\/fr\/wp-json\/wp\/v2\/types\/product"}],"wp:featuredmedia":[{"embeddable":true,"href":"https:\/\/prosafedz.com\/fr\/wp-json\/wp\/v2\/media\/34287"}],"wp:attachment":[{"href":"https:\/\/prosafedz.com\/fr\/wp-json\/wp\/v2\/media?parent=29091"}],"wp:term":[{"taxonomy":"product_brand","embeddable":true,"href":"https:\/\/prosafedz.com\/fr\/wp-json\/wp\/v2\/product_brand?post=29091"},{"taxonomy":"product_cat","embeddable":true,"href":"https:\/\/prosafedz.com\/fr\/wp-json\/wp\/v2\/product_cat?post=29091"},{"taxonomy":"product_tag","embeddable":true,"href":"https:\/\/prosafedz.com\/fr\/wp-json\/wp\/v2\/product_tag?post=29091"}],"curies":[{"name":"wp","href":"https:\/\/api.w.org\/{rel}","templated":true}]}}