{"id":29079,"date":"2018-10-24T12:35:14","date_gmt":"2018-10-24T11:35:14","guid":{"rendered":"https:\/\/prosafedz.com\/?post_type=product&#038;p=29079"},"modified":"2021-09-15T14:40:44","modified_gmt":"2021-09-15T12:40:44","slug":"gants-en-cuir-maitrise-1218-1219-1220-1221","status":"publish","type":"product","link":"https:\/\/prosafedz.com\/fr\/produit\/gants-en-cuir-maitrise-1218-1219-1220-1221\/","title":{"rendered":"Gant ma\u00eetrise paume fleur vachette, dos cro\u00fbte R\u00e9f 1220"},"content":{"rendered":"<p><strong>AVANTAGES\u00a0<\/strong><strong>SP\u00c9CIFIQUES<\/strong><br \/>\n\u2022 Confort<br \/>\n\u2022 Souplesse<br \/>\n\u2022 Dext\u00e9rit\u00e9<br \/>\n<strong>PRINCIPAUX DOMAINES D\u2019UTILISATION<\/strong><br \/>\n\u2022 Travaux m\u00e9caniques et courants<br \/>\n\u2022 Montage et manutention<br \/>\n<strong>CONDITIONNEMENT<\/strong><br \/>\n\u2022 Emball\u00e9s par 10<br \/>\n\u2022 Carton de 120 paires<br \/>\n<strong>NORMALISATION<\/strong><br \/>\nCe gant est conforme au mod\u00e8le de l\u2019\u00e9quipement de protection individuelle ayant fait l\u2019objet de<br \/>\nL\u2019attestation <strong>CE de type 7136 Issue 1<\/strong><br \/>\n<strong>D\u00e9livr\u00e9e par SATRA (organisme n\u00b0 0321)<\/strong><br \/>\n\u2022 Abrasion = 2\/4<br \/>\n\u2022 Coupure par tranchage = 1\/5<br \/>\n\u2022 D\u00e9chirure = 2\/4<br \/>\n\u2022 Perforation = 1\/4<\/p>\n","protected":false},"excerpt":{"rendered":"<p><strong>DESCRIPTIF G\u00c9N\u00c9RAL ET MATI\u00c8RES<\/strong><br \/>\n\u2022 Gants ma\u00eetrise<br \/>\n\u2022 Paume et index en fleur de vachette<br \/>\n\u2022 Dos en cro\u00fbte<br \/>\n\u2022 Pouce palm\u00e9<br \/>\n\u2022 \u00c9lastique de serrage au poignet<br \/>\n\u2022 Qualit\u00e9 standard<\/p>\n<p><a href=\"http:\/\/prosafedz.com\/fr\/wp-content\/uploads\/2021\/09\/06-1220.pdf\" target=\"_blank\" rel=\"noopener noreferrer\"><button style=\"background-color: #90a96b; font-seize: 20px;\"><strong>T\u00e9l\u00e9charger La Fiche Technique<\/strong><\/button><\/a><\/p>\n","protected":false},"featured_media":33776,"template":"","meta":[],"product_brand":[],"product_cat":[22],"product_tag":[1176,98,1175],"class_list":{"0":"post-29079","1":"product","2":"type-product","3":"status-publish","4":"has-post-thumbnail","6":"product_cat-5-4-gants-maitrise","7":"product_tag-dos-croute-ref-1220","8":"product_tag-gants-en-cuir-maitrise-1218-1219-1220-1221","9":"product_tag-gants-maitrise-paume-fleur-vachette","10":"yith_product_brand-eurotechnique","12":"first","13":"instock","14":"shipping-taxable","15":"product-type-simple"},"_links":{"self":[{"href":"https:\/\/prosafedz.com\/fr\/wp-json\/wp\/v2\/product\/29079","targetHints":{"allow":["GET"]}}],"collection":[{"href":"https:\/\/prosafedz.com\/fr\/wp-json\/wp\/v2\/product"}],"about":[{"href":"https:\/\/prosafedz.com\/fr\/wp-json\/wp\/v2\/types\/product"}],"wp:featuredmedia":[{"embeddable":true,"href":"https:\/\/prosafedz.com\/fr\/wp-json\/wp\/v2\/media\/33776"}],"wp:attachment":[{"href":"https:\/\/prosafedz.com\/fr\/wp-json\/wp\/v2\/media?parent=29079"}],"wp:term":[{"taxonomy":"product_brand","embeddable":true,"href":"https:\/\/prosafedz.com\/fr\/wp-json\/wp\/v2\/product_brand?post=29079"},{"taxonomy":"product_cat","embeddable":true,"href":"https:\/\/prosafedz.com\/fr\/wp-json\/wp\/v2\/product_cat?post=29079"},{"taxonomy":"product_tag","embeddable":true,"href":"https:\/\/prosafedz.com\/fr\/wp-json\/wp\/v2\/product_tag?post=29079"}],"curies":[{"name":"wp","href":"https:\/\/api.w.org\/{rel}","templated":true}]}}