{"id":29073,"date":"2018-10-24T12:29:17","date_gmt":"2018-10-24T11:29:17","guid":{"rendered":"https:\/\/prosafedz.com\/?post_type=product&#038;p=29073"},"modified":"2025-02-16T09:55:38","modified_gmt":"2025-02-16T08:55:38","slug":"gants-en-cuir-maitrise-1109-1110","status":"publish","type":"product","link":"https:\/\/prosafedz.com\/fr\/produit\/gants-en-cuir-maitrise-1109-1110\/","title":{"rendered":"Gant ma\u00eetrise tout cro\u00fbte vachette standard R\u00e9f 1110"},"content":{"rendered":"<p><strong>AVANTAGES\u00a0<\/strong><strong>SP\u00c9CIFIQUES<\/strong><br \/>\n\u2022 Confort<br \/>\n\u2022 Souplesse<br \/>\n\u2022 Dext\u00e9rit\u00e9<br \/>\n<strong>PRINCIPAUX DOMAINES D\u2019UTILISATION<\/strong><br \/>\n\u2022 Travaux courants et m\u00e9caniques<br \/>\n\u2022 Montage et manutention<br \/>\n\u2022 B\u00e2timent et travaux publics<br \/>\n<strong>CONDITIONNEMENT<\/strong><br \/>\n\u2022 Emball\u00e9s par 12 paires<br \/>\n\u2022 Carton de 120 paires<br \/>\n<strong>NORMALISATION<\/strong><br \/>\nCe gant est conforme au mod\u00e8le de l\u2019\u00e9quipement de protection individuelle ayant fait l\u2019objet de<br \/>\n<strong>L\u2019attestation CE de type N\u00b0 0075\/108\/162\/07\/10\/0307<\/strong><br \/>\n<strong>D\u00e9livr\u00e9e par CTC (organisme n\u00b0 0075)<\/strong><br \/>\n\u2022 Abrasion = 3\/4<br \/>\n\u2022 Coupure par tranchage = 1\/5<br \/>\n\u2022 D\u00e9chirure = 2\/4<br \/>\n\u2022 Perforation = 2\/4<\/p>\n","protected":false},"excerpt":{"rendered":"<p><strong>DESCRIPTIF G\u00c9N\u00c9RAL ET MATI\u00c8RES<\/strong><br \/>\n\u2022 Gants ma\u00eetrise<br \/>\n\u2022 Tout cro\u00fbte de vachette<br \/>\n\u2022 \u00c9lastique de serrage au poignet<br \/>\n\u2022 Qualit\u00e9 standard<\/p>\n<p><a href=\"http:\/\/prosafedz.com\/fr\/wp-content\/uploads\/2021\/09\/05-1110.pdf\" target=\"_blank\" rel=\"noopener noreferrer\"><button style=\"background-color: #90a96b; font-seize: 20px;\"><strong>T\u00e9l\u00e9charger La Fiche Technique<\/strong><\/button><\/a><\/p>\n","protected":false},"featured_media":33765,"template":"","meta":[],"product_brand":[],"product_cat":[22],"product_tag":[95,1174,96],"class_list":{"0":"post-29073","1":"product","2":"type-product","3":"status-publish","4":"has-post-thumbnail","6":"product_cat-5-4-gants-maitrise","7":"product_tag-gant-maitrise-tout-croute-vachette-standard-1109-1110","8":"product_tag-gant-maitrise-tout-croute-vachette-standard-ref-1110","9":"product_tag-gants-en-cuir-maitrise-1109-1110","10":"yith_product_brand-eurotechnique","12":"first","13":"instock","14":"shipping-taxable","15":"product-type-simple"},"_links":{"self":[{"href":"https:\/\/prosafedz.com\/fr\/wp-json\/wp\/v2\/product\/29073","targetHints":{"allow":["GET"]}}],"collection":[{"href":"https:\/\/prosafedz.com\/fr\/wp-json\/wp\/v2\/product"}],"about":[{"href":"https:\/\/prosafedz.com\/fr\/wp-json\/wp\/v2\/types\/product"}],"wp:featuredmedia":[{"embeddable":true,"href":"https:\/\/prosafedz.com\/fr\/wp-json\/wp\/v2\/media\/33765"}],"wp:attachment":[{"href":"https:\/\/prosafedz.com\/fr\/wp-json\/wp\/v2\/media?parent=29073"}],"wp:term":[{"taxonomy":"product_brand","embeddable":true,"href":"https:\/\/prosafedz.com\/fr\/wp-json\/wp\/v2\/product_brand?post=29073"},{"taxonomy":"product_cat","embeddable":true,"href":"https:\/\/prosafedz.com\/fr\/wp-json\/wp\/v2\/product_cat?post=29073"},{"taxonomy":"product_tag","embeddable":true,"href":"https:\/\/prosafedz.com\/fr\/wp-json\/wp\/v2\/product_tag?post=29073"}],"curies":[{"name":"wp","href":"https:\/\/api.w.org\/{rel}","templated":true}]}}