{"id":29051,"date":"2018-10-24T12:04:54","date_gmt":"2018-10-24T11:04:54","guid":{"rendered":"https:\/\/prosafedz.com\/?post_type=product&#038;p=29051"},"modified":"2024-09-15T09:50:04","modified_gmt":"2024-09-15T07:50:04","slug":"casquette-anti-froid-57610","status":"publish","type":"product","link":"https:\/\/prosafedz.com\/fr\/produit\/casquette-anti-froid-57610\/","title":{"rendered":"BEAVER Top Casquette chaude  bleu \u00e9lectrique  R\u00e9f. : 57610"},"content":{"rendered":"<p><strong>AVANTAGES SP\u00c9CIFIQUES<\/strong><br \/>\n\u2022 Fourrure int\u00e9rieure<br \/>\n\u2022 Fourrure prot\u00e8ge-oreilles et nuques<br \/>\n\u2022 Marquage possible<br \/>\n<strong>PRINCIPAUX DOMAINES D\u2019UTILISATION<\/strong><br \/>\n\u2022 Milieux froids<br \/>\n\u2022 Travaux en plein-air<br \/>\n<strong>CONDITIONNEMENT<\/strong><br \/>\n\u2022 Emballage individuel<br \/>\n\u2022 Carton de 120 casquettes<\/p>\n","protected":false},"excerpt":{"rendered":"<p><strong>BEAVER Top Casquette chaude bleu \u00e9lectrique R\u00e9f. : 57610<\/strong><br \/>\nMati\u00e8re ext\u00e9rieure &gt;&gt; polyester et coton<br \/>\n<strong>BEAVER TOP<\/strong><br \/>\nMati\u00e8re int\u00e9rieure &gt;&gt; fourr\u00e9e acrylique<br \/>\nProt\u00e8ge-oreilles et nuque &gt;&gt; fourr\u00e9s rabattables<\/p>\n<p><a href=\"https:\/\/prosafedz.com\/fr\/wp-content\/uploads\/2018\/10\/57610-fr-exp.pdf\n\" target=\"_blank\" rel=\"noopener noreferrer\"><button style=\"background-color: #90a96b; font-seize: 20px;\"><strong>T\u00e9l\u00e9charger La Fiche Technique<\/strong><\/button><\/a><\/p>\n","protected":false},"featured_media":32761,"template":"","meta":[],"product_brand":[],"product_cat":[79],"product_tag":[1371,78],"class_list":{"0":"post-29051","1":"product","2":"type-product","3":"status-publish","4":"has-post-thumbnail","6":"product_cat-6-7-vetements-dhiver","7":"product_tag-beaver-top-casquette-chaude-bleu-electrique-ref-57610","8":"product_tag-casquette-anti-froid-57610","9":"yith_product_brand-coverguard-workwear","11":"first","12":"instock","13":"shipping-taxable","14":"product-type-simple"},"_links":{"self":[{"href":"https:\/\/prosafedz.com\/fr\/wp-json\/wp\/v2\/product\/29051","targetHints":{"allow":["GET"]}}],"collection":[{"href":"https:\/\/prosafedz.com\/fr\/wp-json\/wp\/v2\/product"}],"about":[{"href":"https:\/\/prosafedz.com\/fr\/wp-json\/wp\/v2\/types\/product"}],"wp:featuredmedia":[{"embeddable":true,"href":"https:\/\/prosafedz.com\/fr\/wp-json\/wp\/v2\/media\/32761"}],"wp:attachment":[{"href":"https:\/\/prosafedz.com\/fr\/wp-json\/wp\/v2\/media?parent=29051"}],"wp:term":[{"taxonomy":"product_brand","embeddable":true,"href":"https:\/\/prosafedz.com\/fr\/wp-json\/wp\/v2\/product_brand?post=29051"},{"taxonomy":"product_cat","embeddable":true,"href":"https:\/\/prosafedz.com\/fr\/wp-json\/wp\/v2\/product_cat?post=29051"},{"taxonomy":"product_tag","embeddable":true,"href":"https:\/\/prosafedz.com\/fr\/wp-json\/wp\/v2\/product_tag?post=29051"}],"curies":[{"name":"wp","href":"https:\/\/api.w.org\/{rel}","templated":true}]}}