{"id":29017,"date":"2018-10-24T11:30:12","date_gmt":"2018-10-24T10:30:12","guid":{"rendered":"https:\/\/prosafedz.com\/?post_type=product&#038;p=29017"},"modified":"2024-09-12T16:32:47","modified_gmt":"2024-09-12T14:32:47","slug":"gilet-paddok-8padg","status":"publish","type":"product","link":"https:\/\/prosafedz.com\/fr\/produit\/gilet-paddok-8padg\/","title":{"rendered":"Gilet PADDOCK PolyCoton R\u00e9f 8PADG"},"content":{"rendered":"<p><strong>LES + :<\/strong><\/p>\n<p><strong>&#8211; L\u00e9g\u00e8ret\u00e9.<\/strong><br \/>\n<strong>&#8211; Nombreuses poches.<\/strong><br \/>\n<strong>&#8211; Emmanchures renforc\u00e9es.<\/strong><br \/>\n<strong>&#8211; Serrage bas.<\/strong><\/p>\n<p><strong>EXEMPLES D\u2019APPLICATIONS<br \/>\n&#8211;<\/strong> Tous milieux de travail salissants<br \/>\n<strong>CONDITIONNEMENT DE VENTE<\/strong><br \/>\n<strong>&#8211;<\/strong> Emballage individuel<br \/>\n<strong>&#8211;<\/strong> Carton de 10 pi\u00e8ces<br \/>\n<strong>NORME(S)<\/strong><br \/>\nCet ensemble est conforme au mod\u00e8le de l\u2019\u00e9quipement de protection individuelle ayant fait l\u2019objet du Certificat de conformit\u00e9 <strong>AK 60023542 0001.<br \/>\n<\/strong>D\u00e9livr\u00e9e par<strong> T\u00dcV (organisme n\u00b0 0197)<br \/>\nCe mod\u00e8le est conforme \u00e0 la norme EN 340:2003<\/strong><\/p>\n","protected":false},"excerpt":{"rendered":"<p><strong>&#8211; Mati\u00e8re : 60 % coton \/ 40 % polyester 245 g\/m\u00b2.<\/strong><br \/>\n<strong>&#8211; Col droit.<\/strong><br \/>\n<strong>&#8211; Fermeture \u00e0 glissi\u00e8re simple jusqu\u2019en haut du col.<\/strong><br \/>\n<strong>&#8211; Emmanchures renforc\u00e9es.<\/strong><br \/>\n<strong>&#8211; Serrage bas \u00e9lastique avec bloque-cordons int\u00e9rieurs sur c\u00f4t\u00e9s.<\/strong><br \/>\n<strong>&#8211; 2 poches haut gauche range stylos.<\/strong><br \/>\n<strong>&#8211; 1 poche haut gauche t\u00e9l\u00e9phone.<\/strong><br \/>\n<strong>&#8211; 1 poche haut gauche fermeture \u00e0 glissi\u00e8re verticale.<\/strong><br \/>\n<strong>&#8211; 1 poche haut droit \u00e0 soufflet et rabat bande agrippante avec 4 range stylos.<\/strong><br \/>\n<strong>&#8211; 1 attache clef sous poche droite.<\/strong><br \/>\n<strong>&#8211; 1 poche bas gauche plaqu\u00e9e repose-mains.<\/strong><br \/>\n<strong>&#8211; 1 poche bas droite plaqu\u00e9e repose-mains.<\/strong><br \/>\n<strong>&#8211; 1 poche bas droite \u00e0 fermeture \u00e0 glissi\u00e8re horizontale.<\/strong><br \/>\n<strong>&#8211; 1 poche bas dos large avec 2 fermetures \u00e0 glissi\u00e8re verticale.<\/strong><\/p>\n<p><a href=\"https:\/\/prosafedz.com\/fr\/wp-content\/uploads\/2023\/07\/8PADG.pdf\" target=\"_blank\" rel=\"noopener noreferrer\"><button style=\"background-color: #90a96b; font-seize: 20px;\"><strong>T\u00e9l\u00e9charger La Fiche Technique<\/strong><\/button><\/a><\/p>\n","protected":false},"featured_media":34683,"template":"","meta":[],"product_brand":[],"product_cat":[64],"product_tag":[1344,63,1345],"class_list":{"0":"post-29017","1":"product","2":"type-product","3":"status-publish","4":"has-post-thumbnail","6":"product_cat-6-3-gilets-de-travail","7":"product_tag-gilet-paddock","8":"product_tag-gilet-paddok-8padg","9":"product_tag-polycoton-ref-8padg","10":"yith_product_brand-coverguard","11":"yith_product_brand-coverguard-workwear","13":"first","14":"instock","15":"shipping-taxable","16":"product-type-simple"},"_links":{"self":[{"href":"https:\/\/prosafedz.com\/fr\/wp-json\/wp\/v2\/product\/29017","targetHints":{"allow":["GET"]}}],"collection":[{"href":"https:\/\/prosafedz.com\/fr\/wp-json\/wp\/v2\/product"}],"about":[{"href":"https:\/\/prosafedz.com\/fr\/wp-json\/wp\/v2\/types\/product"}],"wp:featuredmedia":[{"embeddable":true,"href":"https:\/\/prosafedz.com\/fr\/wp-json\/wp\/v2\/media\/34683"}],"wp:attachment":[{"href":"https:\/\/prosafedz.com\/fr\/wp-json\/wp\/v2\/media?parent=29017"}],"wp:term":[{"taxonomy":"product_brand","embeddable":true,"href":"https:\/\/prosafedz.com\/fr\/wp-json\/wp\/v2\/product_brand?post=29017"},{"taxonomy":"product_cat","embeddable":true,"href":"https:\/\/prosafedz.com\/fr\/wp-json\/wp\/v2\/product_cat?post=29017"},{"taxonomy":"product_tag","embeddable":true,"href":"https:\/\/prosafedz.com\/fr\/wp-json\/wp\/v2\/product_tag?post=29017"}],"curies":[{"name":"wp","href":"https:\/\/api.w.org\/{rel}","templated":true}]}}