{"id":28989,"date":"2018-10-24T10:56:47","date_gmt":"2018-10-24T09:56:47","guid":{"rendered":"https:\/\/prosafedz.com\/?post_type=product&#038;p=28989"},"modified":"2024-09-15T09:55:34","modified_gmt":"2024-09-15T07:55:34","slug":"salopette-factory-8fabb-8fabw","status":"publish","type":"product","link":"https:\/\/prosafedz.com\/fr\/produit\/salopette-factory-8fabb-8fabw\/","title":{"rendered":"SALOPETTE FACTORY Bipants , PolyCoton  R\u00e9f. : 8FABB"},"content":{"rendered":"<p><strong>CONDITIONNEMENT<\/strong><br \/>\n\u2022 Emballage individuel<br \/>\n\u2022 20 cottes \u00e0 bretelles dans un carton<br \/>\n<strong>NORMALISATION<\/strong><br \/>\nCe mod\u00e8le est conforme \u00e0 la norme <strong>CE EN 340:2003<\/strong><\/p>\n","protected":false},"excerpt":{"rendered":"<p><strong>SALOPETTE FACTORY Bipants , PolyCoton R\u00e9f. : 8FABB<\/strong><br \/>\nMati\u00e8re ext\u00e9rieure &gt;&gt; 65% polyester, 35% coton<\/p>\n<p><strong>DESCRIPTIF G\u00c9N\u00c9RAL ET MATI\u00c8RES<\/strong><br \/>\n\u2022 Cotte \u00e0 bretelles type bleu de travail<br \/>\n\u2022 Mati\u00e8re : 35% coton, 65% polyester, 245 g\/m\u00b2<br \/>\n\u2022 Fermeture c\u00f4t\u00e9s \u00e0 boutons<br \/>\n\u2022 Braguette \u00e0 glissi\u00e8re avec rabat<br \/>\n\u2022 Bretelles r\u00e9glables avec fermoirs plastiques<br \/>\n\u2022 \u00c9lastiques au dos<br \/>\n\u2022 1 poche haut, plaqu\u00e9e, \u00e0 glissi\u00e8re<br \/>\n\u2022 2 poches devant, plaqu\u00e9es<br \/>\n\u2022 1 poche derri\u00e8re, plaqu\u00e9e, bouton pression<br \/>\n\u2022 1 poche porte m\u00e8tre plaqu\u00e9e<\/p>\n<p><a href=\"https:\/\/prosafedz.com\/fr\/wp-content\/uploads\/2018\/10\/8FABB_8FAWB-fr-sacla.pdf\n\" target=\"_blank\" rel=\"noopener noreferrer\"><button style=\"background-color: #90a96b; font-seize: 20px;\"><strong>T\u00e9l\u00e9charger La Fiche Technique<\/strong><\/button><\/a><\/p>\n","protected":false},"featured_media":32696,"template":"","meta":[],"product_brand":[],"product_cat":[32],"product_tag":[1356,49,1355],"class_list":{"0":"post-28989","1":"product","2":"type-product","3":"status-publish","4":"has-post-thumbnail","6":"product_cat-6-4-salopettes-et-combinaisons","7":"product_tag-polycoton-ref-8fabb","8":"product_tag-salopette-factory-8fabb-8fabw","9":"product_tag-salopette-factory-bipants","10":"yith_product_brand-coverguard-workwear","12":"first","13":"instock","14":"shipping-taxable","15":"product-type-simple"},"_links":{"self":[{"href":"https:\/\/prosafedz.com\/fr\/wp-json\/wp\/v2\/product\/28989","targetHints":{"allow":["GET"]}}],"collection":[{"href":"https:\/\/prosafedz.com\/fr\/wp-json\/wp\/v2\/product"}],"about":[{"href":"https:\/\/prosafedz.com\/fr\/wp-json\/wp\/v2\/types\/product"}],"wp:featuredmedia":[{"embeddable":true,"href":"https:\/\/prosafedz.com\/fr\/wp-json\/wp\/v2\/media\/32696"}],"wp:attachment":[{"href":"https:\/\/prosafedz.com\/fr\/wp-json\/wp\/v2\/media?parent=28989"}],"wp:term":[{"taxonomy":"product_brand","embeddable":true,"href":"https:\/\/prosafedz.com\/fr\/wp-json\/wp\/v2\/product_brand?post=28989"},{"taxonomy":"product_cat","embeddable":true,"href":"https:\/\/prosafedz.com\/fr\/wp-json\/wp\/v2\/product_cat?post=28989"},{"taxonomy":"product_tag","embeddable":true,"href":"https:\/\/prosafedz.com\/fr\/wp-json\/wp\/v2\/product_tag?post=28989"}],"curies":[{"name":"wp","href":"https:\/\/api.w.org\/{rel}","templated":true}]}}