{"id":28987,"date":"2018-10-24T10:54:34","date_gmt":"2018-10-24T09:54:34","guid":{"rendered":"https:\/\/prosafedz.com\/?post_type=product&#038;p=28987"},"modified":"2025-02-02T11:10:07","modified_gmt":"2025-02-02T10:10:07","slug":"salopette-navy-5nab","status":"publish","type":"product","link":"https:\/\/prosafedz.com\/fr\/produit\/salopette-navy-5nab\/","title":{"rendered":"SALOPETTE NAVY Bibpants , PolyCoton  R\u00e9f. : 5NAB"},"content":{"rendered":"<p><strong>NORMES<\/strong><br \/>\nCet \u00e9quipement est conforme \u00e0 la norme\u00a0<strong>CE\u00a0EN ISO 13688:2013<\/strong><br \/>\n<strong>DESIGN ET\u00a0<\/strong><b>TECHNICIT\u00c9<\/b><br \/>\n1. Fermeture<br \/>\n\u2022Bretelles ajustables<br \/>\n\u2022Fermetures \u00e0 glissi\u00e8re<br \/>\n\u2022Boutons pression sur le c\u00f4t\u00e9<br \/>\n2. Taille<br \/>\n\u2022\u00c9lastique dans le dos<br \/>\n3. Coutures<br \/>\n\u2022Doubles avec point de renfort<br \/>\n4. Poches et Anneaux<br \/>\n\u20221 poche \u00e0 glissi\u00e8re sur le devant<br \/>\n\u20221 poche t\u00e9l\u00e9phone<br \/>\n\u20221 porte-stylo<br \/>\n\u20222 poches italiennes<br \/>\n\u20221 poche m\u00e8tre<br \/>\n\u2022Anneau porte-outils<br \/>\n\u20221 passant porte-marteau<br \/>\n\u20222 poches de c\u00f4t\u00e9<br \/>\n\u20222 poches \u00e0 l\u2019arri\u00e8re<br \/>\n5. Genouill\u00e8re<br \/>\n\u20222 emplacements (compatible avec 8KNEE)<br \/>\n6. Serrage au bas des jambes<br \/>\n\u2022Par bandes agrippantes<br \/>\n7. S\u00e9rigraphie<br \/>\n\u2022Nous contacter avant toute op\u00e9ration<br \/>\n<strong>CONDITIONNEMENT<\/strong><br \/>\nEmballage Individuel<br \/>\n10 pi\u00e8ces dans 1 carton<\/p>\n","protected":false},"excerpt":{"rendered":"<p><span style=\"color: #ff0000;\"><strong>SALOPETTE NAVY 5NAVB<\/strong><\/span><br \/>\n<strong>COTTE \u00c0 BRETELLES<\/strong><br \/>\nFermeture &gt;&gt; Ouverture c\u00f4t\u00e9s \u00e0 boutons. Braguette \u00e0 glissi\u00e8re<br \/>\navec rabat. Bretelles r\u00e9glables avec fermoirs plastiques<br \/>\nSerrage &gt;&gt; c\u00f4t\u00e9s \u00e9lastique, bandes agrippantes en bas des jambes.<br \/>\nGenoux &gt;&gt; Emplacement pour genouill\u00e8res de protection.<\/p>\n<p><a href=\"https:\/\/prosafedz.com\/fr\/wp-content\/uploads\/2018\/10\/8NAVB-fr-wep.pdf \" target=\"_blank\" rel=\"noopener noreferrer\"><button style=\"background-color: #90a96b; font-seize: 20px;\"><strong>T\u00e9l\u00e9charger La Fiche Technique<\/strong><\/button><\/a><\/p>\n","protected":false},"featured_media":35411,"template":"","meta":[],"product_brand":[],"product_cat":[32,1065],"product_tag":[1790,1791,1792,1346],"class_list":{"0":"post-28987","1":"product","2":"type-product","3":"status-publish","4":"has-post-thumbnail","6":"product_cat-6-4-salopettes-et-combinaisons","7":"product_cat-6-vetements-de-travail","8":"product_tag-navy-bibpants-poly-coton-5navb","9":"product_tag-polycoton-ref-5navb","10":"product_tag-salopette-navy-5navb","11":"product_tag-salopette-navy-bibpants","12":"yith_product_brand-coverguard-workwear","14":"first","15":"instock","16":"shipping-taxable","17":"product-type-simple"},"_links":{"self":[{"href":"https:\/\/prosafedz.com\/fr\/wp-json\/wp\/v2\/product\/28987","targetHints":{"allow":["GET"]}}],"collection":[{"href":"https:\/\/prosafedz.com\/fr\/wp-json\/wp\/v2\/product"}],"about":[{"href":"https:\/\/prosafedz.com\/fr\/wp-json\/wp\/v2\/types\/product"}],"wp:featuredmedia":[{"embeddable":true,"href":"https:\/\/prosafedz.com\/fr\/wp-json\/wp\/v2\/media\/35411"}],"wp:attachment":[{"href":"https:\/\/prosafedz.com\/fr\/wp-json\/wp\/v2\/media?parent=28987"}],"wp:term":[{"taxonomy":"product_brand","embeddable":true,"href":"https:\/\/prosafedz.com\/fr\/wp-json\/wp\/v2\/product_brand?post=28987"},{"taxonomy":"product_cat","embeddable":true,"href":"https:\/\/prosafedz.com\/fr\/wp-json\/wp\/v2\/product_cat?post=28987"},{"taxonomy":"product_tag","embeddable":true,"href":"https:\/\/prosafedz.com\/fr\/wp-json\/wp\/v2\/product_tag?post=28987"}],"curies":[{"name":"wp","href":"https:\/\/api.w.org\/{rel}","templated":true}]}}