{"id":28983,"date":"2018-10-24T10:50:19","date_gmt":"2018-10-24T08:50:19","guid":{"rendered":"https:\/\/prosafedz.com\/?post_type=product&#038;p=28983"},"modified":"2023-07-27T11:29:47","modified_gmt":"2023-07-27T09:29:47","slug":"combinaison-100-coton-avec-bondes-reflichissantes-8fhbc","status":"publish","type":"product","link":"https:\/\/prosafedz.com\/fr\/produit\/combinaison-100-coton-avec-bondes-reflichissantes-8fhbc\/","title":{"rendered":"Combinaison 100% Coton avec bande r\u00e9fl\u00e9chissante R\u00e9f 8FHBC"},"content":{"rendered":"<p><strong>CONDITIONNEMENT DE VENTE<br \/>\n&#8211;<\/strong> 10 pi\u00e8ces par carton<br \/>\n<strong>NORME(S)<\/strong><br \/>\nCette combinaison est conforme au mod\u00e8le de l\u2019\u00e9quipement de protection individuelle : <strong>EN 340:2003.<\/strong><\/p>\n","protected":false},"excerpt":{"rendered":"<p><strong>&#8211; Mat\u00e9riel : 100 % coton.<\/strong><\/p>\n<p><strong>&#8211; Poids : 245 g\/m\u00b2.<\/strong><\/p>\n<p><strong>&#8211; Signalisation : Bandes R\u00e9fl\u00e9chissantes sur les \u00e9paules , les bras et en dessous des genoux.<\/strong><\/p>\n<p><strong>&#8211; Fermeture : Fermeture \u00e0 glissi\u00e8re en m\u00e9tal.<\/strong><\/p>\n<p><strong>&#8211; Col : Col Classique.<\/strong><\/p>\n<p><strong>&#8211; Poches : 02 poches ext\u00e9rieures hautes plaqu\u00e9s- 02 poches ext\u00e9rieures basses plaqu\u00e9es.<\/strong><\/p>\n<p><a href=\"https:\/\/prosafedz.com\/fr\/wp-content\/uploads\/2023\/07\/8FHBC.pdf\" target=\"_blank\" rel=\"noopener noreferrer\"><button style=\"background-color: #90a96b; font-seize: 20px;\"><strong>T\u00e9l\u00e9charger La Fiche Technique<\/strong><\/button><\/a><\/p>\n","protected":false},"featured_media":34694,"template":"","meta":[],"product_brand":[],"product_cat":[32],"product_tag":[1358,44],"class_list":{"0":"post-28983","1":"product","2":"type-product","3":"status-publish","4":"has-post-thumbnail","6":"product_cat-6-4-salopettes-et-combinaisons","7":"product_tag-combinaison-100-coton-avec-bande-reflechissante-ref-8fhbc","8":"product_tag-combinaison-100-coton-avec-bandes-reflechissantes-8fhbc","9":"yith_product_brand-europrotection","11":"first","12":"instock","13":"shipping-taxable","14":"product-type-simple"},"_links":{"self":[{"href":"https:\/\/prosafedz.com\/fr\/wp-json\/wp\/v2\/product\/28983","targetHints":{"allow":["GET"]}}],"collection":[{"href":"https:\/\/prosafedz.com\/fr\/wp-json\/wp\/v2\/product"}],"about":[{"href":"https:\/\/prosafedz.com\/fr\/wp-json\/wp\/v2\/types\/product"}],"wp:featuredmedia":[{"embeddable":true,"href":"https:\/\/prosafedz.com\/fr\/wp-json\/wp\/v2\/media\/34694"}],"wp:attachment":[{"href":"https:\/\/prosafedz.com\/fr\/wp-json\/wp\/v2\/media?parent=28983"}],"wp:term":[{"taxonomy":"product_brand","embeddable":true,"href":"https:\/\/prosafedz.com\/fr\/wp-json\/wp\/v2\/product_brand?post=28983"},{"taxonomy":"product_cat","embeddable":true,"href":"https:\/\/prosafedz.com\/fr\/wp-json\/wp\/v2\/product_cat?post=28983"},{"taxonomy":"product_tag","embeddable":true,"href":"https:\/\/prosafedz.com\/fr\/wp-json\/wp\/v2\/product_tag?post=28983"}],"curies":[{"name":"wp","href":"https:\/\/api.w.org\/{rel}","templated":true}]}}