{"id":28969,"date":"2018-10-24T10:36:00","date_gmt":"2018-10-24T09:36:00","guid":{"rendered":"https:\/\/prosafedz.com\/?post_type=product&#038;p=28969"},"modified":"2025-02-16T09:55:21","modified_gmt":"2025-02-16T08:55:21","slug":"combinaison-navy-8navc","status":"publish","type":"product","link":"https:\/\/prosafedz.com\/fr\/produit\/combinaison-navy-8navc\/","title":{"rendered":"Combinaison NAVY PolyCoton R\u00e9f 5NAC050"},"content":{"rendered":"<p><strong>LES + :<\/strong><\/p>\n<p><strong>&#8211; L\u2019incontournable.<\/strong><br \/>\n<strong>&#8211; S&rsquo;adapte \u00e0 toutes les situations.<\/strong><br \/>\n<strong>&#8211; Fonctionnel.<\/strong><\/p>\n<p><strong>SECTEURS<br \/>\n&#8211;<\/strong> Industries l\u00e9g\u00e8res<br \/>\n<strong>&#8211;<\/strong> Infrastructures, BTP, TP<br \/>\n<strong>&#8211;<\/strong> Bricolage<br \/>\n<strong>&#8211;<\/strong> Transport (hors fabrication) et logistique<br \/>\n<strong>CONDITIONNEMENT DE VENTE<\/strong><br \/>\n<strong>&#8211;<\/strong> Emballage individuel<br \/>\n<strong>NORME(S)<\/strong><br \/>\n<strong>EN14404:2004+A1:2010<\/strong> Protection des genoux pour le travail \u00e0 genoux<\/p>\n","protected":false},"excerpt":{"rendered":"<p><strong>&#8211; Couleur : Marine.<\/strong><br \/>\n<strong>&#8211; Couleur 2 : Gris.<\/strong><br \/>\n<strong>&#8211; Mati\u00e8re : Serg\u00e9: 60% Coton \/ 40% Polyester &#8211; 245g\/m\u00b2.<\/strong><br \/>\n<strong>&#8211; Col : Col montant, Vignette d\u2019identification.<\/strong><br \/>\n<strong>&#8211; Fermeture : Zip central sous rabat \u00e0 scratchs cach\u00e9s.<\/strong><br \/>\n<strong>&#8211; Ceinture : Ceinture \u00e9lastiqu\u00e9e c\u00f4t\u00e9s.<\/strong><br \/>\n<strong>&#8211; Poches : 2 poches poitrine zipp\u00e9es \/ 2 poches poitrine \u00e0 soufflet avec rabat \/ Multiples poches stylos \/ 1 poche manche \u00e0 soufflet \/ 2 poches italiennes \u00e0 soufflet \/ 2 poches revolver au dos \u00e0 rabat \/ 2 poches cargo \/ 1 poche cuisse t\u00e9l\u00e9phone ferm\u00e9e par patte.<\/strong><br \/>\n<strong>&#8211; Sangle : Boucle porte badge \/ 1 sangle porte marteau \/ 1 sangle porte-outils.<\/strong><br \/>\n<strong>&#8211; Jambes : Genoux pr\u00e9form\u00e9s.<\/strong><br \/>\n<strong>&#8211; Renforts empi\u00e8cements : Poches genoux en serg\u00e9, ouverture par le bas.<\/strong><br \/>\n<strong>&#8211; Serrage : Poignet + Bas de jambe r\u00e9glable par scratch.<\/strong><br \/>\n<strong>&#8211; Finitions d\u00e9tails : Contrastes de couleur: tissu et finitions.<\/strong><br \/>\n<strong>&#8211; Coupe : Coupe confort.<\/strong><\/p>\n<p><a href=\"https:\/\/prosafedz.com\/fr\/wp-content\/uploads\/2023\/07\/5NAC050.pdf\" target=\"_blank\" rel=\"noopener noreferrer\"><button style=\"background-color: #90a96b; font-seize: 20px;\"><strong>T\u00e9l\u00e9charger La Fiche Technique<\/strong><\/button><\/a><\/p>\n","protected":false},"featured_media":34704,"template":"","meta":[],"product_brand":[],"product_cat":[32],"product_tag":[33,1348,1349],"class_list":{"0":"post-28969","1":"product","2":"type-product","3":"status-publish","4":"has-post-thumbnail","6":"product_cat-6-4-salopettes-et-combinaisons","7":"product_tag-combinaison-navy-8navc","8":"product_tag-combinaison-navy-combinaison-de-travail","9":"product_tag-polycoton-ref-8navc","10":"yith_product_brand-coverguard","11":"yith_product_brand-coverguard-workwear","13":"first","14":"instock","15":"shipping-taxable","16":"product-type-simple"},"_links":{"self":[{"href":"https:\/\/prosafedz.com\/fr\/wp-json\/wp\/v2\/product\/28969","targetHints":{"allow":["GET"]}}],"collection":[{"href":"https:\/\/prosafedz.com\/fr\/wp-json\/wp\/v2\/product"}],"about":[{"href":"https:\/\/prosafedz.com\/fr\/wp-json\/wp\/v2\/types\/product"}],"wp:featuredmedia":[{"embeddable":true,"href":"https:\/\/prosafedz.com\/fr\/wp-json\/wp\/v2\/media\/34704"}],"wp:attachment":[{"href":"https:\/\/prosafedz.com\/fr\/wp-json\/wp\/v2\/media?parent=28969"}],"wp:term":[{"taxonomy":"product_brand","embeddable":true,"href":"https:\/\/prosafedz.com\/fr\/wp-json\/wp\/v2\/product_brand?post=28969"},{"taxonomy":"product_cat","embeddable":true,"href":"https:\/\/prosafedz.com\/fr\/wp-json\/wp\/v2\/product_cat?post=28969"},{"taxonomy":"product_tag","embeddable":true,"href":"https:\/\/prosafedz.com\/fr\/wp-json\/wp\/v2\/product_tag?post=28969"}],"curies":[{"name":"wp","href":"https:\/\/api.w.org\/{rel}","templated":true}]}}