{"id":28910,"date":"2018-10-23T18:02:31","date_gmt":"2018-10-23T17:02:31","guid":{"rendered":"https:\/\/prosafedz.com\/?post_type=product&#038;p=28910"},"modified":"2024-09-15T12:19:31","modified_gmt":"2024-09-15T10:19:31","slug":"gants-en-cuir-maitrise-2208-2209-2210-2211","status":"publish","type":"product","link":"https:\/\/prosafedz.com\/fr\/produit\/gants-en-cuir-maitrise-2208-2209-2210-2211\/","title":{"rendered":"Gant ma\u00eetrise tout fleur vachette sup\u00e9rieure beige R\u00e9f 2210"},"content":{"rendered":"<p><strong>AVANTAGES\u00a0<\/strong><b>SP\u00c9CIFIQUES<\/b><br \/>\n<strong>&#8211;<\/strong> Confort<br \/>\n<strong>&#8211;<\/strong> Souplesse<br \/>\n<strong>&#8211;<\/strong> Dext\u00e9rit\u00e9<br \/>\n<strong>&#8211;<\/strong> Bonne dur\u00e9e de vie<br \/>\n<strong>PRINCIPAUX DOMAINES D\u2019UTILISATION<\/strong><br \/>\n<strong>&#8211;<\/strong> Travaux courants et m\u00e9caniques<br \/>\n<strong>&#8211;<\/strong> M\u00e9tiers du stockage<br \/>\n<strong>&#8211;<\/strong> Montage et manutention<br \/>\n<strong>&#8211;<\/strong> Bricolage\/jardinage<br \/>\n<strong>CONDITIONNEMENT<\/strong><br \/>\n<strong>&#8211;<\/strong> Emball\u00e9s par 12 paires<br \/>\n<strong>&#8211;<\/strong> Carton de 120 paires<br \/>\n<strong>NORMALISATION<\/strong><br \/>\nCe gant est conforme au mod\u00e8le de l\u2019\u00e9quipement de protection individuelle ayant fait l\u2019objet de l\u2019attestation CE de type<strong> N\u00b0 6325 Issue 1.<\/strong><br \/>\nD\u00e9livr\u00e9e par<strong> SATRA (organisme n\u00b0 0321)<br \/>\nEN 420:2003 + A1:2009<br \/>\nEN 388:2003<br \/>\n&#8211;<\/strong> Abrasion = 3\/4<br \/>\n<strong>&#8211;<\/strong> Coupure par tranchage = 1\/5<br \/>\n<strong>&#8211;<\/strong> D\u00e9chirure = 2\/4<br \/>\n<strong>&#8211;<\/strong> Perforation = 2\/4<\/p>\n","protected":false},"excerpt":{"rendered":"<p><strong>&#8211; Tout fleur de vachette.<\/strong><\/p>\n<p><strong>&#8211; Poignet \u00e9lastiqu\u00e9.<\/strong><\/p>\n<p><strong>&#8211; Pouce palm\u00e9.<\/strong><\/p>\n<p><strong>&#8211; Qualit\u00e9 sup\u00e9rieure.<\/strong><\/p>\n<p><a href=\"http:\/\/prosafedz.com\/fr\/wp-content\/uploads\/2022\/09\/2210.pdf\" target=\"_blank\" rel=\"noopener noreferrer\"><button style=\"background-color: #90a96b; font-seize: 20px;\"><strong>T\u00e9l\u00e9charger La Fiche Technique<\/strong><\/button><\/a><\/p>\n","protected":false},"featured_media":34109,"template":"","meta":[],"product_brand":[],"product_cat":[22],"product_tag":[20,21,1169],"class_list":{"0":"post-28910","1":"product","2":"type-product","3":"status-publish","4":"has-post-thumbnail","6":"product_cat-5-4-gants-maitrise","7":"product_tag-gant-maitrise-tout-fleur-vachette-superieure-beige-2208-2209-2210-2211","8":"product_tag-gants-en-cuir-maitrise-2208-2209-2210-2211","9":"product_tag-gants-maitrise-tout-fleur-vachette-superieure-beige-ref-2210","10":"yith_product_brand-eurotechnique","12":"first","13":"instock","14":"shipping-taxable","15":"product-type-simple"},"_links":{"self":[{"href":"https:\/\/prosafedz.com\/fr\/wp-json\/wp\/v2\/product\/28910","targetHints":{"allow":["GET"]}}],"collection":[{"href":"https:\/\/prosafedz.com\/fr\/wp-json\/wp\/v2\/product"}],"about":[{"href":"https:\/\/prosafedz.com\/fr\/wp-json\/wp\/v2\/types\/product"}],"wp:featuredmedia":[{"embeddable":true,"href":"https:\/\/prosafedz.com\/fr\/wp-json\/wp\/v2\/media\/34109"}],"wp:attachment":[{"href":"https:\/\/prosafedz.com\/fr\/wp-json\/wp\/v2\/media?parent=28910"}],"wp:term":[{"taxonomy":"product_brand","embeddable":true,"href":"https:\/\/prosafedz.com\/fr\/wp-json\/wp\/v2\/product_brand?post=28910"},{"taxonomy":"product_cat","embeddable":true,"href":"https:\/\/prosafedz.com\/fr\/wp-json\/wp\/v2\/product_cat?post=28910"},{"taxonomy":"product_tag","embeddable":true,"href":"https:\/\/prosafedz.com\/fr\/wp-json\/wp\/v2\/product_tag?post=28910"}],"curies":[{"name":"wp","href":"https:\/\/api.w.org\/{rel}","templated":true}]}}